{"id":12689,"date":"2025-05-29T13:00:01","date_gmt":"2025-05-29T13:00:01","guid":{"rendered":"http:\/\/trips-adam.com\/?post_type=product&#038;p=12689"},"modified":"2026-04-02T05:31:46","modified_gmt":"2026-04-02T05:31:46","slug":"seascope-halb-u-boot","status":"publish","type":"product","link":"http:\/\/trips-adam.com\/de\/produkt\/seascope-halb-u-boot\/","title":{"rendered":"Seascope Halb-U-Boot"},"content":{"rendered":"<h2>\u00dcberblick<\/h2>\n<h2>Seascope Halb-U-Boot<\/h2>\n<p>Beginnen Sie Ihr Abenteuer mit der Abholung vom Hotel in einem klimatisierten Fahrzeug zur Hurghada Marina. Genie\u00dfen Sie eine malerische Fahrt mit einem Halb-U-Boot und genie\u00dfen Sie einen Panoramablick auf die Unterwasserwelt mit ihren farbenfrohen Korallenriffen und der faszinierenden Meereswelt. Nach der U-Boot-Fahrt setzen Sie Ihre Reise mit einer F\u00fchrung zu Hurghadas ber\u00fchmtesten religi\u00f6sen Sehensw\u00fcrdigkeiten fort. Besuchen Sie die wundersch\u00f6ne koptische Kirche, bewundern Sie ihre Architektur und erfahren Sie mehr \u00fcber die christliche Gemeinde in \u00c4gypten. Besuchen Sie anschlie\u00dfend die gro\u00dfe Al-Mina-Moschee, ein beeindruckendes Beispiel islamischer Architektur, und genie\u00dfen Sie die friedliche Atmosph\u00e4re.<\/p>\n<p>Nach der Tour werden Sie bequem zu Ihrem Hotel zur\u00fcckgebracht und haben ein tieferes Verst\u00e4ndnis f\u00fcr die kulturelle und religi\u00f6se Vielfalt Hurghadas gewonnen.<\/p>\n<div class=\"vc_row wpb_row vc_row-fluid\">\n<div class=\"wpb_column vc_column_container vc_col-sm-12\">\n<div class=\"vc_column-inner\">\n<div class=\"wpb_wrapper\">\n<div class=\"heading left\">\n<h3><strong>Highlights:<\/strong><\/h3>\n<\/div>\n<\/div>\n<\/div>\n<\/div>\n<\/div>\n<div class=\"vc_row wpb_row vc_row-fluid\">\n<div class=\"wpb_column vc_column_container vc_col-sm-12\">\n<div class=\"vc_column-inner\">\n<div class=\"wpb_wrapper\">\n<div class=\"wpb_text_column wpb_content_element \">\n<div class=\"wpb_wrapper\">\n<ul>\n<li>Abholung und R\u00fccktransport vom Hotel in einem klimatisierten Fahrzeug<\/li>\n<li>Malerische Fahrt im Halb-U-Boot mit Panoramablick unter Wasser<\/li>\n<li>Entdecken Sie lebendige Korallenriffe und Meereslebewesen<\/li>\n<li>Besuchen Sie die wundersch\u00f6ne koptische Kirche in Hurghada<\/li>\n<li>Entdecken Sie die beeindruckende Al-Mina-Moschee und ihre islamische Architektur<\/li>\n<li>Erfahren Sie mehr \u00fcber Hurghadas kulturelle und religi\u00f6se Vielfalt<\/li>\n<\/ul>\n<\/div>\n<\/div>\n<\/div>\n<\/div>\n<\/div>\n<\/div>\n<div class=\"highlights\">\n<div class=\"heading left\">\n<h3><strong>Was soll ich mitnehmen?<\/strong><\/h3>\n<\/div>\n<div class=\"wpb_text_column wpb_content_element \">\n<div class=\"wpb_wrapper\">\n<ul>\n<li>Foto- und Videoausr\u00fcstung<\/li>\n<li>Kopfbedeckung (M\u00fctze oder Schal)<\/li>\n<li>Sonnenbrille<\/li>\n<li>Sonnencreme<\/li>\n<li>Handtuch<\/li>\n<li>Bademode<\/li>\n<\/ul>\n<h3><strong>Dauer<\/strong><\/h3>\n<p>Erste Reise:<\/p>\n<p>Abholung: Gegen 08:00 Uhr (abh\u00e4ngig vom Standort Ihres Hotels in Hurghada).<\/p>\n<p>Zweite Reise:<\/p>\n<p>Abholung: Gegen 10:00 Uhr (abh\u00e4ngig von der Lage Ihres Hotels in Hurghada)<\/p>\n<p>Die dritte Reise:<\/p>\n<p>Abholung: Gegen 12:00 Uhr (abh\u00e4ngig vom Standort Ihres Hotels in Hurghada).<\/p>\n<p>Vierte Reise:<\/p>\n<p>Abholung: Gegen 14:00 Uhr (abh\u00e4ngig von der Lage Ihres Hotels in Hurghada)<\/p>\n<ul>\n<li>Bitte w\u00e4hlen Sie Ihre Abholzeit und teilen Sie uns diese in den Buchungshinweisen mit.<\/li>\n<\/ul>\n<h5><\/h5>\n<\/div>\n<\/div>\n<\/div>\n<div id=\"tour-included-excluded\" class=\"content-product-item tour-included-excluded-wrapper\"><\/div>\n","protected":false},"excerpt":{"rendered":"<p>\u00dcberblick Seascope Halb-U-Boot Beginnen Sie Ihr Abenteuer mit der Abholung vom Hotel in einem klimatisierten Fahrzeug zur Hurghada Marina. Genie\u00dfen Sie eine malerische Fahrt mit einem Halb-U-Boot und genie\u00dfen Sie einen Panoramablick auf die Unterwasserwelt mit ihren farbenfrohen Korallenriffen und der faszinierenden Meereswelt. Nach der U-Boot-Fahrt setzen Sie Ihre Reise mit einer F\u00fchrung zu Hurghadas ber\u00fchmtesten religi\u00f6sen Sehensw\u00fcrdigkeiten fort. Besuchen Sie die wundersch\u00f6ne koptische Kirche, bewundern Sie ihre Architektur und erfahren Sie mehr \u00fcber die christliche Gemeinde in \u00c4gypten. Besuchen Sie anschlie\u00dfend die gro\u00dfe Al-Mina-Moschee, ein beeindruckendes Beispiel islamischer Architektur, und genie\u00dfen Sie die friedliche Atmosph\u00e4re. Nach der Tour werden Sie bequem zu Ihrem Hotel zur\u00fcckgebracht und haben ein tieferes Verst\u00e4ndnis f\u00fcr die kulturelle und religi\u00f6se Vielfalt Hurghadas gewonnen. Highlights: Abholung und R\u00fccktransport vom Hotel in einem klimatisierten Fahrzeug Malerische Fahrt im Halb-U-Boot mit Panoramablick unter Wasser Entdecken Sie lebendige Korallenriffe und Meereslebewesen Besuchen Sie die wundersch\u00f6ne koptische Kirche in Hurghada Entdecken Sie die beeindruckende Al-Mina-Moschee und ihre islamische Architektur Erfahren Sie mehr \u00fcber Hurghadas kulturelle und religi\u00f6se Vielfalt Was soll ich mitnehmen? Foto- und Videoausr\u00fcstung Kopfbedeckung (M\u00fctze oder Schal) Sonnenbrille Sonnencreme Handtuch Bademode Dauer Erste Reise: Abholung: Gegen 08:00 Uhr (abh\u00e4ngig vom Standort Ihres Hotels in Hurghada). Zweite Reise: Abholung: Gegen 10:00 Uhr (abh\u00e4ngig von der Lage Ihres Hotels in Hurghada) Die dritte Reise: Abholung: Gegen 12:00 Uhr (abh\u00e4ngig vom Standort Ihres Hotels in Hurghada). Vierte Reise: Abholung: Gegen 14:00 Uhr (abh\u00e4ngig von der Lage Ihres Hotels in Hurghada) Bitte w\u00e4hlen Sie Ihre Abholzeit und teilen Sie uns diese in den Buchungshinweisen mit.<\/p>\n","protected":false},"featured_media":12690,"comment_status":"open","ping_status":"closed","template":"","meta":{"_monsterinsights_skip_tracking":false,"_monsterinsights_sitenote_active":false,"_monsterinsights_sitenote_note":"","_monsterinsights_sitenote_category":0},"product_brand":[],"product_cat":[91,94],"product_tag":[],"class_list":{"0":"post-12689","1":"product","2":"type-product","3":"status-publish","4":"has-post-thumbnail","6":"product_cat-seereisen","7":"product_cat-familienausfluege","9":"first","10":"instock","11":"shipping-taxable","12":"purchasable","13":"product-type-ovabrw_car_rental"},"_links":{"self":[{"href":"http:\/\/trips-adam.com\/de\/wp-json\/wp\/v2\/product\/12689","targetHints":{"allow":["GET"]}}],"collection":[{"href":"http:\/\/trips-adam.com\/de\/wp-json\/wp\/v2\/product"}],"about":[{"href":"http:\/\/trips-adam.com\/de\/wp-json\/wp\/v2\/types\/product"}],"replies":[{"embeddable":true,"href":"http:\/\/trips-adam.com\/de\/wp-json\/wp\/v2\/comments?post=12689"}],"wp:featuredmedia":[{"embeddable":true,"href":"http:\/\/trips-adam.com\/de\/wp-json\/wp\/v2\/media\/12690"}],"wp:attachment":[{"href":"http:\/\/trips-adam.com\/de\/wp-json\/wp\/v2\/media?parent=12689"}],"wp:term":[{"taxonomy":"product_brand","embeddable":true,"href":"http:\/\/trips-adam.com\/de\/wp-json\/wp\/v2\/product_brand?post=12689"},{"taxonomy":"product_cat","embeddable":true,"href":"http:\/\/trips-adam.com\/de\/wp-json\/wp\/v2\/product_cat?post=12689"},{"taxonomy":"product_tag","embeddable":true,"href":"http:\/\/trips-adam.com\/de\/wp-json\/wp\/v2\/product_tag?post=12689"}],"curies":[{"name":"wp","href":"https:\/\/api.w.org\/{rel}","templated":true}]}}