{"id":12810,"date":"2025-05-29T13:22:46","date_gmt":"2025-05-29T13:22:46","guid":{"rendered":"http:\/\/trips-adam.com\/?post_type=product&#038;p=12810"},"modified":"2026-04-02T05:29:36","modified_gmt":"2026-04-02T05:29:36","slug":"parasailing","status":"publish","type":"product","link":"http:\/\/trips-adam.com\/de\/produkt\/parasailing\/","title":{"rendered":"Parasailing"},"content":{"rendered":"<ul>\n<li class=\"nonelist\">\n<ul>\n<li>Bitte w\u00e4hlen Sie Ihre Abholzeit und teilen Sie uns diese in den Buchungshinweisen mit.<br \/>\n<h2>\u00dcberblick<\/h2>\n<ul>\n<li>Wir holen Sie von Ihrem Hotel ab und bringen Sie zum Aktivit\u00e4tsort.<\/li>\n<li>Erh\u00f6hen Sie Ihre Sinne mit unserem Parasailing-Erlebnis zu neuen H\u00f6hen der Sinne.<\/li>\n<li>Lassen Sie etwa 5 Minuten lang das Adrenalin mit dem Wunder des Anblicks des glitzernden t\u00fcrkisfarbenen Wassers vermischen.<\/li>\n<li>Dieses Abenteuer bietet atemberaubende Panoramablicke und erm\u00f6glicht Ihnen einen Flug \u00fcber die K\u00fcstenlandschaft aus einer einzigartigen Perspektive.<\/li>\n<li>Ein Fahrer erwartet Sie, um Sie zur\u00fcck zu Ihrem Hotel zu bringen<\/li>\n<\/ul>\n<p>SGL 30 Eu<\/p>\n<p>DBL 40 Eu<\/p>\n<p>&nbsp;<\/p>\n<h3><strong>Dauer: nach Anfrage<\/strong><\/h3>\n<\/li>\n<\/ul>\n<div id=\"tour-included-excluded\" class=\"content-product-item tour-included-excluded-wrapper\"><\/div>\n<\/li>\n<\/ul>\n","protected":false},"excerpt":{"rendered":"<p>Bitte w\u00e4hlen Sie Ihre Abholzeit und teilen Sie uns diese in den Buchungshinweisen mit. \u00dcberblick Wir holen Sie von Ihrem Hotel ab und bringen Sie zum Aktivit\u00e4tsort. Erh\u00f6hen Sie Ihre Sinne mit unserem Parasailing-Erlebnis zu neuen H\u00f6hen der Sinne. Lassen Sie etwa 5 Minuten lang das Adrenalin mit dem Wunder des Anblicks des glitzernden t\u00fcrkisfarbenen Wassers vermischen. Dieses Abenteuer bietet atemberaubende Panoramablicke und erm\u00f6glicht Ihnen einen Flug \u00fcber die K\u00fcstenlandschaft aus einer einzigartigen Perspektive. Ein Fahrer erwartet Sie, um Sie zur\u00fcck zu Ihrem Hotel zu bringen SGL 30 Eu DBL 40 Eu &nbsp; Dauer: nach Anfrage<\/p>\n","protected":false},"featured_media":12811,"comment_status":"open","ping_status":"closed","template":"","meta":{"_monsterinsights_skip_tracking":false,"_monsterinsights_sitenote_active":false,"_monsterinsights_sitenote_note":"","_monsterinsights_sitenote_category":0},"product_brand":[],"product_cat":[91],"product_tag":[],"class_list":{"0":"post-12810","1":"product","2":"type-product","3":"status-publish","4":"has-post-thumbnail","6":"product_cat-seereisen","8":"first","9":"instock","10":"shipping-taxable","11":"purchasable","12":"product-type-ovabrw_car_rental"},"_links":{"self":[{"href":"http:\/\/trips-adam.com\/de\/wp-json\/wp\/v2\/product\/12810","targetHints":{"allow":["GET"]}}],"collection":[{"href":"http:\/\/trips-adam.com\/de\/wp-json\/wp\/v2\/product"}],"about":[{"href":"http:\/\/trips-adam.com\/de\/wp-json\/wp\/v2\/types\/product"}],"replies":[{"embeddable":true,"href":"http:\/\/trips-adam.com\/de\/wp-json\/wp\/v2\/comments?post=12810"}],"wp:featuredmedia":[{"embeddable":true,"href":"http:\/\/trips-adam.com\/de\/wp-json\/wp\/v2\/media\/12811"}],"wp:attachment":[{"href":"http:\/\/trips-adam.com\/de\/wp-json\/wp\/v2\/media?parent=12810"}],"wp:term":[{"taxonomy":"product_brand","embeddable":true,"href":"http:\/\/trips-adam.com\/de\/wp-json\/wp\/v2\/product_brand?post=12810"},{"taxonomy":"product_cat","embeddable":true,"href":"http:\/\/trips-adam.com\/de\/wp-json\/wp\/v2\/product_cat?post=12810"},{"taxonomy":"product_tag","embeddable":true,"href":"http:\/\/trips-adam.com\/de\/wp-json\/wp\/v2\/product_tag?post=12810"}],"curies":[{"name":"wp","href":"https:\/\/api.w.org\/{rel}","templated":true}]}}