{"id":12995,"date":"2025-05-29T14:00:30","date_gmt":"2025-05-29T14:00:30","guid":{"rendered":"http:\/\/trips-adam.com\/?post_type=product&#038;p=12995"},"modified":"2026-04-02T05:30:34","modified_gmt":"2026-04-02T05:30:34","slug":"super-safari","status":"publish","type":"product","link":"http:\/\/trips-adam.com\/de\/produkt\/super-safari\/","title":{"rendered":"Super Safari"},"content":{"rendered":"<ul>\n<li class=\"nonelist\">\n<div class=\"elementor-element elementor-element-f85dd7f elementor-widget elementor-widget-heading\" data-id=\"f85dd7f\" data-element_type=\"widget\" data-widget_type=\"heading.default\">\n<div class=\"elementor-widget-container\">\n<h2 class=\"elementor-heading-title elementor-size-default\">\u00dcberblick<\/h2>\n<\/div>\n<\/div>\n<div class=\"elementor-element elementor-element-23592fac elementor-widget elementor-widget-babe-item-content\" data-id=\"23592fac\" data-element_type=\"widget\" data-widget_type=\"babe-item-content.default\">\n<div class=\"elementor-widget-container\">\n<div class=\"elementor-widget-inner\">\n<div class=\"triply-single-content\">\n<h2>Sahara Safari \u2013 Quad, Buggy, Jeep &amp; Show<\/h2>\n<p>Erkunden Sie die Sahara mit den Beduinen: Quad, Buggy, Jeep, Dorfbesuch und traditionelle Show mit All-you-can-eat-Buffet.<\/p>\n<p>&nbsp;<\/p>\n<h3><strong>Wochentage und Dauer:<\/strong><\/h3>\n<p>T\u00e4glich verf\u00fcgbar.<\/p>\n<p>Aktivit\u00e4t nur am Nachmittag \u2013 R\u00fcckkehr wird gegen 19 Uhr erwartet.<\/p>\n<div class=\"container\">\n<div class=\"trip-insight \">\n<div class=\"insight-list-wrap row owl-carousel owl-theme owl-responsive-700 owl-loaded\">\n<div class=\"owl-controls\">\n<div class=\"owl-nav\">\n<div class=\"flex max-w-full flex-col flex-grow\">\n<div class=\"min-h-[20px] text-message flex w-full flex-col items-end gap-2 whitespace-normal break-words [.text-message+&amp;]:mt-5\" dir=\"auto\" data-message-author-role=\"assistant\" data-message-id=\"5481a9d7-d2f8-4d62-b5fb-ea77b05a7844\">\n<div class=\"flex w-full flex-col gap-1 empty:hidden first:pt-[3px]\">\n<div class=\"markdown prose w-full break-words dark:prose-invert light\">\n<p>&nbsp;<\/p>\n<div id=\"carousel\" class=\"main-img carousel slide carousel-fade full-height with-overlay\" data-ride=\"carousel\">\n<div class=\"vc_row wpb_row vc_row-fluid\">\n<div class=\"wpb_column vc_column_container vc_col-sm-12\">\n<div class=\"vc_column-inner\">\n<div class=\"wpb_wrapper\">\n<div class=\"wpb_text_column wpb_content_element \">\n<div class=\"wpb_wrapper\">\n<h3><strong>Highlights:<\/strong><\/h3>\n<div class=\"std\">\n<div class=\"std\">\n<ul>\n<li class=\"nonelist\">Transfer von Ihrem Hotel in Hurghada zum Safari-Gel\u00e4nde.<\/li>\n<li class=\"nonelist\">30 Minuten Quadfahren in der W\u00fcste.<\/li>\n<li class=\"nonelist\">20 Minuten Fahrt im Doppelbuggy f\u00fcr noch mehr Nervenkitzel.<\/li>\n<li class=\"nonelist\">25 km lange Jeep-Tour mit einem F\u00fchrer zur Erkundung der Panoramaaussicht.<\/li>\n<li class=\"nonelist\">Besuchen Sie ein Beduinendorf, um in die Kultur einzutauchen.<\/li>\n<li class=\"nonelist\">All-you-can-eat-Buffet und traditionelle Show zum Abschluss des Tages.<\/li>\n<li class=\"nonelist\">Kehren Sie mit unserem Fahrer zu Ihrem Hotel zur\u00fcck.<\/li>\n<\/ul>\n<p>&nbsp;<\/p>\n<\/div>\n<h3 class=\"tour-item-title list-font\"><strong>Was Sie mitbringen sollten:<\/strong><\/h3>\n<div class=\"tour-item-description list-font\">\n<ul>\n<li><i class=\"fas fa-check-circle\"><\/i>Bequeme Sportschuhe f\u00fcr die W\u00fcste<\/li>\n<li><i class=\"fas fa-check-circle\"><\/i>Kopfbedeckung \u2013 Beduinenschal<\/li>\n<li><i class=\"fas fa-check-circle\"><\/i>Sonnenbrille<\/li>\n<li><i class=\"fas fa-check-circle\"><\/i>Wasser<\/li>\n<\/ul>\n<h3><strong>Dauer<\/strong><\/h3>\n<p><strong>Erste Reise:<\/strong><\/p>\n<ul>\n<li>Abholung: Gegen 11:00 Uhr (abh\u00e4ngig vom Standort Ihres Hotels in Hurghada).<\/li>\n<\/ul>\n<p><strong>Zweite Reise:<\/strong><\/p>\n<ul>\n<li>Abholung: Gegen 13:30 Uhr (abh\u00e4ngig von der Lage Ihres Hotels in Hurghada)<\/li>\n<\/ul>\n<p><strong>Bitte w\u00e4hlen Sie Ihre Abholzeit und teilen Sie uns diese in den Buchungshinweisen mit.<\/strong><\/p>\n<\/div>\n<\/div>\n<\/div>\n<\/div>\n<\/div>\n<\/div>\n<\/div>\n<\/div>\n<\/div>\n<\/div>\n<\/div>\n<\/div>\n<\/div>\n<\/div>\n<\/div>\n<\/div>\n<\/div>\n<\/div>\n<\/div>\n<\/div>\n<\/div>\n<\/div>\n<div id=\"tour-included-excluded\" class=\"content-product-item tour-included-excluded-wrapper\"><\/div>\n<\/li>\n<\/ul>\n","protected":false},"excerpt":{"rendered":"<p>\u00dcberblick Sahara Safari \u2013 Quad, Buggy, Jeep &amp; Show Erkunden Sie die Sahara mit den Beduinen: Quad, Buggy, Jeep, Dorfbesuch und traditionelle Show mit All-you-can-eat-Buffet. &nbsp; Wochentage und Dauer: T\u00e4glich verf\u00fcgbar. Aktivit\u00e4t nur am Nachmittag \u2013 R\u00fcckkehr wird gegen 19 Uhr erwartet. &nbsp; Highlights: Transfer von Ihrem Hotel in Hurghada zum Safari-Gel\u00e4nde. 30 Minuten Quadfahren in der W\u00fcste. 20 Minuten Fahrt im Doppelbuggy f\u00fcr noch mehr Nervenkitzel. 25 km lange Jeep-Tour mit einem F\u00fchrer zur Erkundung der Panoramaaussicht. Besuchen Sie ein Beduinendorf, um in die Kultur einzutauchen. All-you-can-eat-Buffet und traditionelle Show zum Abschluss des Tages. Kehren Sie mit unserem Fahrer zu Ihrem Hotel zur\u00fcck. &nbsp; Was Sie mitbringen sollten: Bequeme Sportschuhe f\u00fcr die W\u00fcste Kopfbedeckung \u2013 Beduinenschal Sonnenbrille Wasser Dauer Erste Reise: Abholung: Gegen 11:00 Uhr (abh\u00e4ngig vom Standort Ihres Hotels in Hurghada). Zweite Reise: Abholung: Gegen 13:30 Uhr (abh\u00e4ngig von der Lage Ihres Hotels in Hurghada) Bitte w\u00e4hlen Sie Ihre Abholzeit und teilen Sie uns diese in den Buchungshinweisen mit.<\/p>\n","protected":false},"featured_media":12996,"comment_status":"open","ping_status":"closed","template":"","meta":{"_monsterinsights_skip_tracking":false,"_monsterinsights_sitenote_active":false,"_monsterinsights_sitenote_note":"","_monsterinsights_sitenote_category":0},"product_brand":[],"product_cat":[92],"product_tag":[],"class_list":{"0":"post-12995","1":"product","2":"type-product","3":"status-publish","4":"has-post-thumbnail","6":"product_cat-safari-reisen","8":"first","9":"instock","10":"shipping-taxable","11":"purchasable","12":"product-type-ovabrw_car_rental"},"_links":{"self":[{"href":"http:\/\/trips-adam.com\/de\/wp-json\/wp\/v2\/product\/12995","targetHints":{"allow":["GET"]}}],"collection":[{"href":"http:\/\/trips-adam.com\/de\/wp-json\/wp\/v2\/product"}],"about":[{"href":"http:\/\/trips-adam.com\/de\/wp-json\/wp\/v2\/types\/product"}],"replies":[{"embeddable":true,"href":"http:\/\/trips-adam.com\/de\/wp-json\/wp\/v2\/comments?post=12995"}],"wp:featuredmedia":[{"embeddable":true,"href":"http:\/\/trips-adam.com\/de\/wp-json\/wp\/v2\/media\/12996"}],"wp:attachment":[{"href":"http:\/\/trips-adam.com\/de\/wp-json\/wp\/v2\/media?parent=12995"}],"wp:term":[{"taxonomy":"product_brand","embeddable":true,"href":"http:\/\/trips-adam.com\/de\/wp-json\/wp\/v2\/product_brand?post=12995"},{"taxonomy":"product_cat","embeddable":true,"href":"http:\/\/trips-adam.com\/de\/wp-json\/wp\/v2\/product_cat?post=12995"},{"taxonomy":"product_tag","embeddable":true,"href":"http:\/\/trips-adam.com\/de\/wp-json\/wp\/v2\/product_tag?post=12995"}],"curies":[{"name":"wp","href":"https:\/\/api.w.org\/{rel}","templated":true}]}}