{"id":13218,"date":"2025-05-29T16:15:02","date_gmt":"2025-05-29T16:15:02","guid":{"rendered":"http:\/\/trips-adam.com\/?post_type=product&#038;p=13218"},"modified":"2026-04-02T05:32:16","modified_gmt":"2026-04-02T05:32:16","slug":"hurghada-national-museum","status":"publish","type":"product","link":"http:\/\/trips-adam.com\/de\/produkt\/hurghada-national-museum\/","title":{"rendered":"Hurghada National Museum"},"content":{"rendered":"<ul>\n<li class=\"nonelist\">\n<div class=\"elementor-element elementor-element-f85dd7f elementor-widget elementor-widget-heading\" data-id=\"f85dd7f\" data-element_type=\"widget\" data-widget_type=\"heading.default\">\n<div class=\"elementor-widget-container\">\n<div class=\"elementor-element elementor-element-f85dd7f elementor-widget elementor-widget-heading\" data-id=\"f85dd7f\" data-element_type=\"widget\" data-widget_type=\"heading.default\">\n<div class=\"elementor-widget-container\">\n<div class=\"elementor-element elementor-element-f85dd7f elementor-widget elementor-widget-heading\" data-id=\"f85dd7f\" data-element_type=\"widget\" data-widget_type=\"heading.default\">\n<div class=\"elementor-widget-container\">\n<h2>\u00dcberblick<\/h2>\n<div class=\"wpb_text_column wpb_content_element \">\n<div class=\"wpb_wrapper\">\n<p>Unser Reiseleiter holt Sie mit einem klimatisierten Fahrzeug von Ihrem Hotel ab, um das Programm zu beginnen. Erfahren Sie alles \u00fcber die \u00e4lteste Zivilisation der Welt beim Eintritt in dieses einzigartige Museum.<\/p>\n<p>Das Hurghada Museum gilt als das erste Museum, das in Zusammenarbeit mit dem privaten Sektor entstand. Es verf\u00fcgt \u00fcber 2000 Originalantiquit\u00e4ten, die vom Ministerium f\u00fcr Tourismus und Altert\u00fcmer zur Verf\u00fcgung gestellt wurden.<br \/>\nHier k\u00f6nnen Sie die Geschichte des alten \u00c4gyptens umfassend kennenlernen und das Leben der alten \u00c4gypter im Laufe der Jahrhunderte erkunden.<\/p>\n<p>Entdecken Sie arch\u00e4ologische Funde aus verschiedenen Epochen und Zivilisationen, darunter die koptische \u00c4ra und das islamische Goldene Zeitalter. Genie\u00dfen Sie nach Ihrer F\u00fchrung etwas Freizeit, um das Museum in Ruhe zu erkunden. Anschlie\u00dfend kehren Sie zu Ihrem Hotel in Hurghada zur\u00fcck.<\/p>\n<\/div>\n<\/div>\n<div class=\"vc_row wpb_row vc_row-fluid\">\n<div class=\"wpb_column vc_column_container vc_col-sm-12\">\n<div class=\"vc_column-inner\">\n<div class=\"wpb_wrapper\">\n<div class=\"heading left\">\n<div class=\"vc_row wpb_row vc_row-fluid\">\n<div class=\"wpb_column vc_column_container vc_col-sm-12\">\n<div class=\"vc_column-inner\">\n<div class=\"wpb_wrapper\">\n<div class=\"heading left\">\n<div class=\"vc_row wpb_row vc_row-fluid\">\n<div class=\"wpb_column vc_column_container vc_col-sm-12\">\n<div class=\"vc_column-inner\">\n<div class=\"wpb_wrapper\">\n<div class=\"wpb_text_column wpb_content_element \">\n<div class=\"wpb_wrapper\">\n<p><strong>Hurghada Museum<\/strong><\/p>\n<ul>\n<li>Abholung und R\u00fccktransport vom Hotel in einem klimatisierten Fahrzeug<\/li>\n<li>Entdecken Sie \u00fcber 2.000 Artefakte im Hurghada Museum<\/li>\n<li>Erfahren Sie mehr \u00fcber das alte \u00c4gypten, die koptische Zeit und die islamische \u00c4ra<\/li>\n<li>Genie\u00dfen Sie die freie Zeit, um das Museum in Ihrem eigenen Tempo zu erkunden<\/li>\n<li>Gef\u00fchrte Stadtrundfahrt durch Hurghadas lebhafte M\u00e4rkte und den malerischen Yachthafen<\/li>\n<li>Erleben Sie die lokale Kultur und Sch\u00f6nheit der K\u00fcstenstadt<\/li>\n<li>Kehren Sie nach einem Tag voller Erkundungen zu Ihrem Hotel zur\u00fcck<\/li>\n<\/ul>\n<\/div>\n<\/div>\n<\/div>\n<\/div>\n<\/div>\n<\/div>\n<\/div>\n<\/div>\n<\/div>\n<\/div>\n<\/div>\n<\/div>\n<\/div>\n<\/div>\n<\/div>\n<\/div>\n<div class=\"vc_row wpb_row vc_row-fluid\">\n<div class=\"wpb_column vc_column_container vc_col-sm-12\">\n<div class=\"vc_column-inner\">\n<div class=\"wpb_wrapper\">\n<div class=\"wpb_text_column wpb_content_element \">\n<div class=\"wpb_wrapper\">\n<div class=\"heading left\">\n<div class=\"heading left\">\n<div class=\"heading left\">\n<h3><strong>Was soll ich mitnehmen?<\/strong><\/h3>\n<\/div>\n<div class=\"wpb_text_column wpb_content_element \">\n<div class=\"wpb_wrapper\">\n<ul>\n<li>Sonnenbrille<\/li>\n<li>Sonnenhut<\/li>\n<li>Kamera<\/li>\n<li>Sonnencreme<\/li>\n<\/ul>\n<h3><strong>Dauer: nach Anfrage<\/strong><\/h3>\n<\/div>\n<\/div>\n<\/div>\n<\/div>\n<\/div>\n<\/div>\n<\/div>\n<\/div>\n<\/div>\n<\/div>\n<\/div>\n<\/div>\n<\/div>\n<\/div>\n<\/div>\n<\/div>\n<\/li>\n<\/ul>\n","protected":false},"excerpt":{"rendered":"<p>\u00dcberblick Unser Reiseleiter holt Sie mit einem klimatisierten Fahrzeug von Ihrem Hotel ab, um das Programm zu beginnen. Erfahren Sie alles \u00fcber die \u00e4lteste Zivilisation der Welt beim Eintritt in dieses einzigartige Museum. Das Hurghada Museum gilt als das erste Museum, das in Zusammenarbeit mit dem privaten Sektor entstand. Es verf\u00fcgt \u00fcber 2000 Originalantiquit\u00e4ten, die vom Ministerium f\u00fcr Tourismus und Altert\u00fcmer zur Verf\u00fcgung gestellt wurden. Hier k\u00f6nnen Sie die Geschichte des alten \u00c4gyptens umfassend kennenlernen und das Leben der alten \u00c4gypter im Laufe der Jahrhunderte erkunden. Entdecken Sie arch\u00e4ologische Funde aus verschiedenen Epochen und Zivilisationen, darunter die koptische \u00c4ra und das islamische Goldene Zeitalter. Genie\u00dfen Sie nach Ihrer F\u00fchrung etwas Freizeit, um das Museum in Ruhe zu erkunden. Anschlie\u00dfend kehren Sie zu Ihrem Hotel in Hurghada zur\u00fcck. Hurghada Museum Abholung und R\u00fccktransport vom Hotel in einem klimatisierten Fahrzeug Entdecken Sie \u00fcber 2.000 Artefakte im Hurghada Museum Erfahren Sie mehr \u00fcber das alte \u00c4gypten, die koptische Zeit und die islamische \u00c4ra Genie\u00dfen Sie die freie Zeit, um das Museum in Ihrem eigenen Tempo zu erkunden Gef\u00fchrte Stadtrundfahrt durch Hurghadas lebhafte M\u00e4rkte und den malerischen Yachthafen Erleben Sie die lokale Kultur und Sch\u00f6nheit der K\u00fcstenstadt Kehren Sie nach einem Tag voller Erkundungen zu Ihrem Hotel zur\u00fcck Was soll ich mitnehmen? Sonnenbrille Sonnenhut Kamera Sonnencreme Dauer: nach Anfrage<\/p>\n","protected":false},"featured_media":13219,"comment_status":"open","ping_status":"closed","template":"","meta":{"_monsterinsights_skip_tracking":false,"_monsterinsights_sitenote_active":false,"_monsterinsights_sitenote_note":"","_monsterinsights_sitenote_category":0},"product_brand":[],"product_cat":[94],"product_tag":[],"class_list":{"0":"post-13218","1":"product","2":"type-product","3":"status-publish","4":"has-post-thumbnail","6":"product_cat-familienausfluege","8":"first","9":"instock","10":"shipping-taxable","11":"purchasable","12":"product-type-ovabrw_car_rental"},"_links":{"self":[{"href":"http:\/\/trips-adam.com\/de\/wp-json\/wp\/v2\/product\/13218","targetHints":{"allow":["GET"]}}],"collection":[{"href":"http:\/\/trips-adam.com\/de\/wp-json\/wp\/v2\/product"}],"about":[{"href":"http:\/\/trips-adam.com\/de\/wp-json\/wp\/v2\/types\/product"}],"replies":[{"embeddable":true,"href":"http:\/\/trips-adam.com\/de\/wp-json\/wp\/v2\/comments?post=13218"}],"wp:featuredmedia":[{"embeddable":true,"href":"http:\/\/trips-adam.com\/de\/wp-json\/wp\/v2\/media\/13219"}],"wp:attachment":[{"href":"http:\/\/trips-adam.com\/de\/wp-json\/wp\/v2\/media?parent=13218"}],"wp:term":[{"taxonomy":"product_brand","embeddable":true,"href":"http:\/\/trips-adam.com\/de\/wp-json\/wp\/v2\/product_brand?post=13218"},{"taxonomy":"product_cat","embeddable":true,"href":"http:\/\/trips-adam.com\/de\/wp-json\/wp\/v2\/product_cat?post=13218"},{"taxonomy":"product_tag","embeddable":true,"href":"http:\/\/trips-adam.com\/de\/wp-json\/wp\/v2\/product_tag?post=13218"}],"curies":[{"name":"wp","href":"https:\/\/api.w.org\/{rel}","templated":true}]}}