{"id":13243,"date":"2025-05-29T16:18:43","date_gmt":"2025-05-29T16:18:43","guid":{"rendered":"http:\/\/trips-adam.com\/?post_type=product&#038;p=13243"},"modified":"2026-04-02T05:37:51","modified_gmt":"2026-04-02T05:37:51","slug":"hurghada-grand-aquarium","status":"publish","type":"product","link":"http:\/\/trips-adam.com\/de\/produkt\/hurghada-grand-aquarium\/","title":{"rendered":"Hurghada Grand Aquarium"},"content":{"rendered":"<ul>\n<li class=\"nonelist\">\n<div class=\"elementor-element elementor-element-f85dd7f elementor-widget elementor-widget-heading\" data-id=\"f85dd7f\" data-element_type=\"widget\" data-widget_type=\"heading.default\">\n<div class=\"elementor-widget-container\">\n<div class=\"elementor-element elementor-element-f85dd7f elementor-widget elementor-widget-heading\" data-id=\"f85dd7f\" data-element_type=\"widget\" data-widget_type=\"heading.default\">\n<div class=\"elementor-widget-container\">\n<div class=\"elementor-element elementor-element-f85dd7f elementor-widget elementor-widget-heading\" data-id=\"f85dd7f\" data-element_type=\"widget\" data-widget_type=\"heading.default\">\n<div class=\"elementor-widget-container\">\n<h3>\u00dcberblick<\/h3>\n<div class=\"description\">\n<p>Tauchen Sie ein in die Wunder der Unterwasserwelt mit Tickets f\u00fcr das Hurghada Grand Aquarium, einer faszinierenden Erg\u00e4nzung zu Hurghadas familienfreundlichen Attraktionen. Betreten Sie ein Reich der Meereswunder und erleben Sie 1.200 einzigartige Arten in 24 sorgf\u00e4ltig gestalteten Galerien, die jeweils einen Einblick in vielf\u00e4ltige nat\u00fcrliche \u00d6kosysteme bieten. Bewundern Sie anmutige Rochen, majest\u00e4tische Haie und ruhige Schildkr\u00f6ten, die anmutig durch das kristallklare Wasser gleiten. Verpassen Sie nicht die Chance auf ein hautnahes Erlebnis, das Ihre Wertsch\u00e4tzung f\u00fcr die bezaubernde Unterwasserwelt vertiefen wird.<\/p>\n<\/div>\n<h3><strong>Dauer<\/strong><\/h3>\n<p>Erste Reise:<\/p>\n<p>Abholung: Gegen 09:30 Uhr (abh\u00e4ngig von der Lage Ihres Hotels in Hurghada)<\/p>\n<p>Zweite Reise:<\/p>\n<p>Abholung: Gegen 13:30 Uhr (abh\u00e4ngig von der Lage Ihres Hotels in Hurghada)<\/p>\n<h5><\/h5>\n<div class=\"vc_row wpb_row vc_row-fluid\">\n<div class=\"wpb_column vc_column_container vc_col-sm-12\">\n<div class=\"vc_column-inner\">\n<div class=\"wpb_wrapper\">\n<div class=\"wpb_text_column wpb_content_element \">\n<div class=\"wpb_wrapper\">\n<div class=\"heading left\">\n<div class=\"heading left\">\n<div class=\"wpb_text_column wpb_content_element \">\n<div class=\"wpb_wrapper\"><\/div>\n<\/div>\n<\/div>\n<\/div>\n<\/div>\n<\/div>\n<\/div>\n<\/div>\n<\/div>\n<\/div>\n<\/div>\n<\/div>\n<\/div>\n<\/div>\n<\/div>\n<\/div>\n<\/li>\n<\/ul>\n","protected":false},"excerpt":{"rendered":"<p>\u00dcberblick Tauchen Sie ein in die Wunder der Unterwasserwelt mit Tickets f\u00fcr das Hurghada Grand Aquarium, einer faszinierenden Erg\u00e4nzung zu Hurghadas familienfreundlichen Attraktionen. Betreten Sie ein Reich der Meereswunder und erleben Sie 1.200 einzigartige Arten in 24 sorgf\u00e4ltig gestalteten Galerien, die jeweils einen Einblick in vielf\u00e4ltige nat\u00fcrliche \u00d6kosysteme bieten. Bewundern Sie anmutige Rochen, majest\u00e4tische Haie und ruhige Schildkr\u00f6ten, die anmutig durch das kristallklare Wasser gleiten. Verpassen Sie nicht die Chance auf ein hautnahes Erlebnis, das Ihre Wertsch\u00e4tzung f\u00fcr die bezaubernde Unterwasserwelt vertiefen wird. Dauer Erste Reise: Abholung: Gegen 09:30 Uhr (abh\u00e4ngig von der Lage Ihres Hotels in Hurghada) Zweite Reise: Abholung: Gegen 13:30 Uhr (abh\u00e4ngig von der Lage Ihres Hotels in Hurghada)<\/p>\n","protected":false},"featured_media":13244,"comment_status":"open","ping_status":"closed","template":"","meta":{"_monsterinsights_skip_tracking":false,"_monsterinsights_sitenote_active":false,"_monsterinsights_sitenote_note":"","_monsterinsights_sitenote_category":0},"product_brand":[],"product_cat":[94],"product_tag":[],"class_list":{"0":"post-13243","1":"product","2":"type-product","3":"status-publish","4":"has-post-thumbnail","6":"product_cat-familienausfluege","8":"first","9":"instock","10":"shipping-taxable","11":"purchasable","12":"product-type-ovabrw_car_rental"},"_links":{"self":[{"href":"http:\/\/trips-adam.com\/de\/wp-json\/wp\/v2\/product\/13243","targetHints":{"allow":["GET"]}}],"collection":[{"href":"http:\/\/trips-adam.com\/de\/wp-json\/wp\/v2\/product"}],"about":[{"href":"http:\/\/trips-adam.com\/de\/wp-json\/wp\/v2\/types\/product"}],"replies":[{"embeddable":true,"href":"http:\/\/trips-adam.com\/de\/wp-json\/wp\/v2\/comments?post=13243"}],"wp:featuredmedia":[{"embeddable":true,"href":"http:\/\/trips-adam.com\/de\/wp-json\/wp\/v2\/media\/13244"}],"wp:attachment":[{"href":"http:\/\/trips-adam.com\/de\/wp-json\/wp\/v2\/media?parent=13243"}],"wp:term":[{"taxonomy":"product_brand","embeddable":true,"href":"http:\/\/trips-adam.com\/de\/wp-json\/wp\/v2\/product_brand?post=13243"},{"taxonomy":"product_cat","embeddable":true,"href":"http:\/\/trips-adam.com\/de\/wp-json\/wp\/v2\/product_cat?post=13243"},{"taxonomy":"product_tag","embeddable":true,"href":"http:\/\/trips-adam.com\/de\/wp-json\/wp\/v2\/product_tag?post=13243"}],"curies":[{"name":"wp","href":"https:\/\/api.w.org\/{rel}","templated":true}]}}