{"id":12078,"date":"2025-05-28T23:27:30","date_gmt":"2025-05-28T23:27:30","guid":{"rendered":"http:\/\/trips-adam.com\/?post_type=product&#038;p=12078"},"modified":"2026-04-02T05:07:27","modified_gmt":"2026-04-02T05:07:27","slug":"orange-bay-depuis-hurghada","status":"publish","type":"product","link":"http:\/\/trips-adam.com\/fr\/produit\/orange-bay-depuis-hurghada\/","title":{"rendered":"Orange Bay depuis Hurghada"},"content":{"rendered":"<h2>Aper\u00e7u<\/h2>\n<h2>Excursion en mer \u00e0 Orange Bay depuis Hurghada<\/h2>\n<p>Prise en charge \u00e0 l&rsquo;h\u00f4tel et transfert au port. Navigation de 45 minutes, puis escale d&rsquo;une heure pour la plong\u00e9e avec tuba dans les eaux cristallines de la mer Rouge. Continuation vers Orange Bay pour une plage de sable dor\u00e9 et des commodit\u00e9s. Ensuite, cap vers un autre site de plong\u00e9e avec tuba pour explorer les r\u00e9cifs coralliens luxuriants. L&rsquo;excursion comprend le d\u00e9jeuner, des boissons sans alcool et une balade en bateau banane. Retour au port et transfert \u00e0 votre h\u00f4tel.<\/p>\n<p>&nbsp;<\/p>\n<div class=\"vc_row wpb_row vc_row-fluid\">\n<div class=\"wpb_column vc_column_container vc_col-sm-12\">\n<div class=\"vc_column-inner\">\n<div class=\"wpb_wrapper\">\n<div class=\"heading left\">\n<h3><strong>Points forts:<\/strong><\/h3>\n<\/div>\n<\/div>\n<\/div>\n<\/div>\n<\/div>\n<div class=\"vc_row wpb_row vc_row-fluid\">\n<div class=\"wpb_column vc_column_container vc_col-sm-12\">\n<div class=\"vc_column-inner\">\n<div class=\"wpb_wrapper\">\n<div class=\"wpb_text_column wpb_content_element \">\n<div class=\"wpb_wrapper\">\n<ul>\n<li>Faites de la plong\u00e9e avec tuba dans les eaux cristallines d&rsquo;Orange Bay<\/li>\n<li>R\u00e9galez-vous d&rsquo;un d\u00e9licieux d\u00e9jeuner buffet \u00e0 bord<\/li>\n<li>D\u00e9tendez-vous avec un service de transfert aller-retour porte-\u00e0-porte<\/li>\n<li>Excursion d&rsquo;une journ\u00e9e sans tracas \u00e0 l&rsquo;\u00eele d&rsquo;Orange Bay au d\u00e9part d&rsquo;Hurghada<\/li>\n<li>Profitez d&rsquo;un aller-retour en bateau, d&rsquo;arr\u00eats de plong\u00e9e avec tuba, de la plage, des r\u00e9cifs et des installations<\/li>\n<\/ul>\n<p>&nbsp;<\/p>\n<div class=\"heading left\">\n<h3><strong>Ce qu&rsquo;il faut emporter avec vous :<\/strong><\/h3>\n<\/div>\n<div class=\"wpb_text_column wpb_content_element \">\n<div class=\"wpb_wrapper\">\n<ul>\n<li>Serviette de bain<\/li>\n<li>Lunettes de soleil<\/li>\n<li>Cr\u00e8me solaire<\/li>\n<li>Maillots de bain<\/li>\n<li>\u00c9quipement photo\/vid\u00e9o<\/li>\n<\/ul>\n<h3><strong>Dur\u00e9e<\/strong><\/h3>\n<p>Prise en charge : vers 08h00 (selon l&#8217;emplacement de votre h\u00f4tel \u00e0 Hurghada).<\/p>\n<h4><\/h4>\n<\/div>\n<\/div>\n<\/div>\n<\/div>\n<\/div>\n<\/div>\n<\/div>\n<\/div>\n","protected":false},"excerpt":{"rendered":"<p>Aper\u00e7u Excursion en mer \u00e0 Orange Bay depuis Hurghada Prise en charge \u00e0 l&rsquo;h\u00f4tel et transfert au port. Navigation de 45 minutes, puis escale d&rsquo;une heure pour la plong\u00e9e avec tuba dans les eaux cristallines de la mer Rouge. Continuation vers Orange Bay pour une plage de sable dor\u00e9 et des commodit\u00e9s. Ensuite, cap vers un autre site de plong\u00e9e avec tuba pour explorer les r\u00e9cifs coralliens luxuriants. L&rsquo;excursion comprend le d\u00e9jeuner, des boissons sans alcool et une balade en bateau banane. Retour au port et transfert \u00e0 votre h\u00f4tel. &nbsp; Points forts: Faites de la plong\u00e9e avec tuba dans les eaux cristallines d&rsquo;Orange Bay R\u00e9galez-vous d&rsquo;un d\u00e9licieux d\u00e9jeuner buffet \u00e0 bord D\u00e9tendez-vous avec un service de transfert aller-retour porte-\u00e0-porte Excursion d&rsquo;une journ\u00e9e sans tracas \u00e0 l&rsquo;\u00eele d&rsquo;Orange Bay au d\u00e9part d&rsquo;Hurghada Profitez d&rsquo;un aller-retour en bateau, d&rsquo;arr\u00eats de plong\u00e9e avec tuba, de la plage, des r\u00e9cifs et des installations &nbsp; Ce qu&rsquo;il faut emporter avec vous : Serviette de bain Lunettes de soleil Cr\u00e8me solaire Maillots de bain \u00c9quipement photo\/vid\u00e9o Dur\u00e9e Prise en charge : vers 08h00 (selon l&#8217;emplacement de votre h\u00f4tel \u00e0 Hurghada).<\/p>\n","protected":false},"featured_media":12079,"comment_status":"open","ping_status":"closed","template":"","meta":{"_monsterinsights_skip_tracking":false,"_monsterinsights_sitenote_active":false,"_monsterinsights_sitenote_note":"","_monsterinsights_sitenote_category":0},"product_brand":[],"product_cat":[86],"product_tag":[],"class_list":{"0":"post-12078","1":"product","2":"type-product","3":"status-publish","4":"has-post-thumbnail","6":"product_cat-excursions-en-mer","8":"first","9":"instock","10":"shipping-taxable","11":"purchasable","12":"product-type-ovabrw_car_rental"},"_links":{"self":[{"href":"http:\/\/trips-adam.com\/fr\/wp-json\/wp\/v2\/product\/12078","targetHints":{"allow":["GET"]}}],"collection":[{"href":"http:\/\/trips-adam.com\/fr\/wp-json\/wp\/v2\/product"}],"about":[{"href":"http:\/\/trips-adam.com\/fr\/wp-json\/wp\/v2\/types\/product"}],"replies":[{"embeddable":true,"href":"http:\/\/trips-adam.com\/fr\/wp-json\/wp\/v2\/comments?post=12078"}],"wp:featuredmedia":[{"embeddable":true,"href":"http:\/\/trips-adam.com\/fr\/wp-json\/wp\/v2\/media\/12079"}],"wp:attachment":[{"href":"http:\/\/trips-adam.com\/fr\/wp-json\/wp\/v2\/media?parent=12078"}],"wp:term":[{"taxonomy":"product_brand","embeddable":true,"href":"http:\/\/trips-adam.com\/fr\/wp-json\/wp\/v2\/product_brand?post=12078"},{"taxonomy":"product_cat","embeddable":true,"href":"http:\/\/trips-adam.com\/fr\/wp-json\/wp\/v2\/product_cat?post=12078"},{"taxonomy":"product_tag","embeddable":true,"href":"http:\/\/trips-adam.com\/fr\/wp-json\/wp\/v2\/product_tag?post=12078"}],"curies":[{"name":"wp","href":"https:\/\/api.w.org\/{rel}","templated":true}]}}