{"id":12111,"date":"2025-05-28T23:32:24","date_gmt":"2025-05-28T23:32:24","guid":{"rendered":"http:\/\/trips-adam.com\/?post_type=product&#038;p=12111"},"modified":"2026-04-02T05:07:22","modified_gmt":"2026-04-02T05:07:22","slug":"journee-de-plongee-sous-marine","status":"publish","type":"product","link":"http:\/\/trips-adam.com\/fr\/produit\/journee-de-plongee-sous-marine\/","title":{"rendered":"Journ\u00e9e de plong\u00e9e sous-marine"},"content":{"rendered":"<h2>Excursion d&rsquo;une journ\u00e9e de plong\u00e9e sous-marine<\/h2>\n<ul>\n<li class=\"nonelist\">Pr\u00eat \u00e0 embarquer avec nous pour une aventure sous-marine\u00a0? Plongeons ensemble dans des eaux \u00e9poustouflantes, o\u00f9 un monde magique de poissons color\u00e9s et de r\u00e9cifs coralliens \u00e0 couper le souffle vous attend\u00a0!<\/li>\n<li class=\"nonelist\">Vivez une excursion de plong\u00e9e inoubliable \u00e0 Hurghada, explorez les superbes r\u00e9cifs coralliens de la mer Rouge, la vie marine dynamique et les sites de plong\u00e9e adapt\u00e9s \u00e0 tous les niveaux de comp\u00e9tence.<\/li>\n<li class=\"nonelist\"><strong>Initiation \u00e0 la plong\u00e9e \u00e0 Hurghada pour d\u00e9butants\u00a0<\/strong>\u00a0<strong>25 \u20ac<\/strong>\u00a0: 2 plong\u00e9es (environ 15 minutes chacune) Profondeur maximale 6M + snorkeling + d\u00e9jeuner + boissons toute la journ\u00e9e.<\/li>\n<li class=\"nonelist\"><strong>Plong\u00e9e professionnelle quotidienne \u00e0 Hurghada pour plongeurs certifi\u00e9s\u00a0<\/strong>\u00a0<strong>50 \u20ac<\/strong>\u00a0: 2 plong\u00e9es (chacune de 35 \u00e0 40 minutes) \u2013 la profondeur d\u00e9pend de la certification + snorkeling + d\u00e9jeuner + boissons toute la journ\u00e9e.<\/li>\n<li class=\"nonelist\"><strong>Pour les accompagnants uniquement\u00a0<\/strong>\u00a0<strong>25 \u20ac<\/strong>\u00a0: Pour le snorkeling sans bouteille, vous serez autoris\u00e9 \u00e0 faire du snorkeling toute la journ\u00e9e en utilisant le mat\u00e9riel fourni.<\/li>\n<\/ul>\n<h3><em class=\"fa-green fa-regular fa-calendar-days\">\u00a0<\/em><strong>Jours de la semaine et dur\u00e9e :<\/strong><\/h3>\n<ul>\n<li class=\"nonelist\">Tous les jours.<\/li>\n<li class=\"nonelist\">De 8h00 \u00e0 16h00 (les heures de d\u00e9part et de retour d\u00e9pendent de l&#8217;emplacement de l&rsquo;h\u00f4tel \u00e0 Hurghada et seront confirm\u00e9es apr\u00e8s la r\u00e9servation).<\/li>\n<li class=\"nonelist\">Excursion d&rsquo;une journ\u00e9e compl\u00e8te (environ 7 \u00e0 8 heures, transferts inclus).<\/li>\n<\/ul>\n<h3><em class=\"fa-green fa-solid fa-rectangle-list\">\u00a0<\/em><strong>Programme:<\/strong><\/h3>\n<ul>\n<li class=\"nonelist\"><strong>Prise en charge \u00e0 l&rsquo;h\u00f4tel :<\/strong>\u00a0\u00a0entre 7h30 et 8h30 (selon l&#8217;emplacement de l&rsquo;h\u00f4tel).<\/li>\n<li class=\"nonelist\"><strong>D\u00e9part de la Marina :<\/strong>\u00a0\u00a0Le bateau part vers 10h00.<\/li>\n<li class=\"nonelist\"><strong>Briefing :<\/strong>\u00a0\u00a0Notre guide de plong\u00e9e et de snorkeling vous donne les consignes et pr\u00e9cautions de s\u00e9curit\u00e9.<\/li>\n<li class=\"nonelist\"><strong>D\u00e9butants (initiation) :<\/strong>\u00a0\u00a02 plong\u00e9es (15 \u00e0 20 minutes chacune) Profondeur maximale 6M.<\/li>\n<li class=\"nonelist\"><strong>Professionnel certifi\u00e9 (plong\u00e9e quotidienne) :<\/strong>\u00a0\u00a02 plong\u00e9es (chacune de 35 \u00e0 40 minutes) \u2013 la profondeur d\u00e9pend de la certification.<\/li>\n<li class=\"nonelist\"><strong>Plong\u00e9e en apn\u00e9e :<\/strong>\u00a0\u00a0explorez un r\u00e9cif corallien dynamique rempli de poissons color\u00e9s, de coraux et d&rsquo;autres formes de vie marine.<\/li>\n<li class=\"nonelist\"><strong>D\u00e9jeuner buffet et boissons :<\/strong>\u00a0\u00a0Profitez d&rsquo;un buffet ouvert tout en naviguant vers un autre site de plong\u00e9e.<\/li>\n<li class=\"nonelist\"><strong>Retour \u00e0 la marina :<\/strong>\u00a0\u00a0Vers 15h00, le bateau retourne \u00e0 la marina, o\u00f9 les chauffeurs vous conduiront \u00e0 votre h\u00f4tel.<\/li>\n<\/ul>\n<h3><strong>Ce qu&rsquo;il faut apporter :<\/strong><\/h3>\n<ul>\n<li class=\"nonelist\">Serviette.<\/li>\n<li class=\"nonelist\">Cr\u00e8me solaire.<\/li>\n<li class=\"nonelist\">Lunettes de soleil et chapeau.<\/li>\n<li class=\"nonelist\">Appareil photo ou GoPro.<\/li>\n<li class=\"nonelist\">Photo de votre passeport sur votre t\u00e9l\u00e9phone.<\/li>\n<li class=\"nonelist\">Si vous \u00eates un plongeur certifi\u00e9 : Photo de votre certification de plong\u00e9e sur votre t\u00e9l\u00e9phone.<\/li>\n<\/ul>\n<h3><strong>Dur\u00e9e<\/strong><\/h3>\n<p>Prise en charge : vers 08h00 (selon l&#8217;emplacement de votre h\u00f4tel \u00e0 Hurghada).<\/p>\n<h4><\/h4>\n","protected":false},"excerpt":{"rendered":"<p>Excursion d&rsquo;une journ\u00e9e de plong\u00e9e sous-marine Pr\u00eat \u00e0 embarquer avec nous pour une aventure sous-marine\u00a0? Plongeons ensemble dans des eaux \u00e9poustouflantes, o\u00f9 un monde magique de poissons color\u00e9s et de r\u00e9cifs coralliens \u00e0 couper le souffle vous attend\u00a0! Vivez une excursion de plong\u00e9e inoubliable \u00e0 Hurghada, explorez les superbes r\u00e9cifs coralliens de la mer Rouge, la vie marine dynamique et les sites de plong\u00e9e adapt\u00e9s \u00e0 tous les niveaux de comp\u00e9tence. Initiation \u00e0 la plong\u00e9e \u00e0 Hurghada pour d\u00e9butants\u00a0\u00a025 \u20ac\u00a0: 2 plong\u00e9es (environ 15 minutes chacune) Profondeur maximale 6M + snorkeling + d\u00e9jeuner + boissons toute la journ\u00e9e. Plong\u00e9e professionnelle quotidienne \u00e0 Hurghada pour plongeurs certifi\u00e9s\u00a0\u00a050 \u20ac\u00a0: 2 plong\u00e9es (chacune de 35 \u00e0 40 minutes) \u2013 la profondeur d\u00e9pend de la certification + snorkeling + d\u00e9jeuner + boissons toute la journ\u00e9e. Pour les accompagnants uniquement\u00a0\u00a025 \u20ac\u00a0: Pour le snorkeling sans bouteille, vous serez autoris\u00e9 \u00e0 faire du snorkeling toute la journ\u00e9e en utilisant le mat\u00e9riel fourni. \u00a0Jours de la semaine et dur\u00e9e : Tous les jours. De 8h00 \u00e0 16h00 (les heures de d\u00e9part et de retour d\u00e9pendent de l&#8217;emplacement de l&rsquo;h\u00f4tel \u00e0 Hurghada et seront confirm\u00e9es apr\u00e8s la r\u00e9servation). Excursion d&rsquo;une journ\u00e9e compl\u00e8te (environ 7 \u00e0 8 heures, transferts inclus). \u00a0Programme: Prise en charge \u00e0 l&rsquo;h\u00f4tel :\u00a0\u00a0entre 7h30 et 8h30 (selon l&#8217;emplacement de l&rsquo;h\u00f4tel). D\u00e9part de la Marina :\u00a0\u00a0Le bateau part vers 10h00. Briefing :\u00a0\u00a0Notre guide de plong\u00e9e et de snorkeling vous donne les consignes et pr\u00e9cautions de s\u00e9curit\u00e9. D\u00e9butants (initiation) :\u00a0\u00a02 plong\u00e9es (15 \u00e0 20 minutes chacune) Profondeur maximale 6M. Professionnel certifi\u00e9 (plong\u00e9e quotidienne) :\u00a0\u00a02 plong\u00e9es (chacune de 35 \u00e0 40 minutes) \u2013 la profondeur d\u00e9pend de la certification. Plong\u00e9e en apn\u00e9e :\u00a0\u00a0explorez un r\u00e9cif corallien dynamique rempli de poissons color\u00e9s, de coraux et d&rsquo;autres formes de vie marine. D\u00e9jeuner buffet et boissons :\u00a0\u00a0Profitez d&rsquo;un buffet ouvert tout en naviguant vers un autre site de plong\u00e9e. Retour \u00e0 la marina :\u00a0\u00a0Vers 15h00, le bateau retourne \u00e0 la marina, o\u00f9 les chauffeurs vous conduiront \u00e0 votre h\u00f4tel. Ce qu&rsquo;il faut apporter : Serviette. Cr\u00e8me solaire. Lunettes de soleil et chapeau. Appareil photo ou GoPro. Photo de votre passeport sur votre t\u00e9l\u00e9phone. Si vous \u00eates un plongeur certifi\u00e9 : Photo de votre certification de plong\u00e9e sur votre t\u00e9l\u00e9phone. Dur\u00e9e Prise en charge : vers 08h00 (selon l&#8217;emplacement de votre h\u00f4tel \u00e0 Hurghada).<\/p>\n","protected":false},"featured_media":12112,"comment_status":"open","ping_status":"closed","template":"","meta":{"_monsterinsights_skip_tracking":false,"_monsterinsights_sitenote_active":false,"_monsterinsights_sitenote_note":"","_monsterinsights_sitenote_category":0},"product_brand":[],"product_cat":[86],"product_tag":[],"class_list":{"0":"post-12111","1":"product","2":"type-product","3":"status-publish","4":"has-post-thumbnail","6":"product_cat-excursions-en-mer","8":"first","9":"instock","10":"shipping-taxable","11":"purchasable","12":"product-type-ovabrw_car_rental"},"_links":{"self":[{"href":"http:\/\/trips-adam.com\/fr\/wp-json\/wp\/v2\/product\/12111","targetHints":{"allow":["GET"]}}],"collection":[{"href":"http:\/\/trips-adam.com\/fr\/wp-json\/wp\/v2\/product"}],"about":[{"href":"http:\/\/trips-adam.com\/fr\/wp-json\/wp\/v2\/types\/product"}],"replies":[{"embeddable":true,"href":"http:\/\/trips-adam.com\/fr\/wp-json\/wp\/v2\/comments?post=12111"}],"wp:featuredmedia":[{"embeddable":true,"href":"http:\/\/trips-adam.com\/fr\/wp-json\/wp\/v2\/media\/12112"}],"wp:attachment":[{"href":"http:\/\/trips-adam.com\/fr\/wp-json\/wp\/v2\/media?parent=12111"}],"wp:term":[{"taxonomy":"product_brand","embeddable":true,"href":"http:\/\/trips-adam.com\/fr\/wp-json\/wp\/v2\/product_brand?post=12111"},{"taxonomy":"product_cat","embeddable":true,"href":"http:\/\/trips-adam.com\/fr\/wp-json\/wp\/v2\/product_cat?post=12111"},{"taxonomy":"product_tag","embeddable":true,"href":"http:\/\/trips-adam.com\/fr\/wp-json\/wp\/v2\/product_tag?post=12111"}],"curies":[{"name":"wp","href":"https:\/\/api.w.org\/{rel}","templated":true}]}}