{"id":12128,"date":"2025-05-28T23:34:05","date_gmt":"2025-05-28T23:34:05","guid":{"rendered":"http:\/\/trips-adam.com\/?post_type=product&#038;p=12128"},"modified":"2026-04-02T05:07:18","modified_gmt":"2026-04-02T05:07:18","slug":"maison-des-dauphins","status":"publish","type":"product","link":"http:\/\/trips-adam.com\/fr\/produit\/maison-des-dauphins\/","title":{"rendered":"Maison des Dauphins"},"content":{"rendered":"<ul>\n<li class=\"nonelist\">\n<h2>Excursion \u00e0 Dolphin House Hurghada (Journ\u00e9e des dauphins en mer)<\/h2>\n<ul>\n<li class=\"nonelist\"><em class=\"fa-green fa-solid fa-circle-info\">\u00a0<\/em><strong>Nous<\/strong>\u00a0\u00a0vous invitons \u00e0 vivre une aventure unique en nageant avec les dauphins dans leur habitat naturel, en explorant les r\u00e9cifs coralliens et en admirant la riche vie marine de la mer Rouge.<\/li>\n<li class=\"nonelist\"><em class=\"fa-green fa-solid fa-circle-info\">\u00a0<\/em>Journ\u00e9e Dolphin House en mer \u00e0 Hurghada : 1 arr\u00eat pour nager et\/ou observer les dauphins + 2 arr\u00eats snorkeling \u00e0 diff\u00e9rents spots + d\u00e9jeuner buffet + boissons \u00e0 volont\u00e9 pour une journ\u00e9e inoubliable.<\/li>\n<li class=\"nonelist\"><em class=\"fa-green fa-solid fa-circle-info\">\u00a0<\/em>Ce programme offre un \u00e9quilibre parfait entre aventure, d\u00e9couverte et d\u00e9tente dans les eaux cristallines de la mer Rouge.<\/li>\n<\/ul>\n<p>&nbsp;<\/p>\n<ul>\n<li class=\"nonelist\">\n<h3><em class=\"fa-green fa-regular fa-calendar-days\">\u00a0<\/em><strong>Jours de la semaine et dur\u00e9e :<\/strong><\/h3>\n<ul>\n<li class=\"nonelist\">Tous les jours.<\/li>\n<li class=\"nonelist\">De 8h00 \u00e0 15h00 (les heures de d\u00e9part et de retour d\u00e9pendent de l&#8217;emplacement de l&rsquo;h\u00f4tel \u00e0 Hurghada et seront confirm\u00e9es apr\u00e8s la r\u00e9servation).<\/li>\n<li class=\"nonelist\">Excursion d&rsquo;une journ\u00e9e compl\u00e8te (environ 6 \u00e0 7 heures, transferts inclus).<\/li>\n<\/ul>\n<\/li>\n<\/ul>\n<p>&nbsp;<\/p>\n<ul>\n<li class=\"nonelist\">\n<h3><em class=\"fa-green fa-solid fa-rectangle-list\">\u00a0<\/em><strong>Programme:<\/strong><\/h3>\n<ul>\n<li class=\"nonelist\"><strong>Prise en charge \u00e0 l&rsquo;h\u00f4tel :\u00a0<\/strong>\u00a0entre 7h30 et 8h30 (selon l&#8217;emplacement de votre h\u00f4tel).<\/li>\n<li class=\"nonelist\"><strong>D\u00e9part de la marina :\u00a0<\/strong>\u00a0Le bateau appareille vers 10h00.<\/li>\n<li class=\"nonelist\"><strong>Recherche de dauphins :\u00a0<\/strong>\u00a0L&rsquo;excursion est organis\u00e9e par des professionnels qui mettront tout en \u0153uvre pour localiser et approcher les dauphins dans les meilleures conditions, vous permettant ainsi de nager avec eux tout en respectant l&rsquo;environnement et les animaux.<\/li>\n<li class=\"nonelist\"><strong>Remarques :\u00a0<\/strong>\u00a0Vous nagerez apr\u00e8s un briefing expliquant le comportement \u00e0 adopter dans l&rsquo;eau, encadr\u00e9 par deux guides exp\u00e9riment\u00e9s.<\/li>\n<li class=\"nonelist\"><strong>Remarques :\u00a0<\/strong>\u00a0Vous ferez plusieurs arr\u00eats \u00e0 diff\u00e9rents endroits, en fonction de l&rsquo;endroit o\u00f9 se trouvent les dauphins.<\/li>\n<li class=\"nonelist\"><strong>Remarques\u00a0:\u00a0<\/strong>\u00a0Veuillez noter que les rencontres avec les dauphins ne sont pas garanties, car ils se trouvent dans leur habitat naturel. Aucun remboursement ne sera effectu\u00e9 si nous ne les retrouvons pas.<\/li>\n<li class=\"nonelist\"><strong>Plong\u00e9e en apn\u00e9e :\u00a0<\/strong>\u00a0La plong\u00e9e en apn\u00e9e se d\u00e9roule dans un r\u00e9cif corallien dynamique o\u00f9 vous pourrez explorer le monde sous-marin rempli de poissons color\u00e9s, de coraux et d&rsquo;autres formes de vie marine.<\/li>\n<li class=\"nonelist\"><strong>D\u00e9jeuner (buffet) et boissons :\u00a0<\/strong>\u00a0Le d\u00e9jeuner est g\u00e9n\u00e9ralement servi sous forme de buffet, r\u00e9pondant aux diff\u00e9rentes pr\u00e9f\u00e9rences alimentaires.<\/li>\n<li class=\"nonelist\"><strong>Retour \u00e0 la marina :\u00a0<\/strong>\u00a0Vers 15h00, le bateau retournera \u00e0 la marina, o\u00f9 des chauffeurs vous attendront pour vous ramener \u00e0 votre h\u00f4tel.<\/li>\n<\/ul>\n<\/li>\n<\/ul>\n<\/li>\n<\/ul>\n<h3><strong>Dur\u00e9e<\/strong><\/h3>\n<p>Prise en charge : vers 08h00 (selon l&#8217;emplacement de votre h\u00f4tel \u00e0 Hurghada).<\/p>\n<h4><\/h4>\n","protected":false},"excerpt":{"rendered":"<p>Excursion \u00e0 Dolphin House Hurghada (Journ\u00e9e des dauphins en mer) \u00a0Nous\u00a0\u00a0vous invitons \u00e0 vivre une aventure unique en nageant avec les dauphins dans leur habitat naturel, en explorant les r\u00e9cifs coralliens et en admirant la riche vie marine de la mer Rouge. \u00a0Journ\u00e9e Dolphin House en mer \u00e0 Hurghada : 1 arr\u00eat pour nager et\/ou observer les dauphins + 2 arr\u00eats snorkeling \u00e0 diff\u00e9rents spots + d\u00e9jeuner buffet + boissons \u00e0 volont\u00e9 pour une journ\u00e9e inoubliable. \u00a0Ce programme offre un \u00e9quilibre parfait entre aventure, d\u00e9couverte et d\u00e9tente dans les eaux cristallines de la mer Rouge. &nbsp; \u00a0Jours de la semaine et dur\u00e9e : Tous les jours. De 8h00 \u00e0 15h00 (les heures de d\u00e9part et de retour d\u00e9pendent de l&#8217;emplacement de l&rsquo;h\u00f4tel \u00e0 Hurghada et seront confirm\u00e9es apr\u00e8s la r\u00e9servation). Excursion d&rsquo;une journ\u00e9e compl\u00e8te (environ 6 \u00e0 7 heures, transferts inclus). &nbsp; \u00a0Programme: Prise en charge \u00e0 l&rsquo;h\u00f4tel :\u00a0\u00a0entre 7h30 et 8h30 (selon l&#8217;emplacement de votre h\u00f4tel). D\u00e9part de la marina :\u00a0\u00a0Le bateau appareille vers 10h00. Recherche de dauphins :\u00a0\u00a0L&rsquo;excursion est organis\u00e9e par des professionnels qui mettront tout en \u0153uvre pour localiser et approcher les dauphins dans les meilleures conditions, vous permettant ainsi de nager avec eux tout en respectant l&rsquo;environnement et les animaux. Remarques :\u00a0\u00a0Vous nagerez apr\u00e8s un briefing expliquant le comportement \u00e0 adopter dans l&rsquo;eau, encadr\u00e9 par deux guides exp\u00e9riment\u00e9s. Remarques :\u00a0\u00a0Vous ferez plusieurs arr\u00eats \u00e0 diff\u00e9rents endroits, en fonction de l&rsquo;endroit o\u00f9 se trouvent les dauphins. Remarques\u00a0:\u00a0\u00a0Veuillez noter que les rencontres avec les dauphins ne sont pas garanties, car ils se trouvent dans leur habitat naturel. Aucun remboursement ne sera effectu\u00e9 si nous ne les retrouvons pas. Plong\u00e9e en apn\u00e9e :\u00a0\u00a0La plong\u00e9e en apn\u00e9e se d\u00e9roule dans un r\u00e9cif corallien dynamique o\u00f9 vous pourrez explorer le monde sous-marin rempli de poissons color\u00e9s, de coraux et d&rsquo;autres formes de vie marine. D\u00e9jeuner (buffet) et boissons :\u00a0\u00a0Le d\u00e9jeuner est g\u00e9n\u00e9ralement servi sous forme de buffet, r\u00e9pondant aux diff\u00e9rentes pr\u00e9f\u00e9rences alimentaires. Retour \u00e0 la marina :\u00a0\u00a0Vers 15h00, le bateau retournera \u00e0 la marina, o\u00f9 des chauffeurs vous attendront pour vous ramener \u00e0 votre h\u00f4tel. Dur\u00e9e Prise en charge : vers 08h00 (selon l&#8217;emplacement de votre h\u00f4tel \u00e0 Hurghada).<\/p>\n","protected":false},"featured_media":12129,"comment_status":"open","ping_status":"closed","template":"","meta":{"_monsterinsights_skip_tracking":false,"_monsterinsights_sitenote_active":false,"_monsterinsights_sitenote_note":"","_monsterinsights_sitenote_category":0},"product_brand":[],"product_cat":[86],"product_tag":[],"class_list":{"0":"post-12128","1":"product","2":"type-product","3":"status-publish","4":"has-post-thumbnail","6":"product_cat-excursions-en-mer","8":"first","9":"instock","10":"shipping-taxable","11":"purchasable","12":"product-type-ovabrw_car_rental"},"_links":{"self":[{"href":"http:\/\/trips-adam.com\/fr\/wp-json\/wp\/v2\/product\/12128","targetHints":{"allow":["GET"]}}],"collection":[{"href":"http:\/\/trips-adam.com\/fr\/wp-json\/wp\/v2\/product"}],"about":[{"href":"http:\/\/trips-adam.com\/fr\/wp-json\/wp\/v2\/types\/product"}],"replies":[{"embeddable":true,"href":"http:\/\/trips-adam.com\/fr\/wp-json\/wp\/v2\/comments?post=12128"}],"wp:featuredmedia":[{"embeddable":true,"href":"http:\/\/trips-adam.com\/fr\/wp-json\/wp\/v2\/media\/12129"}],"wp:attachment":[{"href":"http:\/\/trips-adam.com\/fr\/wp-json\/wp\/v2\/media?parent=12128"}],"wp:term":[{"taxonomy":"product_brand","embeddable":true,"href":"http:\/\/trips-adam.com\/fr\/wp-json\/wp\/v2\/product_brand?post=12128"},{"taxonomy":"product_cat","embeddable":true,"href":"http:\/\/trips-adam.com\/fr\/wp-json\/wp\/v2\/product_cat?post=12128"},{"taxonomy":"product_tag","embeddable":true,"href":"http:\/\/trips-adam.com\/fr\/wp-json\/wp\/v2\/product_tag?post=12128"}],"curies":[{"name":"wp","href":"https:\/\/api.w.org\/{rel}","templated":true}]}}