{"id":12174,"date":"2025-05-28T23:39:31","date_gmt":"2025-05-28T23:39:31","guid":{"rendered":"http:\/\/trips-adam.com\/?post_type=product&#038;p=12174"},"modified":"2026-04-02T05:07:15","modified_gmt":"2026-04-02T05:07:15","slug":"paravoile","status":"publish","type":"product","link":"http:\/\/trips-adam.com\/fr\/produit\/paravoile\/","title":{"rendered":"Paravoile"},"content":{"rendered":"<ul>\n<li class=\"nonelist\">\n<h2>Aper\u00e7u<\/h2>\n<ul>\n<li>Nous viendrons vous chercher \u00e0 votre h\u00f4tel pour vous emmener sur le lieu de l&rsquo;activit\u00e9.<\/li>\n<li>\u00c9levez-vous vers de nouveaux sommets de sensations avec notre exp\u00e9rience de parachute ascensionnel.<\/li>\n<li>Pendant environ 5 minutes, laissez l&rsquo;adr\u00e9naline se m\u00ealer \u00e0 l&rsquo;\u00e9merveillement de la vue sur les eaux turquoise scintillantes.<\/li>\n<li>Offrant des vues panoramiques \u00e0 couper le souffle, cette aventure vous permettra de survoler le paysage c\u00f4tier avec une perspective unique.<\/li>\n<li>Un chauffeur vous attendra pour vous ramener \u00e0 votre h\u00f4tel<\/li>\n<\/ul>\n<p>SGL 30 Eu<\/p>\n<p>DBL 40 Eu<\/p>\n<p>&nbsp;<\/p>\n<h3><strong>Dur\u00e9e : selon demande<\/strong><\/h3>\n<ul>\n<li>Veuillez choisir votre heure de prise en charge et nous en informer sur les notes de r\u00e9servation.<\/li>\n<\/ul>\n<\/li>\n<\/ul>\n<h4><\/h4>\n","protected":false},"excerpt":{"rendered":"<p>Aper\u00e7u Nous viendrons vous chercher \u00e0 votre h\u00f4tel pour vous emmener sur le lieu de l&rsquo;activit\u00e9. \u00c9levez-vous vers de nouveaux sommets de sensations avec notre exp\u00e9rience de parachute ascensionnel. Pendant environ 5 minutes, laissez l&rsquo;adr\u00e9naline se m\u00ealer \u00e0 l&rsquo;\u00e9merveillement de la vue sur les eaux turquoise scintillantes. Offrant des vues panoramiques \u00e0 couper le souffle, cette aventure vous permettra de survoler le paysage c\u00f4tier avec une perspective unique. Un chauffeur vous attendra pour vous ramener \u00e0 votre h\u00f4tel SGL 30 Eu DBL 40 Eu &nbsp; Dur\u00e9e : selon demande Veuillez choisir votre heure de prise en charge et nous en informer sur les notes de r\u00e9servation.<\/p>\n","protected":false},"featured_media":12175,"comment_status":"open","ping_status":"closed","template":"","meta":{"_monsterinsights_skip_tracking":false,"_monsterinsights_sitenote_active":false,"_monsterinsights_sitenote_note":"","_monsterinsights_sitenote_category":0},"product_brand":[],"product_cat":[86],"product_tag":[],"class_list":{"0":"post-12174","1":"product","2":"type-product","3":"status-publish","4":"has-post-thumbnail","6":"product_cat-excursions-en-mer","8":"first","9":"instock","10":"shipping-taxable","11":"purchasable","12":"product-type-ovabrw_car_rental"},"_links":{"self":[{"href":"http:\/\/trips-adam.com\/fr\/wp-json\/wp\/v2\/product\/12174","targetHints":{"allow":["GET"]}}],"collection":[{"href":"http:\/\/trips-adam.com\/fr\/wp-json\/wp\/v2\/product"}],"about":[{"href":"http:\/\/trips-adam.com\/fr\/wp-json\/wp\/v2\/types\/product"}],"replies":[{"embeddable":true,"href":"http:\/\/trips-adam.com\/fr\/wp-json\/wp\/v2\/comments?post=12174"}],"wp:featuredmedia":[{"embeddable":true,"href":"http:\/\/trips-adam.com\/fr\/wp-json\/wp\/v2\/media\/12175"}],"wp:attachment":[{"href":"http:\/\/trips-adam.com\/fr\/wp-json\/wp\/v2\/media?parent=12174"}],"wp:term":[{"taxonomy":"product_brand","embeddable":true,"href":"http:\/\/trips-adam.com\/fr\/wp-json\/wp\/v2\/product_brand?post=12174"},{"taxonomy":"product_cat","embeddable":true,"href":"http:\/\/trips-adam.com\/fr\/wp-json\/wp\/v2\/product_cat?post=12174"},{"taxonomy":"product_tag","embeddable":true,"href":"http:\/\/trips-adam.com\/fr\/wp-json\/wp\/v2\/product_tag?post=12174"}],"curies":[{"name":"wp","href":"https:\/\/api.w.org\/{rel}","templated":true}]}}