{"id":12195,"date":"2025-05-28T23:43:59","date_gmt":"2025-05-28T23:43:59","guid":{"rendered":"http:\/\/trips-adam.com\/?post_type=product&#038;p=12195"},"modified":"2026-04-02T05:07:09","modified_gmt":"2026-04-02T05:07:09","slug":"lile-hula-hula","status":"publish","type":"product","link":"http:\/\/trips-adam.com\/fr\/produit\/lile-hula-hula\/","title":{"rendered":"L&rsquo;\u00eele Hula Hula"},"content":{"rendered":"<ul>\n<li class=\"nonelist\">\n<h2>Excursion sur l&rsquo;\u00eele de Hula Hula \u00e0 Hurghada<\/h2>\n<ul>\n<li class=\"nonelist\"><em class=\"fa-green fa-solid fa-circle-info\">\u00a0<\/em><strong>Rejoignez-nous<\/strong>\u00a0\u00a0pour un voyage inoubliable dans les Cara\u00efbes \u00e9gyptiennes\u00a0! Nagez, plongez avec tuba dans les eaux cristallines de la mer Rouge et d\u00e9couvrez sa vie marine \u00e9poustouflante.<\/li>\n<li class=\"nonelist\"><em class=\"fa-green fa-solid fa-circle-info\">\u00a0<\/em>Hula Hula Island Hurghada : 1h30 sur l&rsquo;\u00eele + 1 arr\u00eat snorkeling + d\u00e9jeuner buffet + boissons \u00e0 volont\u00e9 + activit\u00e9s nautiques pour une journ\u00e9e parfaite de plaisir et de d\u00e9tente.<\/li>\n<li class=\"nonelist\"><em class=\"fa-green fa-solid fa-circle-info\">\u00a0<\/em>Ce circuit offre le m\u00e9lange parfait d&rsquo;aventure, de d\u00e9tente et d&rsquo;exploration dans l&rsquo;une des plus belles destinations pr\u00e8s d&rsquo;Hurghada.<\/li>\n<\/ul>\n<div class=\"vc_row wpb_row vc_row-fluid\">\n<div class=\"wpb_column vc_column_container vc_col-sm-12\">\n<div class=\"vc_column-inner\">\n<div class=\"wpb_wrapper\">\n<div class=\"wpb_text_column wpb_content_element \">\n<div class=\"wpb_wrapper\">\n<div class=\"wpb_wrapper\">\n<h3><em class=\"fa-green fa-regular fa-calendar-days\">\u00a0<\/em><strong>Horaire et dur\u00e9e :<\/strong><\/h3>\n<ul>\n<li>Disponible tous les jours.<\/li>\n<li>De 8h00 \u00e0 16h00 (les horaires peuvent varier en fonction de l&#8217;emplacement de l&rsquo;h\u00f4tel et seront confirm\u00e9s apr\u00e8s la r\u00e9servation).<\/li>\n<li>Excursion d&rsquo;une journ\u00e9e compl\u00e8te (environ 7 \u00e0 8 heures, transferts inclus).<\/li>\n<\/ul>\n<h3><em class=\"fa-green fa-solid fa-rectangle-list\">\u00a0<\/em><strong>Itin\u00e9raire de l&rsquo;excursion :<\/strong><\/h3>\n<ul>\n<li><strong>Prise en charge \u00e0 l&rsquo;h\u00f4tel :<\/strong>\u00a0\u00a0entre 7h30 et 8h30 (selon l&#8217;emplacement de l&rsquo;h\u00f4tel).<\/li>\n<li><strong>D\u00e9part de la Marina :<\/strong>\u00a0\u00a0Le bateau part vers 10h00.<\/li>\n<li><strong>Arr\u00eat plong\u00e9e en apn\u00e9e :<\/strong>\u00a0\u00a0explorez un r\u00e9cif corallien color\u00e9 rempli de poissons tropicaux et de vie marine.<\/li>\n<li><strong>D\u00e9jeuner buffet et boissons :<\/strong>\u00a0\u00a0Profitez d&rsquo;une vari\u00e9t\u00e9 de plats d\u00e9licieux et de boissons sans alcool \u00e0 volont\u00e9.<\/li>\n<li><strong>Activit\u00e9s nautiques :<\/strong>\u00a0\u00a0Vivez des man\u00e8ges passionnants comme le bateau banane et le canap\u00e9.<\/li>\n<li><strong>Arriv\u00e9e \u00e0 l&rsquo;\u00eele Hula Hula :<\/strong>\u00a0\u00a0D\u00e9tendez-vous sur la plage de sable, nagez dans des eaux cristallines ou participez \u00e0 des activit\u00e9s de plage.<\/li>\n<li><strong>Temps libre sur l&rsquo;\u00eele :<\/strong>\u00a0\u00a0Profitez d&rsquo;une heure et demie pour explorer, bronzer ou participer \u00e0 des activit\u00e9s.<\/li>\n<li><strong>Retour \u00e0 la marina :<\/strong>\u00a0\u00a0Vers 15h30, le bateau repart et le transport vous conduira \u00e0 votre h\u00f4tel.<\/li>\n<\/ul>\n<h3><strong>Ce qu&rsquo;il faut apporter :<\/strong><\/h3>\n<ul>\n<li>Serviette.<\/li>\n<li>Cr\u00e8me solaire.<\/li>\n<li>Lunettes de soleil et chapeau.<\/li>\n<li>Appareil photo ou GoPro.<\/li>\n<li>Photo d&rsquo;identit\u00e9 sur votre t\u00e9l\u00e9phone.<\/li>\n<li>Argent comptant pour les extras optionnels.<\/li>\n<\/ul>\n<h3><strong>Dur\u00e9e<\/strong><\/h3>\n<p>Premier voyage :<\/p>\n<p>Prise en charge : vers 08h00 (selon l&#8217;emplacement de votre h\u00f4tel \u00e0 Hurghada).<\/p>\n<p>Deuxi\u00e8me voyage :<\/p>\n<p>Prise en charge : vers 10h00 (selon l&#8217;emplacement de votre h\u00f4tel \u00e0 Hurghada)<\/p>\n<ul>\n<li>Veuillez choisir votre heure de prise en charge et nous en informer sur les notes de r\u00e9servation.<\/li>\n<\/ul>\n<h4><\/h4>\n<\/div>\n<\/div>\n<\/div>\n<\/div>\n<\/div>\n<\/div>\n<\/div>\n<\/li>\n<\/ul>\n","protected":false},"excerpt":{"rendered":"<p>Excursion sur l&rsquo;\u00eele de Hula Hula \u00e0 Hurghada \u00a0Rejoignez-nous\u00a0\u00a0pour un voyage inoubliable dans les Cara\u00efbes \u00e9gyptiennes\u00a0! Nagez, plongez avec tuba dans les eaux cristallines de la mer Rouge et d\u00e9couvrez sa vie marine \u00e9poustouflante. \u00a0Hula Hula Island Hurghada : 1h30 sur l&rsquo;\u00eele + 1 arr\u00eat snorkeling + d\u00e9jeuner buffet + boissons \u00e0 volont\u00e9 + activit\u00e9s nautiques pour une journ\u00e9e parfaite de plaisir et de d\u00e9tente. \u00a0Ce circuit offre le m\u00e9lange parfait d&rsquo;aventure, de d\u00e9tente et d&rsquo;exploration dans l&rsquo;une des plus belles destinations pr\u00e8s d&rsquo;Hurghada. \u00a0Horaire et dur\u00e9e : Disponible tous les jours. De 8h00 \u00e0 16h00 (les horaires peuvent varier en fonction de l&#8217;emplacement de l&rsquo;h\u00f4tel et seront confirm\u00e9s apr\u00e8s la r\u00e9servation). Excursion d&rsquo;une journ\u00e9e compl\u00e8te (environ 7 \u00e0 8 heures, transferts inclus). \u00a0Itin\u00e9raire de l&rsquo;excursion : Prise en charge \u00e0 l&rsquo;h\u00f4tel :\u00a0\u00a0entre 7h30 et 8h30 (selon l&#8217;emplacement de l&rsquo;h\u00f4tel). D\u00e9part de la Marina :\u00a0\u00a0Le bateau part vers 10h00. Arr\u00eat plong\u00e9e en apn\u00e9e :\u00a0\u00a0explorez un r\u00e9cif corallien color\u00e9 rempli de poissons tropicaux et de vie marine. D\u00e9jeuner buffet et boissons :\u00a0\u00a0Profitez d&rsquo;une vari\u00e9t\u00e9 de plats d\u00e9licieux et de boissons sans alcool \u00e0 volont\u00e9. Activit\u00e9s nautiques :\u00a0\u00a0Vivez des man\u00e8ges passionnants comme le bateau banane et le canap\u00e9. Arriv\u00e9e \u00e0 l&rsquo;\u00eele Hula Hula :\u00a0\u00a0D\u00e9tendez-vous sur la plage de sable, nagez dans des eaux cristallines ou participez \u00e0 des activit\u00e9s de plage. Temps libre sur l&rsquo;\u00eele :\u00a0\u00a0Profitez d&rsquo;une heure et demie pour explorer, bronzer ou participer \u00e0 des activit\u00e9s. Retour \u00e0 la marina :\u00a0\u00a0Vers 15h30, le bateau repart et le transport vous conduira \u00e0 votre h\u00f4tel. Ce qu&rsquo;il faut apporter : Serviette. Cr\u00e8me solaire. Lunettes de soleil et chapeau. Appareil photo ou GoPro. Photo d&rsquo;identit\u00e9 sur votre t\u00e9l\u00e9phone. Argent comptant pour les extras optionnels. Dur\u00e9e Premier voyage : Prise en charge : vers 08h00 (selon l&#8217;emplacement de votre h\u00f4tel \u00e0 Hurghada). Deuxi\u00e8me voyage : Prise en charge : vers 10h00 (selon l&#8217;emplacement de votre h\u00f4tel \u00e0 Hurghada) Veuillez choisir votre heure de prise en charge et nous en informer sur les notes de r\u00e9servation.<\/p>\n","protected":false},"featured_media":12196,"comment_status":"open","ping_status":"closed","template":"","meta":{"_monsterinsights_skip_tracking":false,"_monsterinsights_sitenote_active":false,"_monsterinsights_sitenote_note":"","_monsterinsights_sitenote_category":0},"product_brand":[],"product_cat":[86],"product_tag":[],"class_list":{"0":"post-12195","1":"product","2":"type-product","3":"status-publish","4":"has-post-thumbnail","6":"product_cat-excursions-en-mer","8":"first","9":"instock","10":"shipping-taxable","11":"purchasable","12":"product-type-ovabrw_car_rental"},"_links":{"self":[{"href":"http:\/\/trips-adam.com\/fr\/wp-json\/wp\/v2\/product\/12195","targetHints":{"allow":["GET"]}}],"collection":[{"href":"http:\/\/trips-adam.com\/fr\/wp-json\/wp\/v2\/product"}],"about":[{"href":"http:\/\/trips-adam.com\/fr\/wp-json\/wp\/v2\/types\/product"}],"replies":[{"embeddable":true,"href":"http:\/\/trips-adam.com\/fr\/wp-json\/wp\/v2\/comments?post=12195"}],"wp:featuredmedia":[{"embeddable":true,"href":"http:\/\/trips-adam.com\/fr\/wp-json\/wp\/v2\/media\/12196"}],"wp:attachment":[{"href":"http:\/\/trips-adam.com\/fr\/wp-json\/wp\/v2\/media?parent=12195"}],"wp:term":[{"taxonomy":"product_brand","embeddable":true,"href":"http:\/\/trips-adam.com\/fr\/wp-json\/wp\/v2\/product_brand?post=12195"},{"taxonomy":"product_cat","embeddable":true,"href":"http:\/\/trips-adam.com\/fr\/wp-json\/wp\/v2\/product_cat?post=12195"},{"taxonomy":"product_tag","embeddable":true,"href":"http:\/\/trips-adam.com\/fr\/wp-json\/wp\/v2\/product_tag?post=12195"}],"curies":[{"name":"wp","href":"https:\/\/api.w.org\/{rel}","templated":true}]}}