{"id":12236,"date":"2025-05-28T23:49:20","date_gmt":"2025-05-28T23:49:20","guid":{"rendered":"http:\/\/trips-adam.com\/?post_type=product&#038;p=12236"},"modified":"2026-04-02T04:58:29","modified_gmt":"2026-04-02T04:58:29","slug":"lile-paradisiaque-depuis-hurghada","status":"publish","type":"product","link":"http:\/\/trips-adam.com\/fr\/produit\/lile-paradisiaque-depuis-hurghada\/","title":{"rendered":"L&rsquo;\u00eele paradisiaque depuis Hurghada"},"content":{"rendered":"<ul>\n<li class=\"nonelist\">\n<h2>Aper\u00e7u<\/h2>\n<h2>\u00cele paradisiaque<\/h2>\n<p>Commencez votre journ\u00e9e par une prise en charge matinale \u00e0 votre h\u00f4tel et dirigez-vous vers la marina pour une excursion en bateau vers Paradise Island, pr\u00e8s d&rsquo;Hurghada. Profitez d&rsquo;une navigation de 45 minutes avec un arr\u00eat snorkeling dans les eaux cristallines de la mer Rouge, o\u00f9 vous pourrez observer poissons-clowns, raies manta, dauphins et coraux color\u00e9s. D\u00e9tendez-vous sur la plage de Paradise Island, avec ses cabanes en bois et ses parasols, id\u00e9ale pour nager et prendre de magnifiques photos. Ensuite, plongez avec masque et tuba pr\u00e8s de la barri\u00e8re de corail et savourez un d\u00e9licieux d\u00e9jeuner \u00e0 bord, accompagn\u00e9 de boissons sans alcool et d&rsquo;activit\u00e9s nautiques comme des balades en banane ou en canap\u00e9. Des animations pour enfants sont \u00e9galement propos\u00e9es sur la plage.<\/p>\n<p>&nbsp;<\/p>\n<div class=\"vc_row wpb_row vc_row-fluid\">\n<div class=\"wpb_column vc_column_container vc_col-sm-12\">\n<div class=\"vc_column-inner\">\n<div class=\"wpb_wrapper\">\n<div class=\"heading left\">\n<div class=\"vc_row wpb_row vc_row-fluid\">\n<div class=\"wpb_column vc_column_container vc_col-sm-12\">\n<div class=\"vc_column-inner\">\n<div class=\"wpb_wrapper\">\n<div class=\"heading left\">\n<h3><strong>Points forts:<\/strong><\/h3>\n<\/div>\n<\/div>\n<\/div>\n<\/div>\n<\/div>\n<div class=\"vc_row wpb_row vc_row-fluid\">\n<div class=\"wpb_column vc_column_container vc_col-sm-12\">\n<div class=\"vc_column-inner\">\n<div class=\"wpb_wrapper\">\n<div class=\"wpb_text_column wpb_content_element \">\n<div class=\"wpb_wrapper\">\n<ul>\n<li>Profitez de la baignade et de la plong\u00e9e avec tuba parmi la vari\u00e9t\u00e9 unique de poissons le long de la c\u00f4te<\/li>\n<li>Explorez le fantastique monde sous-marin de Paradise Island<\/li>\n<li>Profitez d&rsquo;arr\u00eats de snorkeling \u00e0 diff\u00e9rents endroits<\/li>\n<li>D\u00e9tendez-vous sur la plage de l&rsquo;\u00eele paradisiaque<\/li>\n<li>Savourez un d\u00e9jeuner sur l&rsquo;\u00eele.<\/li>\n<li>Profitez d&rsquo;un bateau fou en forme de banane<\/li>\n<\/ul>\n<p>&nbsp;<\/p>\n<\/div>\n<\/div>\n<\/div>\n<\/div>\n<\/div>\n<\/div>\n<\/div>\n<\/div>\n<\/div>\n<\/div>\n<\/div>\n<div class=\"vc_row wpb_row vc_row-fluid\">\n<div class=\"wpb_column vc_column_container vc_col-sm-12\">\n<div class=\"vc_column-inner\">\n<div class=\"wpb_wrapper\">\n<div class=\"wpb_text_column wpb_content_element \">\n<div class=\"wpb_wrapper\">\n<div class=\"heading left\">\n<div class=\"heading left\">\n<h3><strong>Que prendre avec vous ?<\/strong><\/h3>\n<\/div>\n<div class=\"wpb_text_column wpb_content_element \">\n<div class=\"wpb_wrapper\">\n<ul>\n<li>Serviette de bain<\/li>\n<li>Lunettes de soleil<\/li>\n<li>Cr\u00e8me solaire<\/li>\n<li>Maillots de bain<\/li>\n<li>\u00c9quipement photo\/vid\u00e9o<\/li>\n<\/ul>\n<\/div>\n<\/div>\n<\/div>\n<div class=\"wpb_text_column wpb_content_element \">\n<div class=\"wpb_wrapper\">\n<h3><strong>Dur\u00e9e<\/strong><\/h3>\n<p>Premier voyage :<\/p>\n<p>Prise en charge : vers 08h00 (selon l&#8217;emplacement de votre h\u00f4tel \u00e0 Hurghada).<\/p>\n<p>Deuxi\u00e8me voyage :<\/p>\n<p>Prise en charge : vers 10h00 (selon l&#8217;emplacement de votre h\u00f4tel \u00e0 Hurghada)<\/p>\n<ul>\n<li>Veuillez choisir votre heure de prise en charge et nous en informer sur les notes de r\u00e9servation.<\/li>\n<\/ul>\n<h4><\/h4>\n<\/div>\n<\/div>\n<\/div>\n<\/div>\n<\/div>\n<\/div>\n<\/div>\n<\/div>\n<\/li>\n<\/ul>\n","protected":false},"excerpt":{"rendered":"<p>Aper\u00e7u \u00cele paradisiaque Commencez votre journ\u00e9e par une prise en charge matinale \u00e0 votre h\u00f4tel et dirigez-vous vers la marina pour une excursion en bateau vers Paradise Island, pr\u00e8s d&rsquo;Hurghada. Profitez d&rsquo;une navigation de 45 minutes avec un arr\u00eat snorkeling dans les eaux cristallines de la mer Rouge, o\u00f9 vous pourrez observer poissons-clowns, raies manta, dauphins et coraux color\u00e9s. D\u00e9tendez-vous sur la plage de Paradise Island, avec ses cabanes en bois et ses parasols, id\u00e9ale pour nager et prendre de magnifiques photos. Ensuite, plongez avec masque et tuba pr\u00e8s de la barri\u00e8re de corail et savourez un d\u00e9licieux d\u00e9jeuner \u00e0 bord, accompagn\u00e9 de boissons sans alcool et d&rsquo;activit\u00e9s nautiques comme des balades en banane ou en canap\u00e9. Des animations pour enfants sont \u00e9galement propos\u00e9es sur la plage. &nbsp; Points forts: Profitez de la baignade et de la plong\u00e9e avec tuba parmi la vari\u00e9t\u00e9 unique de poissons le long de la c\u00f4te Explorez le fantastique monde sous-marin de Paradise Island Profitez d&rsquo;arr\u00eats de snorkeling \u00e0 diff\u00e9rents endroits D\u00e9tendez-vous sur la plage de l&rsquo;\u00eele paradisiaque Savourez un d\u00e9jeuner sur l&rsquo;\u00eele. Profitez d&rsquo;un bateau fou en forme de banane &nbsp; Que prendre avec vous ? Serviette de bain Lunettes de soleil Cr\u00e8me solaire Maillots de bain \u00c9quipement photo\/vid\u00e9o Dur\u00e9e Premier voyage : Prise en charge : vers 08h00 (selon l&#8217;emplacement de votre h\u00f4tel \u00e0 Hurghada). Deuxi\u00e8me voyage : Prise en charge : vers 10h00 (selon l&#8217;emplacement de votre h\u00f4tel \u00e0 Hurghada) Veuillez choisir votre heure de prise en charge et nous en informer sur les notes de r\u00e9servation.<\/p>\n","protected":false},"featured_media":12237,"comment_status":"open","ping_status":"closed","template":"","meta":{"_monsterinsights_skip_tracking":false,"_monsterinsights_sitenote_active":false,"_monsterinsights_sitenote_note":"","_monsterinsights_sitenote_category":0},"product_brand":[],"product_cat":[86],"product_tag":[],"class_list":{"0":"post-12236","1":"product","2":"type-product","3":"status-publish","4":"has-post-thumbnail","6":"product_cat-excursions-en-mer","8":"first","9":"instock","10":"shipping-taxable","11":"purchasable","12":"product-type-ovabrw_car_rental"},"_links":{"self":[{"href":"http:\/\/trips-adam.com\/fr\/wp-json\/wp\/v2\/product\/12236","targetHints":{"allow":["GET"]}}],"collection":[{"href":"http:\/\/trips-adam.com\/fr\/wp-json\/wp\/v2\/product"}],"about":[{"href":"http:\/\/trips-adam.com\/fr\/wp-json\/wp\/v2\/types\/product"}],"replies":[{"embeddable":true,"href":"http:\/\/trips-adam.com\/fr\/wp-json\/wp\/v2\/comments?post=12236"}],"wp:featuredmedia":[{"embeddable":true,"href":"http:\/\/trips-adam.com\/fr\/wp-json\/wp\/v2\/media\/12237"}],"wp:attachment":[{"href":"http:\/\/trips-adam.com\/fr\/wp-json\/wp\/v2\/media?parent=12236"}],"wp:term":[{"taxonomy":"product_brand","embeddable":true,"href":"http:\/\/trips-adam.com\/fr\/wp-json\/wp\/v2\/product_brand?post=12236"},{"taxonomy":"product_cat","embeddable":true,"href":"http:\/\/trips-adam.com\/fr\/wp-json\/wp\/v2\/product_cat?post=12236"},{"taxonomy":"product_tag","embeddable":true,"href":"http:\/\/trips-adam.com\/fr\/wp-json\/wp\/v2\/product_tag?post=12236"}],"curies":[{"name":"wp","href":"https:\/\/api.w.org\/{rel}","templated":true}]}}