{"id":12277,"date":"2025-05-28T23:54:51","date_gmt":"2025-05-28T23:54:51","guid":{"rendered":"http:\/\/trips-adam.com\/?post_type=product&#038;p=12277"},"modified":"2026-04-02T04:58:38","modified_gmt":"2026-04-02T04:58:38","slug":"ile-de-mahmya","status":"publish","type":"product","link":"http:\/\/trips-adam.com\/fr\/produit\/ile-de-mahmya\/","title":{"rendered":"\u00cele de Mahmya"},"content":{"rendered":"<blockquote>\n<h2>Aper\u00e7u<\/h2>\n<\/blockquote>\n<h2>L&rsquo;\u00eele de Mahmya<\/h2>\n<p>Explorez les r\u00e9cifs coralliens luxuriants et les jardins sous-marins de l&rsquo;\u00eele de Mahmya, dans le parc national prot\u00e9g\u00e9 des \u00eeles Giftoun. Rencontrez des dauphins, des bancs de poissons color\u00e9s et bien plus encore en plongeant avec tuba dans les eaux cristallines. D\u00e9tendez-vous sur des plages de sable blanc immacul\u00e9es et nagez dans une mer cristalline.<\/p>\n<h3><strong>Points forts:<\/strong><\/h3>\n<div class=\"highlights\">\n<ul>\n<li>Explorez le monde sous-marin de la mer Rouge<\/li>\n<li>Naviguez vers l&rsquo;\u00eele prot\u00e9g\u00e9e de Mahmya<\/li>\n<li>Cherchez les dauphins joueurs du parc national de l&rsquo;\u00eele Giftun<\/li>\n<li>Profitez d&rsquo;un d\u00e9jeuner de fruits de mer et de sp\u00e9cialit\u00e9s italiennes<\/li>\n<li>D\u00e9tendez-vous sur les plages de sable blanc et nagez dans une mer cristalline<\/li>\n<\/ul>\n<h3><strong>Ce qu&rsquo;il faut emporter avec vous :<\/strong><\/h3>\n<ul>\n<li>Serviette de bain<\/li>\n<li>Lunettes de soleil<\/li>\n<li>Cr\u00e8me solaire<\/li>\n<li>Maillots de bain<\/li>\n<li>\u00c9quipement photo\/vid\u00e9o<\/li>\n<\/ul>\n<\/div>\n<h3><strong>Dur\u00e9e<\/strong><\/h3>\n<p>Prise en charge : vers 08h00 (selon l&#8217;emplacement de votre h\u00f4tel \u00e0 Hurghada).<\/p>\n<h4><\/h4>\n","protected":false},"excerpt":{"rendered":"<p>Aper\u00e7u L&rsquo;\u00eele de Mahmya Explorez les r\u00e9cifs coralliens luxuriants et les jardins sous-marins de l&rsquo;\u00eele de Mahmya, dans le parc national prot\u00e9g\u00e9 des \u00eeles Giftoun. Rencontrez des dauphins, des bancs de poissons color\u00e9s et bien plus encore en plongeant avec tuba dans les eaux cristallines. D\u00e9tendez-vous sur des plages de sable blanc immacul\u00e9es et nagez dans une mer cristalline. Points forts: Explorez le monde sous-marin de la mer Rouge Naviguez vers l&rsquo;\u00eele prot\u00e9g\u00e9e de Mahmya Cherchez les dauphins joueurs du parc national de l&rsquo;\u00eele Giftun Profitez d&rsquo;un d\u00e9jeuner de fruits de mer et de sp\u00e9cialit\u00e9s italiennes D\u00e9tendez-vous sur les plages de sable blanc et nagez dans une mer cristalline Ce qu&rsquo;il faut emporter avec vous : Serviette de bain Lunettes de soleil Cr\u00e8me solaire Maillots de bain \u00c9quipement photo\/vid\u00e9o Dur\u00e9e Prise en charge : vers 08h00 (selon l&#8217;emplacement de votre h\u00f4tel \u00e0 Hurghada).<\/p>\n","protected":false},"featured_media":12278,"comment_status":"open","ping_status":"closed","template":"","meta":{"_monsterinsights_skip_tracking":false,"_monsterinsights_sitenote_active":false,"_monsterinsights_sitenote_note":"","_monsterinsights_sitenote_category":0},"product_brand":[],"product_cat":[86],"product_tag":[],"class_list":{"0":"post-12277","1":"product","2":"type-product","3":"status-publish","4":"has-post-thumbnail","6":"product_cat-excursions-en-mer","8":"first","9":"instock","10":"shipping-taxable","11":"purchasable","12":"product-type-ovabrw_car_rental"},"_links":{"self":[{"href":"http:\/\/trips-adam.com\/fr\/wp-json\/wp\/v2\/product\/12277","targetHints":{"allow":["GET"]}}],"collection":[{"href":"http:\/\/trips-adam.com\/fr\/wp-json\/wp\/v2\/product"}],"about":[{"href":"http:\/\/trips-adam.com\/fr\/wp-json\/wp\/v2\/types\/product"}],"replies":[{"embeddable":true,"href":"http:\/\/trips-adam.com\/fr\/wp-json\/wp\/v2\/comments?post=12277"}],"wp:featuredmedia":[{"embeddable":true,"href":"http:\/\/trips-adam.com\/fr\/wp-json\/wp\/v2\/media\/12278"}],"wp:attachment":[{"href":"http:\/\/trips-adam.com\/fr\/wp-json\/wp\/v2\/media?parent=12277"}],"wp:term":[{"taxonomy":"product_brand","embeddable":true,"href":"http:\/\/trips-adam.com\/fr\/wp-json\/wp\/v2\/product_brand?post=12277"},{"taxonomy":"product_cat","embeddable":true,"href":"http:\/\/trips-adam.com\/fr\/wp-json\/wp\/v2\/product_cat?post=12277"},{"taxonomy":"product_tag","embeddable":true,"href":"http:\/\/trips-adam.com\/fr\/wp-json\/wp\/v2\/product_tag?post=12277"}],"curies":[{"name":"wp","href":"https:\/\/api.w.org\/{rel}","templated":true}]}}