{"id":12359,"date":"2025-05-29T00:07:21","date_gmt":"2025-05-29T00:07:21","guid":{"rendered":"http:\/\/trips-adam.com\/?post_type=product&#038;p=12359"},"modified":"2026-04-02T05:08:02","modified_gmt":"2026-04-02T05:08:02","slug":"super-safari","status":"publish","type":"product","link":"http:\/\/trips-adam.com\/fr\/produit\/super-safari\/","title":{"rendered":"Super safari"},"content":{"rendered":"<div class=\"elementor-element elementor-element-f85dd7f elementor-widget elementor-widget-heading\" data-id=\"f85dd7f\" data-element_type=\"widget\" data-widget_type=\"heading.default\">\n<div class=\"elementor-widget-container\">\n<h2 class=\"elementor-heading-title elementor-size-default\">Aper\u00e7u<\/h2>\n<\/div>\n<\/div>\n<div class=\"elementor-element elementor-element-23592fac elementor-widget elementor-widget-babe-item-content\" data-id=\"23592fac\" data-element_type=\"widget\" data-widget_type=\"babe-item-content.default\">\n<div class=\"elementor-widget-container\">\n<div class=\"elementor-widget-inner\">\n<div class=\"triply-single-content\">\n<h2>Safari dans le Sahara \u2013 Quad, Buggy, Jeep et Spectacle<\/h2>\n<p>Explorez le d\u00e9sert du Sahara avec le peuple b\u00e9douin : quad, buggy, jeep, visite de village et spectacle traditionnel avec buffet \u00e0 volont\u00e9.<\/p>\n<p>&nbsp;<\/p>\n<h3><strong>Jours de la semaine et dur\u00e9e :<\/strong><\/h3>\n<p>Disponible tous les jours.<\/p>\n<p>Activit\u00e9 l&rsquo;apr\u00e8s-midi uniquement \u2013 \u200b\u200bretour pr\u00e9vu vers 19h.<\/p>\n<div class=\"container\">\n<div class=\"trip-insight \">\n<div class=\"insight-list-wrap row owl-carousel owl-theme owl-responsive-700 owl-loaded\">\n<div class=\"owl-controls\">\n<div class=\"owl-nav\">\n<div class=\"flex max-w-full flex-col flex-grow\">\n<div class=\"min-h-[20px] text-message flex w-full flex-col items-end gap-2 whitespace-normal break-words [.text-message+&amp;]:mt-5\" dir=\"auto\" data-message-author-role=\"assistant\" data-message-id=\"5481a9d7-d2f8-4d62-b5fb-ea77b05a7844\">\n<div class=\"flex w-full flex-col gap-1 empty:hidden first:pt-[3px]\">\n<div class=\"markdown prose w-full break-words dark:prose-invert light\">\n<p>&nbsp;<\/p>\n<div id=\"carousel\" class=\"main-img carousel slide carousel-fade full-height with-overlay\" data-ride=\"carousel\">\n<div class=\"vc_row wpb_row vc_row-fluid\">\n<div class=\"wpb_column vc_column_container vc_col-sm-12\">\n<div class=\"vc_column-inner\">\n<div class=\"wpb_wrapper\">\n<div class=\"wpb_text_column wpb_content_element \">\n<div class=\"wpb_wrapper\">\n<h3><strong>Points forts:<\/strong><\/h3>\n<div class=\"std\">\n<div class=\"std\">\n<ul>\n<li class=\"nonelist\">Transfert de votre h\u00f4tel \u00e0 Hurghada vers le site du safari.<\/li>\n<li class=\"nonelist\">30 minutes de balade en quad dans le d\u00e9sert.<\/li>\n<li class=\"nonelist\">20 minutes de balade en buggy double pour plus de sensations fortes.<\/li>\n<li class=\"nonelist\">Randonn\u00e9e en jeep de 25 km avec un guide pour explorer des vues panoramiques.<\/li>\n<li class=\"nonelist\">Visitez un village b\u00e9douin pour une immersion culturelle.<\/li>\n<li class=\"nonelist\">Buffet \u00e0 volont\u00e9 et spectacle traditionnel pour terminer la journ\u00e9e.<\/li>\n<li class=\"nonelist\">Retour \u00e0 votre h\u00f4tel avec notre chauffeur.<\/li>\n<\/ul>\n<p>&nbsp;<\/p>\n<\/div>\n<h3 class=\"tour-item-title list-font\"><strong>Ce qu&rsquo;il faut apporter :<\/strong><\/h3>\n<div class=\"tour-item-description list-font\">\n<ul>\n<li>Chaussures de sport confortables pour le d\u00e9sert<\/li>\n<li>Coiffe \u2013 Foulard b\u00e9douin<\/li>\n<li>Lunettes de soleil<\/li>\n<li>Eau<\/li>\n<\/ul>\n<h3><strong>Dur\u00e9e<\/strong><\/h3>\n<p><strong>Premier voyage :<\/strong><\/p>\n<ul>\n<li>Prise en charge : vers 11h00 (selon l&#8217;emplacement de votre h\u00f4tel \u00e0 Hurghada).<\/li>\n<\/ul>\n<p><strong>Deuxi\u00e8me voyage :<\/strong><\/p>\n<ul>\n<li>Prise en charge : vers 13h30 (selon l&#8217;emplacement de votre h\u00f4tel \u00e0 Hurghada)<\/li>\n<\/ul>\n<\/div>\n<\/div>\n<\/div>\n<\/div>\n<\/div>\n<\/div>\n<\/div>\n<\/div>\n<\/div>\n<\/div>\n<\/div>\n<\/div>\n<\/div>\n<\/div>\n<\/div>\n<\/div>\n<\/div>\n<\/div>\n<\/div>\n<\/div>\n<\/div>\n<\/div>\n<div class=\"elementor-element elementor-element-23592fac elementor-widget elementor-widget-babe-item-content\" data-id=\"23592fac\" data-element_type=\"widget\" data-widget_type=\"babe-item-content.default\">\n<div class=\"elementor-widget-container\">\n<div class=\"elementor-widget-inner\">\n<div class=\"triply-single-content\">\n<div class=\"container\">\n<div class=\"trip-insight \">\n<div class=\"insight-list-wrap row owl-carousel owl-theme owl-responsive-700 owl-loaded\">\n<div class=\"owl-controls\">\n<div class=\"owl-nav\">\n<div class=\"flex max-w-full flex-col flex-grow\">\n<div class=\"min-h-[20px] text-message flex w-full flex-col items-end gap-2 whitespace-normal break-words [.text-message+&amp;]:mt-5\" dir=\"auto\" data-message-author-role=\"assistant\" data-message-id=\"5481a9d7-d2f8-4d62-b5fb-ea77b05a7844\">\n<div class=\"flex w-full flex-col gap-1 empty:hidden first:pt-[3px]\">\n<div class=\"markdown prose w-full break-words dark:prose-invert light\">\n<div id=\"carousel\" class=\"main-img carousel slide carousel-fade full-height with-overlay\" data-ride=\"carousel\">\n<div class=\"vc_row wpb_row vc_row-fluid\">\n<div class=\"wpb_column vc_column_container vc_col-sm-12\">\n<div class=\"vc_column-inner\">\n<div class=\"wpb_wrapper\">\n<div class=\"wpb_text_column wpb_content_element \">\n<div class=\"wpb_wrapper\">\n<div class=\"std\">\n<div class=\"tour-item-description list-font\">\n<p><strong>Veuillez choisir votre heure de prise en charge et nous en informer sur les notes de r\u00e9servation.<\/strong><\/p>\n<h4><\/h4>\n<\/div>\n<\/div>\n<\/div>\n<\/div>\n<\/div>\n<\/div>\n<\/div>\n<\/div>\n<\/div>\n<\/div>\n<\/div>\n<\/div>\n<\/div>\n<\/div>\n<\/div>\n<\/div>\n<\/div>\n<\/div>\n<\/div>\n<\/div>\n<\/div>\n<\/div>\n","protected":false},"excerpt":{"rendered":"<p>Aper\u00e7u Safari dans le Sahara \u2013 Quad, Buggy, Jeep et Spectacle Explorez le d\u00e9sert du Sahara avec le peuple b\u00e9douin : quad, buggy, jeep, visite de village et spectacle traditionnel avec buffet \u00e0 volont\u00e9. &nbsp; Jours de la semaine et dur\u00e9e : Disponible tous les jours. Activit\u00e9 l&rsquo;apr\u00e8s-midi uniquement \u2013 \u200b\u200bretour pr\u00e9vu vers 19h. &nbsp; Points forts: Transfert de votre h\u00f4tel \u00e0 Hurghada vers le site du safari. 30 minutes de balade en quad dans le d\u00e9sert. 20 minutes de balade en buggy double pour plus de sensations fortes. Randonn\u00e9e en jeep de 25 km avec un guide pour explorer des vues panoramiques. Visitez un village b\u00e9douin pour une immersion culturelle. Buffet \u00e0 volont\u00e9 et spectacle traditionnel pour terminer la journ\u00e9e. Retour \u00e0 votre h\u00f4tel avec notre chauffeur. &nbsp; Ce qu&rsquo;il faut apporter : Chaussures de sport confortables pour le d\u00e9sert Coiffe \u2013 Foulard b\u00e9douin Lunettes de soleil Eau Dur\u00e9e Premier voyage : Prise en charge : vers 11h00 (selon l&#8217;emplacement de votre h\u00f4tel \u00e0 Hurghada). Deuxi\u00e8me voyage : Prise en charge : vers 13h30 (selon l&#8217;emplacement de votre h\u00f4tel \u00e0 Hurghada) Veuillez choisir votre heure de prise en charge et nous en informer sur les notes de r\u00e9servation.<\/p>\n","protected":false},"featured_media":12360,"comment_status":"open","ping_status":"closed","template":"","meta":{"_monsterinsights_skip_tracking":false,"_monsterinsights_sitenote_active":false,"_monsterinsights_sitenote_note":"","_monsterinsights_sitenote_category":0},"product_brand":[],"product_cat":[88],"product_tag":[],"class_list":{"0":"post-12359","1":"product","2":"type-product","3":"status-publish","4":"has-post-thumbnail","6":"product_cat-voyages-safari","8":"first","9":"instock","10":"shipping-taxable","11":"purchasable","12":"product-type-ovabrw_car_rental"},"_links":{"self":[{"href":"http:\/\/trips-adam.com\/fr\/wp-json\/wp\/v2\/product\/12359","targetHints":{"allow":["GET"]}}],"collection":[{"href":"http:\/\/trips-adam.com\/fr\/wp-json\/wp\/v2\/product"}],"about":[{"href":"http:\/\/trips-adam.com\/fr\/wp-json\/wp\/v2\/types\/product"}],"replies":[{"embeddable":true,"href":"http:\/\/trips-adam.com\/fr\/wp-json\/wp\/v2\/comments?post=12359"}],"wp:featuredmedia":[{"embeddable":true,"href":"http:\/\/trips-adam.com\/fr\/wp-json\/wp\/v2\/media\/12360"}],"wp:attachment":[{"href":"http:\/\/trips-adam.com\/fr\/wp-json\/wp\/v2\/media?parent=12359"}],"wp:term":[{"taxonomy":"product_brand","embeddable":true,"href":"http:\/\/trips-adam.com\/fr\/wp-json\/wp\/v2\/product_brand?post=12359"},{"taxonomy":"product_cat","embeddable":true,"href":"http:\/\/trips-adam.com\/fr\/wp-json\/wp\/v2\/product_cat?post=12359"},{"taxonomy":"product_tag","embeddable":true,"href":"http:\/\/trips-adam.com\/fr\/wp-json\/wp\/v2\/product_tag?post=12359"}],"curies":[{"name":"wp","href":"https:\/\/api.w.org\/{rel}","templated":true}]}}