{"id":12397,"date":"2025-05-29T00:12:56","date_gmt":"2025-05-29T00:12:56","guid":{"rendered":"http:\/\/trips-adam.com\/?post_type=product&#038;p=12397"},"modified":"2026-04-02T05:08:33","modified_gmt":"2026-04-02T05:08:33","slug":"safari-en-famille-matin-ou-coucher-de-soleil","status":"publish","type":"product","link":"http:\/\/trips-adam.com\/fr\/produit\/safari-en-famille-matin-ou-coucher-de-soleil\/","title":{"rendered":"Safari en famille (matin) ou (coucher de soleil)"},"content":{"rendered":"<div class=\"elementor-element elementor-element-f85dd7f elementor-widget elementor-widget-heading\" data-id=\"f85dd7f\" data-element_type=\"widget\" data-widget_type=\"heading.default\">\n<div class=\"elementor-widget-container\">\n<div class=\"elementor-element elementor-element-f85dd7f elementor-widget elementor-widget-heading\" data-id=\"f85dd7f\" data-element_type=\"widget\" data-widget_type=\"heading.default\">\n<div class=\"elementor-widget-container\">\n<h2 class=\"elementor-heading-title elementor-size-default\">Aper\u00e7u<\/h2>\n<\/div>\n<\/div>\n<div class=\"elementor-element elementor-element-23592fac elementor-widget elementor-widget-babe-item-content\" data-id=\"23592fac\" data-element_type=\"widget\" data-widget_type=\"babe-item-content.default\">\n<div class=\"elementor-widget-container\">\n<div class=\"elementor-widget-inner\">\n<div class=\"triply-single-content\">\n<h3 class=\"main-header\">\u00a0Safari en quad de 3 heures le matin au d\u00e9part d&rsquo;Hurghada<\/h3>\n<div class=\"flex max-w-full flex-col flex-grow\">\n<div class=\"min-h-[20px] text-message flex w-full flex-col items-end gap-2 whitespace-normal break-words [.text-message+&amp;]:mt-5\" dir=\"auto\" data-message-author-role=\"assistant\" data-message-id=\"3ddb6f01-46b3-4d29-b598-a765631fdef2\">\n<div class=\"flex w-full flex-col gap-1 empty:hidden first:pt-[3px]\">\n<div class=\"markdown prose w-full break-words dark:prose-invert light\">\n<p>Le voyage commence par une prise en charge \u00e0 votre h\u00f4tel et un trajet jusqu&rsquo;\u00e0 la station Safari vers 8h00.<\/p>\n<p>Nous commen\u00e7ons notre programme avec un quad Honda pendant 45 minutes pour d\u00e9couvrir le d\u00e9sert d&rsquo;or et faire quelques arr\u00eats pour prendre des photos dans l&rsquo;\u00e9tonnant d\u00e9sert d&rsquo;HURGHADA.<\/p>\n<p>deuxi\u00e8mement, nous conduirons une voiture araign\u00e9e (buggy) pendant 15 minutes, un buggy familial ou un buggy double<\/p>\n<p>Ensuite, vivez un safari en jeep passionnant \u00e0 travers le d\u00e9sert, en escaladant les dunes de sable sur le chemin du village b\u00e9douin.<\/p>\n<p>Apr\u00e8s environ 25 km de safari en jeep, vous atteindrez votre destination (un village b\u00e9douin). Vous pourrez vous y d\u00e9tendre, faire une balade \u00e0 dos de chameau ou en voiture Spider, d\u00e9guster un th\u00e9 b\u00e9douin et d\u00e9couvrir la vie traditionnelle des B\u00e9douins.<\/p>\n<p>Retour du village b\u00e9douin \u00e0 l&rsquo;h\u00f4tel vers 12h30.<\/p>\n<p>&nbsp;<\/p>\n<\/div>\n<\/div>\n<\/div>\n<\/div>\n<div class=\"mb-2 flex gap-3 empty:hidden -ml-2\">\n<div class=\"items-center justify-start rounded-xl p-1 flex\">\n<div class=\"flex items-center\">\n<div class=\"vc_row wpb_row vc_row-fluid\">\n<div class=\"wpb_column vc_column_container vc_col-sm-12\">\n<div class=\"vc_column-inner\">\n<div class=\"wpb_wrapper\">\n<div class=\"heading left\">\n<h3><strong>Points forts:<\/strong><\/h3>\n<\/div>\n<\/div>\n<\/div>\n<\/div>\n<\/div>\n<div class=\"vc_row wpb_row vc_row-fluid\">\n<div class=\"wpb_column vc_column_container vc_col-sm-12\">\n<div class=\"vc_column-inner\">\n<div class=\"wpb_wrapper\">\n<div class=\"wpb_text_column wpb_content_element \">\n<div class=\"wpb_wrapper\">\n<ul>\n<li>Conduisez un quad dans le d\u00e9sert oriental d&rsquo;\u00c9gypte<\/li>\n<li>Explorez le magnifique d\u00e9sert.<\/li>\n<li>Visitez un village b\u00e9douin traditionnel<\/li>\n<li>Monter \u00e0 dos de chameau<\/li>\n<li>Arr\u00eatez-vous pour boire un th\u00e9 dans une tente b\u00e9douine<\/li>\n<li>Rencontrez des B\u00e9douins sympathiques dans leurs tentes<\/li>\n<li>Guide touristique priv\u00e9 toute la journ\u00e9e avec vous<\/li>\n<li>Prise en charge et retour \u00e0 l&rsquo;h\u00f4tel depuis Hurghada inclus<\/li>\n<\/ul>\n<div class=\"heading left\">\n<h2>Que prendre avec vous ?<\/h2>\n<\/div>\n<div class=\"wpb_text_column wpb_content_element \">\n<div class=\"wpb_wrapper\">\n<ul>\n<li>\u00c9quipement photo et vid\u00e9o<\/li>\n<li>Couvre-chef (\u00e9charpe)<\/li>\n<li>Cr\u00e8me solaire<\/li>\n<li>Lunettes de soleil<\/li>\n<li>Des chaussures confortables<\/li>\n<li>des v\u00eatements chauds en hiver ou des v\u00eatements amples en \u00e9t\u00e9.<\/li>\n<\/ul>\n<h3><strong>\u00a0Dur\u00e9e<\/strong><\/h3>\n<p><strong>Premier voyage :<\/strong><\/p>\n<ul>\n<li>Prise en charge : vers 08h00 (selon l&#8217;emplacement de votre h\u00f4tel \u00e0 Hurghada).<\/li>\n<\/ul>\n<p><strong>Deuxi\u00e8me voyage :<\/strong><\/p>\n<ul>\n<li>Prise en charge : vers 14h00 (selon l&#8217;emplacement de votre h\u00f4tel \u00e0 Hurghada)<\/li>\n<\/ul>\n<\/div>\n<\/div>\n<\/div>\n<h5>Veuillez choisir votre heure de prise en charge et nous en informer sur les notes de r\u00e9servation.<\/h5>\n<h4><\/h4>\n<\/div>\n<\/div>\n<\/div>\n<\/div>\n<\/div>\n<\/div>\n<\/div>\n<\/div>\n<\/div>\n<\/div>\n<\/div>\n<\/div>\n<\/div>\n<\/div>\n","protected":false},"excerpt":{"rendered":"<p>Aper\u00e7u \u00a0Safari en quad de 3 heures le matin au d\u00e9part d&rsquo;Hurghada Le voyage commence par une prise en charge \u00e0 votre h\u00f4tel et un trajet jusqu&rsquo;\u00e0 la station Safari vers 8h00. Nous commen\u00e7ons notre programme avec un quad Honda pendant 45 minutes pour d\u00e9couvrir le d\u00e9sert d&rsquo;or et faire quelques arr\u00eats pour prendre des photos dans l&rsquo;\u00e9tonnant d\u00e9sert d&rsquo;HURGHADA. deuxi\u00e8mement, nous conduirons une voiture araign\u00e9e (buggy) pendant 15 minutes, un buggy familial ou un buggy double Ensuite, vivez un safari en jeep passionnant \u00e0 travers le d\u00e9sert, en escaladant les dunes de sable sur le chemin du village b\u00e9douin. Apr\u00e8s environ 25 km de safari en jeep, vous atteindrez votre destination (un village b\u00e9douin). Vous pourrez vous y d\u00e9tendre, faire une balade \u00e0 dos de chameau ou en voiture Spider, d\u00e9guster un th\u00e9 b\u00e9douin et d\u00e9couvrir la vie traditionnelle des B\u00e9douins. Retour du village b\u00e9douin \u00e0 l&rsquo;h\u00f4tel vers 12h30. &nbsp; Points forts: Conduisez un quad dans le d\u00e9sert oriental d&rsquo;\u00c9gypte Explorez le magnifique d\u00e9sert. Visitez un village b\u00e9douin traditionnel Monter \u00e0 dos de chameau Arr\u00eatez-vous pour boire un th\u00e9 dans une tente b\u00e9douine Rencontrez des B\u00e9douins sympathiques dans leurs tentes Guide touristique priv\u00e9 toute la journ\u00e9e avec vous Prise en charge et retour \u00e0 l&rsquo;h\u00f4tel depuis Hurghada inclus Que prendre avec vous ? \u00c9quipement photo et vid\u00e9o Couvre-chef (\u00e9charpe) Cr\u00e8me solaire Lunettes de soleil Des chaussures confortables des v\u00eatements chauds en hiver ou des v\u00eatements amples en \u00e9t\u00e9. \u00a0Dur\u00e9e Premier voyage : Prise en charge : vers 08h00 (selon l&#8217;emplacement de votre h\u00f4tel \u00e0 Hurghada). Deuxi\u00e8me voyage : Prise en charge : vers 14h00 (selon l&#8217;emplacement de votre h\u00f4tel \u00e0 Hurghada) Veuillez choisir votre heure de prise en charge et nous en informer sur les notes de r\u00e9servation.<\/p>\n","protected":false},"featured_media":12398,"comment_status":"open","ping_status":"closed","template":"","meta":{"_monsterinsights_skip_tracking":false,"_monsterinsights_sitenote_active":false,"_monsterinsights_sitenote_note":"","_monsterinsights_sitenote_category":0},"product_brand":[],"product_cat":[88,90],"product_tag":[],"class_list":{"0":"post-12397","1":"product","2":"type-product","3":"status-publish","4":"has-post-thumbnail","6":"product_cat-voyages-safari","7":"product_cat-voyages-en-famille","9":"first","10":"instock","11":"shipping-taxable","12":"purchasable","13":"product-type-ovabrw_car_rental"},"_links":{"self":[{"href":"http:\/\/trips-adam.com\/fr\/wp-json\/wp\/v2\/product\/12397","targetHints":{"allow":["GET"]}}],"collection":[{"href":"http:\/\/trips-adam.com\/fr\/wp-json\/wp\/v2\/product"}],"about":[{"href":"http:\/\/trips-adam.com\/fr\/wp-json\/wp\/v2\/types\/product"}],"replies":[{"embeddable":true,"href":"http:\/\/trips-adam.com\/fr\/wp-json\/wp\/v2\/comments?post=12397"}],"wp:featuredmedia":[{"embeddable":true,"href":"http:\/\/trips-adam.com\/fr\/wp-json\/wp\/v2\/media\/12398"}],"wp:attachment":[{"href":"http:\/\/trips-adam.com\/fr\/wp-json\/wp\/v2\/media?parent=12397"}],"wp:term":[{"taxonomy":"product_brand","embeddable":true,"href":"http:\/\/trips-adam.com\/fr\/wp-json\/wp\/v2\/product_brand?post=12397"},{"taxonomy":"product_cat","embeddable":true,"href":"http:\/\/trips-adam.com\/fr\/wp-json\/wp\/v2\/product_cat?post=12397"},{"taxonomy":"product_tag","embeddable":true,"href":"http:\/\/trips-adam.com\/fr\/wp-json\/wp\/v2\/product_tag?post=12397"}],"curies":[{"name":"wp","href":"https:\/\/api.w.org\/{rel}","templated":true}]}}