{"id":12461,"date":"2025-05-29T00:22:21","date_gmt":"2025-05-29T00:22:21","guid":{"rendered":"http:\/\/trips-adam.com\/?post_type=product&#038;p=12461"},"modified":"2026-04-02T05:10:18","modified_gmt":"2026-04-02T05:10:18","slug":"le-caire-1-jour-en-bus","status":"publish","type":"product","link":"http:\/\/trips-adam.com\/fr\/produit\/le-caire-1-jour-en-bus\/","title":{"rendered":"Le Caire 1 jour en bus"},"content":{"rendered":"<div class=\"elementor-element elementor-element-f85dd7f elementor-widget elementor-widget-heading\" data-id=\"f85dd7f\" data-element_type=\"widget\" data-widget_type=\"heading.default\">\n<div class=\"elementor-widget-container\">\n<div class=\"elementor-element elementor-element-f85dd7f elementor-widget elementor-widget-heading\" data-id=\"f85dd7f\" data-element_type=\"widget\" data-widget_type=\"heading.default\">\n<div class=\"elementor-widget-container\">\n<div class=\"elementor-element elementor-element-f85dd7f elementor-widget elementor-widget-heading\" data-id=\"f85dd7f\" data-element_type=\"widget\" data-widget_type=\"heading.default\">\n<div class=\"elementor-widget-container\">\n<div class=\"ovabrw_product_title\">\n<div class=\"heading left\">\n<div class=\"heading left\">\n<div class=\"heading left\">\n<p><strong>Excursion d&rsquo;une journ\u00e9e au Caire depuis Hurghada en bus<\/strong><\/p>\n<p><strong>Nous viendrons<\/strong>\u00a0\u00a0vous chercher \u00e0 votre h\u00f4tel tard le soir et vous conduirons au Caire dans un bus confortable \u00e9quip\u00e9 de toilettes. L&rsquo;heure de prise en charge est entre 1h30 et 2h30 du matin, selon la zone de votre h\u00f4tel.<\/p>\n<p>\u00c0 votre arriv\u00e9e au Caire, votre guide vous conduira au\u00a0<strong>\u00a0mus\u00e9e \u00e9gyptien<\/strong>\u00a0, o\u00f9 vous pourrez admirer une collection rare de\u00a0\u00a0<strong>5\u00a0000 ans<\/strong>\u00a0\u00a0d&rsquo;art, consid\u00e9r\u00e9e comme la plus grande et la plus pr\u00e9cieuse collection d&rsquo;art \u00e9gyptien au monde. Plus de 250\u00a0000 objets authentiques sont pr\u00e9sent\u00e9s, dont une exposition consacr\u00e9e au\u00a0\u00a0<strong>tr\u00e9sor<\/strong>\u00a0, \u00e0 l&rsquo;or et aux bijoux de Toutankhamon, conserv\u00e9s dans sa tombe, ainsi qu&rsquo;\u00e0 son\u00a0<strong>\u00a0masque de 11\u00a0kg<\/strong>\u00a0et \u00a0\u00e0 son\u00a0<strong>\u00a0cercueil de 110\u00a0kg d&rsquo;or pur.<\/strong><\/p>\n<p><strong>Profitez de votre d\u00e9jeuner<\/strong>\u00a0\u00e9gyptien\u00a0\u00a0\u00a0dans un restaurant traditionnel.<\/p>\n<p>Le\u00a0\u00a0<strong>guide<\/strong>\u00a0\u00a0vous accompagnera dans votre aventure \u00e0 la d\u00e9couverte des magnifiques\u00a0\u00a0<strong>pyramides de Kh\u00e9ops, Kh\u00e9phren et Myk\u00e9rina, le Sphinx<\/strong>\u00a0\u00a0\u00e0 t\u00eate de pharaon et corps de lion, datant du r\u00e8gne du roi Kh\u00e9phren.\u00a0\u00a0<strong>Le temple de la vall\u00e9e<\/strong>\u00a0\u00a0de la pyramide de Kh\u00e9phren est \u00e9galement une magnifique \u0153uvre d&rsquo;architecture antique, et nous pourrons ainsi admirer la pr\u00e9cision de ses constructeurs.<\/p>\n<p>La visite comprend \u00e9galement une visite du\u00a0<strong>\u00a0Temple de la Vall\u00e9e<\/strong>\u00a0, qui appartient aux Pyramides de Kh\u00e9phren.<\/p>\n<p>&nbsp;<\/p>\n<h3><strong>Jours et dur\u00e9e :<\/strong><\/h3>\n<p>Mardi et jeudi<\/p>\n<p>De minuit \u00e0 23h00 (horaire confirm\u00e9 apr\u00e8s r\u00e9servation).<\/p>\n<p>Excursion d&rsquo;une journ\u00e9e compl\u00e8te (environ 23 heures, transferts inclus).<\/p>\n<p>&nbsp;<\/p>\n<h3><strong>Programme:<\/strong><\/h3>\n<p>Prise en charge \u00e0 l&rsquo;h\u00f4tel entre minuit et 2 heures du matin.<\/p>\n<p>Voyage au Caire en bus climatis\u00e9.<\/p>\n<p>Visitez les pyramides de Gizeh et le Sphinx avec un guide anglophone.<\/p>\n<p>Explorez le mus\u00e9e \u00e9gyptien.<\/p>\n<p>D\u00e9jeuner buffet \u00e0 volont\u00e9 dans un restaurant local.<\/p>\n<p>Visitez un atelier de parfumerie et de papyrus.<\/p>\n<p>Croisi\u00e8re sur le Nil en option (10 \u20ac par personne).<\/p>\n<p>Retour \u00e0 Hurghada, arriv\u00e9e vers 23 heures.<\/p>\n<\/div>\n<\/div>\n<\/div>\n<\/div>\n<div class=\"wpb_wrapper\">\n<div class=\"elementor-element elementor-element-46b7719 elementor-widget elementor-widget-babe-item-steps\" data-id=\"46b7719\" data-element_type=\"widget\" data-widget_type=\"babe-item-steps.default\">\n<div class=\"elementor-widget-container\">\n<div class=\"block_step\">\n<div class=\"block_step_content collapse-body block_active\">\n<div class=\"content\">\n<p>&nbsp;<\/p>\n<\/div>\n<\/div>\n<\/div>\n<\/div>\n<\/div>\n<div class=\"elementor-element elementor-element-4bfce25 elementor-widget-divider--view-line elementor-widget elementor-widget-divider\" data-id=\"4bfce25\" data-element_type=\"widget\" data-widget_type=\"divider.default\">\n<div class=\"elementor-widget-container\">\n<div class=\"elementor-divider\">\n<h2>\u00a0Dur\u00e9e<\/h2>\n<p><strong>Prise en charge : vers 2h00 du matin<\/strong><\/p>\n<h4><\/h4>\n<\/div>\n<\/div>\n<\/div>\n<\/div>\n<\/div>\n<\/div>\n<\/div>\n<\/div>\n<\/div>\n<\/div>\n","protected":false},"excerpt":{"rendered":"<p>Excursion d&rsquo;une journ\u00e9e au Caire depuis Hurghada en bus Nous viendrons\u00a0\u00a0vous chercher \u00e0 votre h\u00f4tel tard le soir et vous conduirons au Caire dans un bus confortable \u00e9quip\u00e9 de toilettes. L&rsquo;heure de prise en charge est entre 1h30 et 2h30 du matin, selon la zone de votre h\u00f4tel. \u00c0 votre arriv\u00e9e au Caire, votre guide vous conduira au\u00a0\u00a0mus\u00e9e \u00e9gyptien\u00a0, o\u00f9 vous pourrez admirer une collection rare de\u00a0\u00a05\u00a0000 ans\u00a0\u00a0d&rsquo;art, consid\u00e9r\u00e9e comme la plus grande et la plus pr\u00e9cieuse collection d&rsquo;art \u00e9gyptien au monde. Plus de 250\u00a0000 objets authentiques sont pr\u00e9sent\u00e9s, dont une exposition consacr\u00e9e au\u00a0\u00a0tr\u00e9sor\u00a0, \u00e0 l&rsquo;or et aux bijoux de Toutankhamon, conserv\u00e9s dans sa tombe, ainsi qu&rsquo;\u00e0 son\u00a0\u00a0masque de 11\u00a0kg\u00a0et \u00a0\u00e0 son\u00a0\u00a0cercueil de 110\u00a0kg d&rsquo;or pur. Profitez de votre d\u00e9jeuner\u00a0\u00e9gyptien\u00a0\u00a0\u00a0dans un restaurant traditionnel. Le\u00a0\u00a0guide\u00a0\u00a0vous accompagnera dans votre aventure \u00e0 la d\u00e9couverte des magnifiques\u00a0\u00a0pyramides de Kh\u00e9ops, Kh\u00e9phren et Myk\u00e9rina, le Sphinx\u00a0\u00a0\u00e0 t\u00eate de pharaon et corps de lion, datant du r\u00e8gne du roi Kh\u00e9phren.\u00a0\u00a0Le temple de la vall\u00e9e\u00a0\u00a0de la pyramide de Kh\u00e9phren est \u00e9galement une magnifique \u0153uvre d&rsquo;architecture antique, et nous pourrons ainsi admirer la pr\u00e9cision de ses constructeurs. La visite comprend \u00e9galement une visite du\u00a0\u00a0Temple de la Vall\u00e9e\u00a0, qui appartient aux Pyramides de Kh\u00e9phren. &nbsp; Jours et dur\u00e9e : Mardi et jeudi De minuit \u00e0 23h00 (horaire confirm\u00e9 apr\u00e8s r\u00e9servation). Excursion d&rsquo;une journ\u00e9e compl\u00e8te (environ 23 heures, transferts inclus). &nbsp; Programme: Prise en charge \u00e0 l&rsquo;h\u00f4tel entre minuit et 2 heures du matin. Voyage au Caire en bus climatis\u00e9. Visitez les pyramides de Gizeh et le Sphinx avec un guide anglophone. Explorez le mus\u00e9e \u00e9gyptien. D\u00e9jeuner buffet \u00e0 volont\u00e9 dans un restaurant local. Visitez un atelier de parfumerie et de papyrus. Croisi\u00e8re sur le Nil en option (10 \u20ac par personne). Retour \u00e0 Hurghada, arriv\u00e9e vers 23 heures. &nbsp; \u00a0Dur\u00e9e Prise en charge : vers 2h00 du matin<\/p>\n","protected":false},"featured_media":12462,"comment_status":"open","ping_status":"closed","template":"","meta":{"_monsterinsights_skip_tracking":false,"_monsterinsights_sitenote_active":false,"_monsterinsights_sitenote_note":"","_monsterinsights_sitenote_category":0},"product_brand":[],"product_cat":[89],"product_tag":[],"class_list":{"0":"post-12461","1":"product","2":"type-product","3":"status-publish","4":"has-post-thumbnail","6":"product_cat-voyages-historiques","8":"first","9":"instock","10":"shipping-taxable","11":"purchasable","12":"product-type-ovabrw_car_rental"},"_links":{"self":[{"href":"http:\/\/trips-adam.com\/fr\/wp-json\/wp\/v2\/product\/12461","targetHints":{"allow":["GET"]}}],"collection":[{"href":"http:\/\/trips-adam.com\/fr\/wp-json\/wp\/v2\/product"}],"about":[{"href":"http:\/\/trips-adam.com\/fr\/wp-json\/wp\/v2\/types\/product"}],"replies":[{"embeddable":true,"href":"http:\/\/trips-adam.com\/fr\/wp-json\/wp\/v2\/comments?post=12461"}],"wp:featuredmedia":[{"embeddable":true,"href":"http:\/\/trips-adam.com\/fr\/wp-json\/wp\/v2\/media\/12462"}],"wp:attachment":[{"href":"http:\/\/trips-adam.com\/fr\/wp-json\/wp\/v2\/media?parent=12461"}],"wp:term":[{"taxonomy":"product_brand","embeddable":true,"href":"http:\/\/trips-adam.com\/fr\/wp-json\/wp\/v2\/product_brand?post=12461"},{"taxonomy":"product_cat","embeddable":true,"href":"http:\/\/trips-adam.com\/fr\/wp-json\/wp\/v2\/product_cat?post=12461"},{"taxonomy":"product_tag","embeddable":true,"href":"http:\/\/trips-adam.com\/fr\/wp-json\/wp\/v2\/product_tag?post=12461"}],"curies":[{"name":"wp","href":"https:\/\/api.w.org\/{rel}","templated":true}]}}