{"id":12502,"date":"2025-05-29T00:26:45","date_gmt":"2025-05-29T00:26:45","guid":{"rendered":"http:\/\/trips-adam.com\/?post_type=product&#038;p=12502"},"modified":"2026-04-02T05:09:09","modified_gmt":"2026-04-02T05:09:09","slug":"le-caire-1-jour-en-minibus","status":"publish","type":"product","link":"http:\/\/trips-adam.com\/fr\/produit\/le-caire-1-jour-en-minibus\/","title":{"rendered":"Le Caire 1 jour en minibus"},"content":{"rendered":"<div class=\"elementor-element elementor-element-f85dd7f elementor-widget elementor-widget-heading\" data-id=\"f85dd7f\" data-element_type=\"widget\" data-widget_type=\"heading.default\">\n<div class=\"elementor-widget-container\">\n<div class=\"elementor-element elementor-element-f85dd7f elementor-widget elementor-widget-heading\" data-id=\"f85dd7f\" data-element_type=\"widget\" data-widget_type=\"heading.default\">\n<div class=\"elementor-widget-container\">\n<div class=\"elementor-element elementor-element-f85dd7f elementor-widget elementor-widget-heading\" data-id=\"f85dd7f\" data-element_type=\"widget\" data-widget_type=\"heading.default\">\n<div class=\"elementor-widget-container\">\n<div class=\"ovabrw_product_title\">\n<div class=\"heading left\">\n<div class=\"heading left\">\n<div class=\"heading left\">\n<div class=\"heading left\">\n<div class=\"heading left\">\n<div class=\"heading left\">\n<h3>Programme de la tourn\u00e9e<\/h3>\n<\/div>\n<div class=\"wpb_text_column wpb_content_element \">\n<div class=\"wpb_wrapper\">\n<p>Nous viendrons vous chercher \u00e0 votre h\u00f4tel tard dans la nuit, entre 1h00 et 2h00 du matin, en\u00a0\u00a0<strong>minibus climatis\u00e9,<\/strong>\u00a0\u00a0 pour un groupe de seulement\u00a0\u00a0<strong>8 personnes.<\/strong>\u00a0.comme en priv\u00e9<\/p>\n<p>Commencez par visiter les grandes pyramides de\u00a0\u00a0<strong>Gizeh<br \/>\n<\/strong>construites par les pharaons\u00a0\u00a0<strong>Kh\u00e9ops, Kh\u00e9phren et Myk\u00e9rinos.<\/strong><\/p>\n<p>Ensuite nous irons visiter le\u00a0\u00a0<strong>Sphinx<\/strong>\u00a0\u00a0dont le visage du roi\u00a0<strong>\u00a0Kh\u00e9phren<\/strong>\u00a0\u00a0et le corps du lion repr\u00e9sentent la force.<\/p>\n<p>La visite comprend \u00e9galement une visite du Temple de la Vall\u00e9e, qui appartient aux Pyramides de\u00a0\u00a0<strong>Kh\u00e9phren.<\/strong><\/p>\n<p>Profitez de votre d\u00e9jeuner \u00e9gyptien dans un\u00a0<strong>\u00a0restaurant traditionnel.<\/strong><\/p>\n<p>Enfin, vous terminerez ensuite en vous dirigeant vers\u00a0\u00a0<strong>le Mus\u00e9e \u00e9gyptien<\/strong>\u00a0, o\u00f9 vous pourrez voir une collection rare de 5000 ans d&rsquo;art qui est consid\u00e9r\u00e9e comme la plus grande et la plus pr\u00e9cieuse collection d&rsquo;art \u00e9gyptien au monde. y compris une exposition consacr\u00e9e \u00e0\u00a0\u00a0<strong>la collection de tr\u00e9sors<\/strong>\u00a0, d&rsquo;or et de bijoux de Toutankhamon qui \u00e9tait enferm\u00e9e dans sa tombe<\/p>\n<p>D\u00e9part du Caire et retour \u00e0 Hurghada vers 22h00<\/p>\n<\/div>\n<\/div>\n<\/div>\n<div class=\"wpb_text_column wpb_content_element\">\n<div class=\"vc_row wpb_row vc_row-fluid\">\n<div class=\"wpb_column vc_column_container vc_col-sm-12\">\n<div class=\"vc_column-inner\">\n<div class=\"wpb_wrapper\">\n<div class=\"heading left\"><\/div>\n<\/div>\n<\/div>\n<\/div>\n<\/div>\n<\/div>\n<\/div>\n<div class=\"wpb_text_column wpb_content_element \">\n<div class=\"wpb_wrapper\">\n<h3><strong>Jours de la semaine et dur\u00e9e :<\/strong><\/h3>\n<p>Mardi et jeudi<\/p>\n<p>De minuit \u00e0 23h00 (horaires confirm\u00e9s apr\u00e8s r\u00e9servation).<\/p>\n<p>Excursion d&rsquo;une journ\u00e9e compl\u00e8te (environ 23 heures, transferts inclus).<\/p>\n<p>&nbsp;<\/p>\n<h3><strong>Programme:<\/strong><\/h3>\n<p>D\u00e9part de votre h\u00f4tel entre minuit et 2h00 du matin.<\/p>\n<p>Voyage au Caire en minivan climatis\u00e9 (max 8 personnes).<\/p>\n<p>Visite des Pyramides de Gizeh et du Sphinx avec un guide francophone.<\/p>\n<p>Exploration du Mus\u00e9e du Caire.<\/p>\n<p>D\u00e9jeuner buffet \u00e0 volont\u00e9 dans un restaurant local.<\/p>\n<p>Visite d&rsquo;une fabrique de parfums et de papyrus.<\/p>\n<p>Croisi\u00e8re sur le Nil en option (10 \u20ac par personne).<\/p>\n<p>Retour \u00e0 Hurghada, arriv\u00e9e vers 23h00.<\/p>\n<p><strong>Ce qu&rsquo;il faut apporter avec vous :<\/strong><\/p>\n<\/div>\n<ul>\n<li class=\"nonelist\">Bouteille d&rsquo;eau.<\/li>\n<li class=\"nonelist\">Cr\u00e8me solaire.<\/li>\n<li class=\"nonelist\">Lunettes de soleil et chapeau.<\/li>\n<li class=\"nonelist\">Cam\u00e9ra.<\/li>\n<li class=\"nonelist\">Photo de votre passeport sur votre t\u00e9l\u00e9phone.<\/li>\n<li class=\"nonelist\"><em class=\"fa-green fa-solid fa-check\">De<\/em>\u00a0l&rsquo;argent liquide si vous souhaitez acheter des souvenirs.<\/li>\n<\/ul>\n<h2>\u00a0Dur\u00e9e<\/h2>\n<p><strong>Prise en charge : vers 2h00 du matin<\/strong><\/p>\n<\/div>\n<\/div>\n<\/div>\n<\/div>\n<\/div>\n<\/div>\n<\/div>\n<\/div>\n<\/div>\n<\/div>\n<\/div>\n","protected":false},"excerpt":{"rendered":"<p>Programme de la tourn\u00e9e Nous viendrons vous chercher \u00e0 votre h\u00f4tel tard dans la nuit, entre 1h00 et 2h00 du matin, en\u00a0\u00a0minibus climatis\u00e9,\u00a0\u00a0 pour un groupe de seulement\u00a0\u00a08 personnes.\u00a0.comme en priv\u00e9 Commencez par visiter les grandes pyramides de\u00a0\u00a0Gizeh construites par les pharaons\u00a0\u00a0Kh\u00e9ops, Kh\u00e9phren et Myk\u00e9rinos. Ensuite nous irons visiter le\u00a0\u00a0Sphinx\u00a0\u00a0dont le visage du roi\u00a0\u00a0Kh\u00e9phren\u00a0\u00a0et le corps du lion repr\u00e9sentent la force. La visite comprend \u00e9galement une visite du Temple de la Vall\u00e9e, qui appartient aux Pyramides de\u00a0\u00a0Kh\u00e9phren. Profitez de votre d\u00e9jeuner \u00e9gyptien dans un\u00a0\u00a0restaurant traditionnel. Enfin, vous terminerez ensuite en vous dirigeant vers\u00a0\u00a0le Mus\u00e9e \u00e9gyptien\u00a0, o\u00f9 vous pourrez voir une collection rare de 5000 ans d&rsquo;art qui est consid\u00e9r\u00e9e comme la plus grande et la plus pr\u00e9cieuse collection d&rsquo;art \u00e9gyptien au monde. y compris une exposition consacr\u00e9e \u00e0\u00a0\u00a0la collection de tr\u00e9sors\u00a0, d&rsquo;or et de bijoux de Toutankhamon qui \u00e9tait enferm\u00e9e dans sa tombe D\u00e9part du Caire et retour \u00e0 Hurghada vers 22h00 Jours de la semaine et dur\u00e9e : Mardi et jeudi De minuit \u00e0 23h00 (horaires confirm\u00e9s apr\u00e8s r\u00e9servation). Excursion d&rsquo;une journ\u00e9e compl\u00e8te (environ 23 heures, transferts inclus). &nbsp; Programme: D\u00e9part de votre h\u00f4tel entre minuit et 2h00 du matin. Voyage au Caire en minivan climatis\u00e9 (max 8 personnes). Visite des Pyramides de Gizeh et du Sphinx avec un guide francophone. Exploration du Mus\u00e9e du Caire. D\u00e9jeuner buffet \u00e0 volont\u00e9 dans un restaurant local. Visite d&rsquo;une fabrique de parfums et de papyrus. Croisi\u00e8re sur le Nil en option (10 \u20ac par personne). Retour \u00e0 Hurghada, arriv\u00e9e vers 23h00. Ce qu&rsquo;il faut apporter avec vous : Bouteille d&rsquo;eau. Cr\u00e8me solaire. Lunettes de soleil et chapeau. Cam\u00e9ra. Photo de votre passeport sur votre t\u00e9l\u00e9phone. De\u00a0l&rsquo;argent liquide si vous souhaitez acheter des souvenirs. \u00a0Dur\u00e9e Prise en charge : vers 2h00 du matin<\/p>\n","protected":false},"featured_media":12478,"comment_status":"open","ping_status":"closed","template":"","meta":{"_monsterinsights_skip_tracking":false,"_monsterinsights_sitenote_active":false,"_monsterinsights_sitenote_note":"","_monsterinsights_sitenote_category":0},"product_brand":[],"product_cat":[89],"product_tag":[],"class_list":{"0":"post-12502","1":"product","2":"type-product","3":"status-publish","4":"has-post-thumbnail","6":"product_cat-voyages-historiques","8":"first","9":"instock","10":"shipping-taxable","11":"purchasable","12":"product-type-ovabrw_car_rental"},"_links":{"self":[{"href":"http:\/\/trips-adam.com\/fr\/wp-json\/wp\/v2\/product\/12502","targetHints":{"allow":["GET"]}}],"collection":[{"href":"http:\/\/trips-adam.com\/fr\/wp-json\/wp\/v2\/product"}],"about":[{"href":"http:\/\/trips-adam.com\/fr\/wp-json\/wp\/v2\/types\/product"}],"replies":[{"embeddable":true,"href":"http:\/\/trips-adam.com\/fr\/wp-json\/wp\/v2\/comments?post=12502"}],"wp:featuredmedia":[{"embeddable":true,"href":"http:\/\/trips-adam.com\/fr\/wp-json\/wp\/v2\/media\/12478"}],"wp:attachment":[{"href":"http:\/\/trips-adam.com\/fr\/wp-json\/wp\/v2\/media?parent=12502"}],"wp:term":[{"taxonomy":"product_brand","embeddable":true,"href":"http:\/\/trips-adam.com\/fr\/wp-json\/wp\/v2\/product_brand?post=12502"},{"taxonomy":"product_cat","embeddable":true,"href":"http:\/\/trips-adam.com\/fr\/wp-json\/wp\/v2\/product_cat?post=12502"},{"taxonomy":"product_tag","embeddable":true,"href":"http:\/\/trips-adam.com\/fr\/wp-json\/wp\/v2\/product_tag?post=12502"}],"curies":[{"name":"wp","href":"https:\/\/api.w.org\/{rel}","templated":true}]}}