{"id":12535,"date":"2025-05-29T00:45:43","date_gmt":"2025-05-29T00:45:43","guid":{"rendered":"http:\/\/trips-adam.com\/?post_type=product&#038;p=12535"},"modified":"2026-04-02T05:08:46","modified_gmt":"2026-04-02T05:08:46","slug":"visite-de-la-ville-dhurghada","status":"publish","type":"product","link":"http:\/\/trips-adam.com\/fr\/produit\/visite-de-la-ville-dhurghada\/","title":{"rendered":"Visite de la ville d&rsquo;Hurghada"},"content":{"rendered":"<div class=\"elementor-element elementor-element-f85dd7f elementor-widget elementor-widget-heading\" data-id=\"f85dd7f\" data-element_type=\"widget\" data-widget_type=\"heading.default\">\n<div class=\"elementor-widget-container\">\n<div class=\"elementor-element elementor-element-f85dd7f elementor-widget elementor-widget-heading\" data-id=\"f85dd7f\" data-element_type=\"widget\" data-widget_type=\"heading.default\">\n<div class=\"elementor-widget-container\">\n<div class=\"elementor-element elementor-element-f85dd7f elementor-widget elementor-widget-heading\" data-id=\"f85dd7f\" data-element_type=\"widget\" data-widget_type=\"heading.default\">\n<div class=\"elementor-widget-container\">\n<h2>Aper\u00e7u<\/h2>\n<h2>Visite de la ville d&rsquo;Hurghada<\/h2>\n<p>Profitez d&rsquo;une visite guid\u00e9e de 3 heures \u00e0 Hurghada. Explorez le centre-ville d&rsquo;El Dahar, son march\u00e9 anim\u00e9 et son \u00e9glise copte. Apprenez-en plus sur le christianisme copte, puis dirigez-vous vers la Grande Mosqu\u00e9e o\u00f9 vous d\u00e9couvrirez l&rsquo;islam et les traditions musulmanes. D\u00e9couvrez le march\u00e9 aux poissons et rejoignez le port de p\u00eache \u00e0 pied. Terminez votre visite par un moment de d\u00e9tente \u00e0 la nouvelle marina d&rsquo;Hurghada.<\/p>\n<div class=\"vc_row wpb_row vc_row-fluid\">\n<div class=\"wpb_column vc_column_container vc_col-sm-12\">\n<div class=\"vc_column-inner\">\n<div class=\"wpb_wrapper\">\n<div class=\"heading left\">\n<div class=\"vc_row wpb_row vc_row-fluid\">\n<div class=\"wpb_column vc_column_container vc_col-sm-12\">\n<div class=\"vc_column-inner\">\n<div class=\"wpb_wrapper\">\n<div class=\"wpb_text_column wpb_content_element \">\n<div class=\"wpb_wrapper\">\n<p><strong>Visite de la ville d&rsquo;Hurghada<\/strong><\/p>\n<ul>\n<li>Choisissez l&rsquo;heure de d\u00e9part et la dur\u00e9e de la visite<\/li>\n<li>Voir l&rsquo;\u00e9glise copte<\/li>\n<li>Explorez la Grande Mosqu\u00e9e, la plus grande mosqu\u00e9e de la province de la mer Rouge<\/li>\n<li>Aller au march\u00e9 aux poissons<\/li>\n<li>Profitez des restaurants, caf\u00e9s et boutiques d&rsquo;Hurghada<\/li>\n<li>Visitez le grand march\u00e9 aux fruits et l\u00e9gumes<\/li>\n<\/ul>\n<p>&nbsp;<\/p>\n<\/div>\n<\/div>\n<\/div>\n<\/div>\n<\/div>\n<\/div>\n<\/div>\n<\/div>\n<\/div>\n<\/div>\n<\/div>\n<div class=\"vc_row wpb_row vc_row-fluid\">\n<div class=\"wpb_column vc_column_container vc_col-sm-12\">\n<div class=\"vc_column-inner\">\n<div class=\"wpb_wrapper\">\n<div class=\"wpb_text_column wpb_content_element \">\n<div class=\"wpb_wrapper\">\n<div class=\"heading left\">\n<div class=\"heading left\">\n<h3><strong>Que prendre avec vous ?<\/strong><\/h3>\n<\/div>\n<div class=\"wpb_text_column wpb_content_element \">\n<div class=\"wpb_wrapper\">\n<ul>\n<li>Lunettes de soleil<\/li>\n<li>chapeau de soleil<\/li>\n<li>Cam\u00e9ra<\/li>\n<li>Cr\u00e8me solaire<\/li>\n<li>Argent de poche<\/li>\n<li>Tenue vestimentaire appropri\u00e9e pour la mosqu\u00e9e et l&rsquo;\u00e9glise<\/li>\n<\/ul>\n<h3><strong>Dur\u00e9e<\/strong><\/h3>\n<p>Prise en charge : vers 16h00 (selon l&#8217;emplacement de votre h\u00f4tel \u00e0 Hurghada) Expet samedi<\/p>\n<h4><\/h4>\n<\/div>\n<\/div>\n<\/div>\n<\/div>\n<\/div>\n<\/div>\n<\/div>\n<\/div>\n<\/div>\n<\/div>\n<\/div>\n<\/div>\n<\/div>\n<\/div>\n<\/div>\n","protected":false},"excerpt":{"rendered":"<p>Aper\u00e7u Visite de la ville d&rsquo;Hurghada Profitez d&rsquo;une visite guid\u00e9e de 3 heures \u00e0 Hurghada. Explorez le centre-ville d&rsquo;El Dahar, son march\u00e9 anim\u00e9 et son \u00e9glise copte. Apprenez-en plus sur le christianisme copte, puis dirigez-vous vers la Grande Mosqu\u00e9e o\u00f9 vous d\u00e9couvrirez l&rsquo;islam et les traditions musulmanes. D\u00e9couvrez le march\u00e9 aux poissons et rejoignez le port de p\u00eache \u00e0 pied. Terminez votre visite par un moment de d\u00e9tente \u00e0 la nouvelle marina d&rsquo;Hurghada. Visite de la ville d&rsquo;Hurghada Choisissez l&rsquo;heure de d\u00e9part et la dur\u00e9e de la visite Voir l&rsquo;\u00e9glise copte Explorez la Grande Mosqu\u00e9e, la plus grande mosqu\u00e9e de la province de la mer Rouge Aller au march\u00e9 aux poissons Profitez des restaurants, caf\u00e9s et boutiques d&rsquo;Hurghada Visitez le grand march\u00e9 aux fruits et l\u00e9gumes &nbsp; Que prendre avec vous ? Lunettes de soleil chapeau de soleil Cam\u00e9ra Cr\u00e8me solaire Argent de poche Tenue vestimentaire appropri\u00e9e pour la mosqu\u00e9e et l&rsquo;\u00e9glise Dur\u00e9e Prise en charge : vers 16h00 (selon l&#8217;emplacement de votre h\u00f4tel \u00e0 Hurghada) Expet samedi<\/p>\n","protected":false},"featured_media":12540,"comment_status":"open","ping_status":"closed","template":"","meta":{"_monsterinsights_skip_tracking":false,"_monsterinsights_sitenote_active":false,"_monsterinsights_sitenote_note":"","_monsterinsights_sitenote_category":0},"product_brand":[],"product_cat":[90],"product_tag":[],"class_list":{"0":"post-12535","1":"product","2":"type-product","3":"status-publish","4":"has-post-thumbnail","6":"product_cat-voyages-en-famille","8":"first","9":"instock","10":"shipping-taxable","11":"purchasable","12":"product-type-ovabrw_car_rental"},"_links":{"self":[{"href":"http:\/\/trips-adam.com\/fr\/wp-json\/wp\/v2\/product\/12535","targetHints":{"allow":["GET"]}}],"collection":[{"href":"http:\/\/trips-adam.com\/fr\/wp-json\/wp\/v2\/product"}],"about":[{"href":"http:\/\/trips-adam.com\/fr\/wp-json\/wp\/v2\/types\/product"}],"replies":[{"embeddable":true,"href":"http:\/\/trips-adam.com\/fr\/wp-json\/wp\/v2\/comments?post=12535"}],"wp:featuredmedia":[{"embeddable":true,"href":"http:\/\/trips-adam.com\/fr\/wp-json\/wp\/v2\/media\/12540"}],"wp:attachment":[{"href":"http:\/\/trips-adam.com\/fr\/wp-json\/wp\/v2\/media?parent=12535"}],"wp:term":[{"taxonomy":"product_brand","embeddable":true,"href":"http:\/\/trips-adam.com\/fr\/wp-json\/wp\/v2\/product_brand?post=12535"},{"taxonomy":"product_cat","embeddable":true,"href":"http:\/\/trips-adam.com\/fr\/wp-json\/wp\/v2\/product_cat?post=12535"},{"taxonomy":"product_tag","embeddable":true,"href":"http:\/\/trips-adam.com\/fr\/wp-json\/wp\/v2\/product_tag?post=12535"}],"curies":[{"name":"wp","href":"https:\/\/api.w.org\/{rel}","templated":true}]}}