{"id":12565,"date":"2025-05-29T00:50:41","date_gmt":"2025-05-29T00:50:41","guid":{"rendered":"http:\/\/trips-adam.com\/?post_type=product&#038;p=12565"},"modified":"2026-04-02T05:08:28","modified_gmt":"2026-04-02T05:08:28","slug":"spectacle-de-dauphins","status":"publish","type":"product","link":"http:\/\/trips-adam.com\/fr\/produit\/spectacle-de-dauphins\/","title":{"rendered":"Spectacle de dauphins"},"content":{"rendered":"<div class=\"elementor-element elementor-element-f85dd7f elementor-widget elementor-widget-heading\" data-id=\"f85dd7f\" data-element_type=\"widget\" data-widget_type=\"heading.default\">\n<div class=\"elementor-widget-container\">\n<div class=\"elementor-element elementor-element-f85dd7f elementor-widget elementor-widget-heading\" data-id=\"f85dd7f\" data-element_type=\"widget\" data-widget_type=\"heading.default\">\n<div class=\"elementor-widget-container\">\n<div class=\"elementor-element elementor-element-f85dd7f elementor-widget elementor-widget-heading\" data-id=\"f85dd7f\" data-element_type=\"widget\" data-widget_type=\"heading.default\">\n<div class=\"elementor-widget-container\">\n<h2>Aper\u00e7u<\/h2>\n<h2>Spectacle de dauphins \u00e0 Hurghada<\/h2>\n<p>Profitez d&rsquo;une matin\u00e9e riche en divertissements avec prise en charge \u00e0 votre h\u00f4tel et transfert vers un spectacle de dauphins d&rsquo;une heure \u00e0 Hurghada. Le spectacle propose quatre performances captivantes\u00a0: des phoques dansants, un morse musicien, une otarie dynamique et un final \u00e9blouissant avec trois dauphins joueurs ex\u00e9cutant des tours et peignant m\u00eame. Apr\u00e8s le spectacle, vous serez reconduit \u00e0 votre h\u00f4tel.<\/p>\n<p>&nbsp;<\/p>\n<div class=\"vc_row wpb_row vc_row-fluid\">\n<div class=\"wpb_column vc_column_container vc_col-sm-12\">\n<div class=\"vc_column-inner\">\n<div class=\"wpb_wrapper\">\n<div class=\"heading left\">\n<div class=\"vc_row wpb_row vc_row-fluid\">\n<div class=\"wpb_column vc_column_container vc_col-sm-12\">\n<div class=\"vc_column-inner\">\n<div class=\"wpb_wrapper\">\n<div class=\"heading left\">\n<h3><strong>Points forts:<\/strong><\/h3>\n<\/div>\n<\/div>\n<\/div>\n<\/div>\n<\/div>\n<div class=\"vc_row wpb_row vc_row-fluid\">\n<div class=\"wpb_column vc_column_container vc_col-sm-12\">\n<div class=\"vc_column-inner\">\n<div class=\"wpb_wrapper\">\n<div class=\"wpb_text_column wpb_content_element \">\n<div class=\"wpb_wrapper\">\n<ul>\n<li>Approchez-vous de pr\u00e8s des dauphins<\/li>\n<li>Soyez t\u00e9moin de leur intelligence et de leur charme \u00e9tonnants par vous-m\u00eame<\/li>\n<li>Profitez d&rsquo;un spectacle admirable avec un dauphin et une sympathique otarie<\/li>\n<\/ul>\n<\/div>\n<h3><strong>Dur\u00e9e<\/strong><\/h3>\n<p>Premier voyage :<\/p>\n<p>Prise en charge : vers 9h30 (selon l&#8217;emplacement de votre h\u00f4tel \u00e0 Hurghada) Expet samedi<\/p>\n<p>Deuxi\u00e8me voyage :<\/p>\n<p>Prise en charge : vers 15h30 (selon l&#8217;emplacement de votre h\u00f4tel \u00e0 Hurghada) tous les jours<\/p>\n<h4><\/h4>\n<\/div>\n<\/div>\n<\/div>\n<\/div>\n<\/div>\n<\/div>\n<\/div>\n<\/div>\n<\/div>\n<\/div>\n<\/div>\n<\/div>\n<\/div>\n<\/div>\n<\/div>\n<\/div>\n","protected":false},"excerpt":{"rendered":"<p>Aper\u00e7u Spectacle de dauphins \u00e0 Hurghada Profitez d&rsquo;une matin\u00e9e riche en divertissements avec prise en charge \u00e0 votre h\u00f4tel et transfert vers un spectacle de dauphins d&rsquo;une heure \u00e0 Hurghada. Le spectacle propose quatre performances captivantes\u00a0: des phoques dansants, un morse musicien, une otarie dynamique et un final \u00e9blouissant avec trois dauphins joueurs ex\u00e9cutant des tours et peignant m\u00eame. Apr\u00e8s le spectacle, vous serez reconduit \u00e0 votre h\u00f4tel. &nbsp; Points forts: Approchez-vous de pr\u00e8s des dauphins Soyez t\u00e9moin de leur intelligence et de leur charme \u00e9tonnants par vous-m\u00eame Profitez d&rsquo;un spectacle admirable avec un dauphin et une sympathique otarie Dur\u00e9e Premier voyage : Prise en charge : vers 9h30 (selon l&#8217;emplacement de votre h\u00f4tel \u00e0 Hurghada) Expet samedi Deuxi\u00e8me voyage : Prise en charge : vers 15h30 (selon l&#8217;emplacement de votre h\u00f4tel \u00e0 Hurghada) tous les jours<\/p>\n","protected":false},"featured_media":12566,"comment_status":"open","ping_status":"closed","template":"","meta":{"_monsterinsights_skip_tracking":false,"_monsterinsights_sitenote_active":false,"_monsterinsights_sitenote_note":"","_monsterinsights_sitenote_category":0},"product_brand":[],"product_cat":[90],"product_tag":[],"class_list":{"0":"post-12565","1":"product","2":"type-product","3":"status-publish","4":"has-post-thumbnail","6":"product_cat-voyages-en-famille","8":"first","9":"instock","10":"shipping-taxable","11":"purchasable","12":"product-type-ovabrw_car_rental"},"_links":{"self":[{"href":"http:\/\/trips-adam.com\/fr\/wp-json\/wp\/v2\/product\/12565","targetHints":{"allow":["GET"]}}],"collection":[{"href":"http:\/\/trips-adam.com\/fr\/wp-json\/wp\/v2\/product"}],"about":[{"href":"http:\/\/trips-adam.com\/fr\/wp-json\/wp\/v2\/types\/product"}],"replies":[{"embeddable":true,"href":"http:\/\/trips-adam.com\/fr\/wp-json\/wp\/v2\/comments?post=12565"}],"wp:featuredmedia":[{"embeddable":true,"href":"http:\/\/trips-adam.com\/fr\/wp-json\/wp\/v2\/media\/12566"}],"wp:attachment":[{"href":"http:\/\/trips-adam.com\/fr\/wp-json\/wp\/v2\/media?parent=12565"}],"wp:term":[{"taxonomy":"product_brand","embeddable":true,"href":"http:\/\/trips-adam.com\/fr\/wp-json\/wp\/v2\/product_brand?post=12565"},{"taxonomy":"product_cat","embeddable":true,"href":"http:\/\/trips-adam.com\/fr\/wp-json\/wp\/v2\/product_cat?post=12565"},{"taxonomy":"product_tag","embeddable":true,"href":"http:\/\/trips-adam.com\/fr\/wp-json\/wp\/v2\/product_tag?post=12565"}],"curies":[{"name":"wp","href":"https:\/\/api.w.org\/{rel}","templated":true}]}}