{"id":12594,"date":"2025-05-29T00:55:07","date_gmt":"2025-05-29T00:55:07","guid":{"rendered":"http:\/\/trips-adam.com\/?post_type=product&#038;p=12594"},"modified":"2026-04-02T05:08:29","modified_gmt":"2026-04-02T05:08:29","slug":"musee-national-dhurghada","status":"publish","type":"product","link":"http:\/\/trips-adam.com\/fr\/produit\/musee-national-dhurghada\/","title":{"rendered":"Mus\u00e9e national d&rsquo;Hurghada"},"content":{"rendered":"<div class=\"elementor-element elementor-element-f85dd7f elementor-widget elementor-widget-heading\" data-id=\"f85dd7f\" data-element_type=\"widget\" data-widget_type=\"heading.default\">\n<div class=\"elementor-widget-container\">\n<div class=\"elementor-element elementor-element-f85dd7f elementor-widget elementor-widget-heading\" data-id=\"f85dd7f\" data-element_type=\"widget\" data-widget_type=\"heading.default\">\n<div class=\"elementor-widget-container\">\n<div class=\"elementor-element elementor-element-f85dd7f elementor-widget elementor-widget-heading\" data-id=\"f85dd7f\" data-element_type=\"widget\" data-widget_type=\"heading.default\">\n<div class=\"elementor-widget-container\">\n<h2>Aper\u00e7u<\/h2>\n<div class=\"wpb_text_column wpb_content_element \">\n<div class=\"wpb_wrapper\">\n<p>Notre guide touristique viendra vous chercher \u00e0 votre h\u00f4tel en v\u00e9hicule climatis\u00e9 pour commencer le programme. D\u00e9couvrez la plus ancienne civilisation du monde gr\u00e2ce \u00e0 l&rsquo;entr\u00e9e \u00e0 ce mus\u00e9e unique.<\/p>\n<p>Le mus\u00e9e d&rsquo;Hurghada est consid\u00e9r\u00e9 comme le premier mus\u00e9e cr\u00e9\u00e9 en coop\u00e9ration avec le secteur priv\u00e9. Il abrite 2\u00a0000 antiquit\u00e9s originales fournies par le minist\u00e8re du Tourisme et des Antiquit\u00e9s.<br \/>\nVous pouvez d\u00e9sormais acqu\u00e9rir une connaissance approfondie de l&rsquo;histoire de l&rsquo;\u00c9gypte antique et explorer la vie des \u00c9gyptiens \u00e0 travers les \u00e2ges.<\/p>\n<p>D\u00e9couvrez des d\u00e9couvertes arch\u00e9ologiques d&rsquo;autres \u00e9poques et civilisations, notamment l&rsquo;\u00e9poque copte et l&rsquo;\u00e2ge d&rsquo;or islamique. Apr\u00e8s votre visite guid\u00e9e, profitez de temps libre pour parcourir le mus\u00e9e \u00e0 votre guise. Vous serez ensuite reconduit \u00e0 votre h\u00f4tel \u00e0 Hurghada.<\/p>\n<\/div>\n<\/div>\n<div class=\"vc_row wpb_row vc_row-fluid\">\n<div class=\"wpb_column vc_column_container vc_col-sm-12\">\n<div class=\"vc_column-inner\">\n<div class=\"wpb_wrapper\">\n<div class=\"heading left\">\n<div class=\"vc_row wpb_row vc_row-fluid\">\n<div class=\"wpb_column vc_column_container vc_col-sm-12\">\n<div class=\"vc_column-inner\">\n<div class=\"wpb_wrapper\">\n<div class=\"heading left\">\n<div class=\"vc_row wpb_row vc_row-fluid\">\n<div class=\"wpb_column vc_column_container vc_col-sm-12\">\n<div class=\"vc_column-inner\">\n<div class=\"wpb_wrapper\">\n<div class=\"wpb_text_column wpb_content_element \">\n<div class=\"wpb_wrapper\">\n<p><strong>Mus\u00e9e d&rsquo;Hurghada<\/strong><\/p>\n<ul>\n<li>Prise en charge et retour \u00e0 l&rsquo;h\u00f4tel dans un v\u00e9hicule climatis\u00e9<\/li>\n<li>Explorez plus de 2 000 artefacts au mus\u00e9e d&rsquo;Hurghada<\/li>\n<li>Apprenez-en plus sur l&rsquo;\u00c9gypte ancienne, la p\u00e9riode copte et l&rsquo;\u00e8re islamique<\/li>\n<li>Profitez de votre temps libre pour explorer le mus\u00e9e \u00e0 votre rythme<\/li>\n<li>Visite guid\u00e9e de la ville d&rsquo;Hurghada, des march\u00e9s anim\u00e9s et de la marina pittoresque<\/li>\n<li>D\u00e9couvrez la culture locale et la beaut\u00e9 de la ville c\u00f4ti\u00e8re<\/li>\n<li>Retour \u00e0 votre h\u00f4tel apr\u00e8s une journ\u00e9e compl\u00e8te d&rsquo;exploration<\/li>\n<\/ul>\n<\/div>\n<\/div>\n<\/div>\n<\/div>\n<\/div>\n<\/div>\n<\/div>\n<\/div>\n<\/div>\n<\/div>\n<\/div>\n<\/div>\n<\/div>\n<\/div>\n<\/div>\n<\/div>\n<div class=\"vc_row wpb_row vc_row-fluid\">\n<div class=\"wpb_column vc_column_container vc_col-sm-12\">\n<div class=\"vc_column-inner\">\n<div class=\"wpb_wrapper\">\n<div class=\"wpb_text_column wpb_content_element \">\n<div class=\"wpb_wrapper\">\n<div class=\"heading left\">\n<div class=\"heading left\">\n<div class=\"heading left\">\n<h3><strong>Que prendre avec vous ?<\/strong><\/h3>\n<\/div>\n<div class=\"wpb_text_column wpb_content_element \">\n<div class=\"wpb_wrapper\">\n<ul>\n<li>Lunettes de soleil<\/li>\n<li>chapeau de soleil<\/li>\n<li>Cam\u00e9ra<\/li>\n<li>Cr\u00e8me solaire<\/li>\n<\/ul>\n<h3><strong>Dur\u00e9e : selon demande<\/strong><\/h3>\n<h4><\/h4>\n<\/div>\n<\/div>\n<\/div>\n<\/div>\n<\/div>\n<\/div>\n<\/div>\n<\/div>\n<\/div>\n<\/div>\n<\/div>\n<\/div>\n<\/div>\n<\/div>\n<\/div>\n<\/div>\n","protected":false},"excerpt":{"rendered":"<p>Aper\u00e7u Notre guide touristique viendra vous chercher \u00e0 votre h\u00f4tel en v\u00e9hicule climatis\u00e9 pour commencer le programme. D\u00e9couvrez la plus ancienne civilisation du monde gr\u00e2ce \u00e0 l&rsquo;entr\u00e9e \u00e0 ce mus\u00e9e unique. Le mus\u00e9e d&rsquo;Hurghada est consid\u00e9r\u00e9 comme le premier mus\u00e9e cr\u00e9\u00e9 en coop\u00e9ration avec le secteur priv\u00e9. Il abrite 2\u00a0000 antiquit\u00e9s originales fournies par le minist\u00e8re du Tourisme et des Antiquit\u00e9s. Vous pouvez d\u00e9sormais acqu\u00e9rir une connaissance approfondie de l&rsquo;histoire de l&rsquo;\u00c9gypte antique et explorer la vie des \u00c9gyptiens \u00e0 travers les \u00e2ges. D\u00e9couvrez des d\u00e9couvertes arch\u00e9ologiques d&rsquo;autres \u00e9poques et civilisations, notamment l&rsquo;\u00e9poque copte et l&rsquo;\u00e2ge d&rsquo;or islamique. Apr\u00e8s votre visite guid\u00e9e, profitez de temps libre pour parcourir le mus\u00e9e \u00e0 votre guise. Vous serez ensuite reconduit \u00e0 votre h\u00f4tel \u00e0 Hurghada. Mus\u00e9e d&rsquo;Hurghada Prise en charge et retour \u00e0 l&rsquo;h\u00f4tel dans un v\u00e9hicule climatis\u00e9 Explorez plus de 2 000 artefacts au mus\u00e9e d&rsquo;Hurghada Apprenez-en plus sur l&rsquo;\u00c9gypte ancienne, la p\u00e9riode copte et l&rsquo;\u00e8re islamique Profitez de votre temps libre pour explorer le mus\u00e9e \u00e0 votre rythme Visite guid\u00e9e de la ville d&rsquo;Hurghada, des march\u00e9s anim\u00e9s et de la marina pittoresque D\u00e9couvrez la culture locale et la beaut\u00e9 de la ville c\u00f4ti\u00e8re Retour \u00e0 votre h\u00f4tel apr\u00e8s une journ\u00e9e compl\u00e8te d&rsquo;exploration Que prendre avec vous ? Lunettes de soleil chapeau de soleil Cam\u00e9ra Cr\u00e8me solaire Dur\u00e9e : selon demande<\/p>\n","protected":false},"featured_media":12599,"comment_status":"open","ping_status":"closed","template":"","meta":{"_monsterinsights_skip_tracking":false,"_monsterinsights_sitenote_active":false,"_monsterinsights_sitenote_note":"","_monsterinsights_sitenote_category":0},"product_brand":[],"product_cat":[90],"product_tag":[],"class_list":{"0":"post-12594","1":"product","2":"type-product","3":"status-publish","4":"has-post-thumbnail","6":"product_cat-voyages-en-famille","8":"first","9":"instock","10":"shipping-taxable","11":"purchasable","12":"product-type-ovabrw_car_rental"},"_links":{"self":[{"href":"http:\/\/trips-adam.com\/fr\/wp-json\/wp\/v2\/product\/12594","targetHints":{"allow":["GET"]}}],"collection":[{"href":"http:\/\/trips-adam.com\/fr\/wp-json\/wp\/v2\/product"}],"about":[{"href":"http:\/\/trips-adam.com\/fr\/wp-json\/wp\/v2\/types\/product"}],"replies":[{"embeddable":true,"href":"http:\/\/trips-adam.com\/fr\/wp-json\/wp\/v2\/comments?post=12594"}],"wp:featuredmedia":[{"embeddable":true,"href":"http:\/\/trips-adam.com\/fr\/wp-json\/wp\/v2\/media\/12599"}],"wp:attachment":[{"href":"http:\/\/trips-adam.com\/fr\/wp-json\/wp\/v2\/media?parent=12594"}],"wp:term":[{"taxonomy":"product_brand","embeddable":true,"href":"http:\/\/trips-adam.com\/fr\/wp-json\/wp\/v2\/product_brand?post=12594"},{"taxonomy":"product_cat","embeddable":true,"href":"http:\/\/trips-adam.com\/fr\/wp-json\/wp\/v2\/product_cat?post=12594"},{"taxonomy":"product_tag","embeddable":true,"href":"http:\/\/trips-adam.com\/fr\/wp-json\/wp\/v2\/product_tag?post=12594"}],"curies":[{"name":"wp","href":"https:\/\/api.w.org\/{rel}","templated":true}]}}