{"id":12623,"date":"2025-05-29T00:59:30","date_gmt":"2025-05-29T00:59:30","guid":{"rendered":"http:\/\/trips-adam.com\/?post_type=product&#038;p=12623"},"modified":"2026-04-02T05:07:32","modified_gmt":"2026-04-02T05:07:32","slug":"grand-aquarium-dhurghada","status":"publish","type":"product","link":"http:\/\/trips-adam.com\/fr\/produit\/grand-aquarium-dhurghada\/","title":{"rendered":"Grand Aquarium d&rsquo;Hurghada"},"content":{"rendered":"<div class=\"elementor-element elementor-element-f85dd7f elementor-widget elementor-widget-heading\" data-id=\"f85dd7f\" data-element_type=\"widget\" data-widget_type=\"heading.default\">\n<div class=\"elementor-widget-container\">\n<div class=\"elementor-element elementor-element-f85dd7f elementor-widget elementor-widget-heading\" data-id=\"f85dd7f\" data-element_type=\"widget\" data-widget_type=\"heading.default\">\n<div class=\"elementor-widget-container\">\n<div class=\"elementor-element elementor-element-f85dd7f elementor-widget elementor-widget-heading\" data-id=\"f85dd7f\" data-element_type=\"widget\" data-widget_type=\"heading.default\">\n<div class=\"elementor-widget-container\">\n<h3>Aper\u00e7u<\/h3>\n<div class=\"description\">\n<p>Plongez dans les merveilles du monde sous-marin avec des billets pour le Grand Aquarium d&rsquo;Hurghada, une attraction captivante pour toute la famille. Plongez dans un monde de merveilles marines et admirez 1\u00a0200 esp\u00e8ces uniques pr\u00e9sent\u00e9es dans 24 galeries soigneusement am\u00e9nag\u00e9es, chacune offrant un aper\u00e7u de la diversit\u00e9 des \u00e9cosyst\u00e8mes naturels. Admirez les raies gracieuses, les requins majestueux et les tortues sereines qui glissent avec gr\u00e2ce sous les eaux cristallines. Et ne manquez pas cette exp\u00e9rience interactive qui approfondira votre appr\u00e9ciation du monde aquatique enchanteur.<\/p>\n<\/div>\n<h3><strong>Dur\u00e9e<\/strong><\/h3>\n<p>Premier voyage :<\/p>\n<p>Prise en charge : vers 9h30 (selon l&#8217;emplacement de votre h\u00f4tel \u00e0 Hurghada)<\/p>\n<p>Deuxi\u00e8me voyage :<\/p>\n<p>Prise en charge : vers 13h30 (selon l&#8217;emplacement de votre h\u00f4tel \u00e0 Hurghada)<\/p>\n<\/div>\n<h4><\/h4>\n<\/div>\n<\/div>\n<\/div>\n<\/div>\n<\/div>\n","protected":false},"excerpt":{"rendered":"<p>Aper\u00e7u Plongez dans les merveilles du monde sous-marin avec des billets pour le Grand Aquarium d&rsquo;Hurghada, une attraction captivante pour toute la famille. Plongez dans un monde de merveilles marines et admirez 1\u00a0200 esp\u00e8ces uniques pr\u00e9sent\u00e9es dans 24 galeries soigneusement am\u00e9nag\u00e9es, chacune offrant un aper\u00e7u de la diversit\u00e9 des \u00e9cosyst\u00e8mes naturels. Admirez les raies gracieuses, les requins majestueux et les tortues sereines qui glissent avec gr\u00e2ce sous les eaux cristallines. Et ne manquez pas cette exp\u00e9rience interactive qui approfondira votre appr\u00e9ciation du monde aquatique enchanteur. Dur\u00e9e Premier voyage : Prise en charge : vers 9h30 (selon l&#8217;emplacement de votre h\u00f4tel \u00e0 Hurghada) Deuxi\u00e8me voyage : Prise en charge : vers 13h30 (selon l&#8217;emplacement de votre h\u00f4tel \u00e0 Hurghada)<\/p>\n","protected":false},"featured_media":12624,"comment_status":"open","ping_status":"closed","template":"","meta":{"_monsterinsights_skip_tracking":false,"_monsterinsights_sitenote_active":false,"_monsterinsights_sitenote_note":"","_monsterinsights_sitenote_category":0},"product_brand":[],"product_cat":[90],"product_tag":[],"class_list":{"0":"post-12623","1":"product","2":"type-product","3":"status-publish","4":"has-post-thumbnail","6":"product_cat-voyages-en-famille","8":"first","9":"instock","10":"shipping-taxable","11":"purchasable","12":"product-type-ovabrw_car_rental"},"_links":{"self":[{"href":"http:\/\/trips-adam.com\/fr\/wp-json\/wp\/v2\/product\/12623","targetHints":{"allow":["GET"]}}],"collection":[{"href":"http:\/\/trips-adam.com\/fr\/wp-json\/wp\/v2\/product"}],"about":[{"href":"http:\/\/trips-adam.com\/fr\/wp-json\/wp\/v2\/types\/product"}],"replies":[{"embeddable":true,"href":"http:\/\/trips-adam.com\/fr\/wp-json\/wp\/v2\/comments?post=12623"}],"wp:featuredmedia":[{"embeddable":true,"href":"http:\/\/trips-adam.com\/fr\/wp-json\/wp\/v2\/media\/12624"}],"wp:attachment":[{"href":"http:\/\/trips-adam.com\/fr\/wp-json\/wp\/v2\/media?parent=12623"}],"wp:term":[{"taxonomy":"product_brand","embeddable":true,"href":"http:\/\/trips-adam.com\/fr\/wp-json\/wp\/v2\/product_brand?post=12623"},{"taxonomy":"product_cat","embeddable":true,"href":"http:\/\/trips-adam.com\/fr\/wp-json\/wp\/v2\/product_cat?post=12623"},{"taxonomy":"product_tag","embeddable":true,"href":"http:\/\/trips-adam.com\/fr\/wp-json\/wp\/v2\/product_tag?post=12623"}],"curies":[{"name":"wp","href":"https:\/\/api.w.org\/{rel}","templated":true}]}}