{"id":13285,"date":"2025-05-29T16:52:06","date_gmt":"2025-05-29T16:52:06","guid":{"rendered":"http:\/\/trips-adam.com\/?post_type=product&#038;p=13285"},"modified":"2026-04-02T06:06:43","modified_gmt":"2026-04-02T06:06:43","slug":"polokret-podwodny-seascope","status":"publish","type":"product","link":"http:\/\/trips-adam.com\/pl\/produkt\/polokret-podwodny-seascope\/","title":{"rendered":"P\u00f3\u0142okr\u0119t podwodny Seascope"},"content":{"rendered":"<h2>Przegl\u0105d<\/h2>\n<h2>P\u00f3\u0142okr\u0119t podwodny Seascope<\/h2>\n<p>Rozpocznij swoj\u0105 przygod\u0119 od odbioru z hotelu klimatyzowanym pojazdem do Hurghada Marina. Ciesz si\u0119 malownicz\u0105 przeja\u017cd\u017ck\u0105 p\u00f3\u0142-\u0142odzi\u0105 podwodn\u0105, \u200b\u200boferuj\u0105c\u0105 panoramiczne widoki podwodne na t\u0119tni\u0105ce \u017cyciem rafy koralowe i fascynuj\u0105ce \u017cycie morskie. Po przeja\u017cd\u017cce \u0142odzi\u0105 podwodn\u0105 kontynuuj podr\u00f3\u017c z przewodnikiem po najbardziej kultowych zabytkach religijnych Hurghady. Odwied\u017a pi\u0119kny Ko\u015bci\u00f3\u0142 Koptyjski, gdzie mo\u017cesz podziwia\u0107 jego architektur\u0119 i dowiedzie\u0107 si\u0119 wi\u0119cej o spo\u0142eczno\u015bci chrze\u015bcija\u0144skiej w Egipcie. Nast\u0119pnie odwied\u017a wspania\u0142y Meczet Al Mina, osza\u0142amiaj\u0105cy przyk\u0142ad architektury islamskiej, i rozkoszuj si\u0119 spokojn\u0105 atmosfer\u0105.<\/p>\n<p>Po zako\u0144czeniu wycieczki zostaniesz wygodnie przewieziony z powrotem do hotelu, maj\u0105c mo\u017cliwo\u015b\u0107 lepszego zrozumienia r\u00f3\u017cnorodno\u015bci kulturowej i religijnej Hurghady.<\/p>\n<div class=\"vc_row wpb_row vc_row-fluid\">\n<div class=\"wpb_column vc_column_container vc_col-sm-12\">\n<div class=\"vc_column-inner\">\n<div class=\"wpb_wrapper\">\n<div class=\"heading left\">\n<h3><strong>Przegl\u0105d najwa\u017cniejszych wydarze\u0144:<\/strong><\/h3>\n<\/div>\n<\/div>\n<\/div>\n<\/div>\n<\/div>\n<div class=\"vc_row wpb_row vc_row-fluid\">\n<div class=\"wpb_column vc_column_container vc_col-sm-12\">\n<div class=\"vc_column-inner\">\n<div class=\"wpb_wrapper\">\n<div class=\"wpb_text_column wpb_content_element \">\n<div class=\"wpb_wrapper\">\n<ul>\n<li>Odbi\u00f3r i dow\u00f3z do hotelu klimatyzowanym pojazdem<\/li>\n<li>Widokowa przeja\u017cd\u017cka \u0142odzi\u0105 podwodn\u0105 z panoramicznymi widokami na podwodne krajobrazy<\/li>\n<li>Odkryj \u017cywe rafy koralowe i \u017cycie morskie<\/li>\n<li>Odwied\u017a pi\u0119kny ko\u015bci\u00f3\u0142 koptyjski w Hurghadzie<\/li>\n<li>Odkryj osza\u0142amiaj\u0105cy Meczet Al Mina i jego islamsk\u0105 architektur\u0119<\/li>\n<li>Poznaj r\u00f3\u017cnorodno\u015b\u0107 kulturow\u0105 i religijn\u0105 Hurghady<\/li>\n<\/ul>\n<\/div>\n<\/div>\n<\/div>\n<\/div>\n<\/div>\n<\/div>\n<div class=\"highlights\">\n<div class=\"heading left\">\n<h3><strong>Co zabra\u0107 ze sob\u0105?<\/strong><\/h3>\n<\/div>\n<div class=\"wpb_text_column wpb_content_element \">\n<div class=\"wpb_wrapper\">\n<ul>\n<li>Sprz\u0119t fotograficzny i wideo<\/li>\n<li>Nakrycie g\u0142owy (czapka lub szalik)<\/li>\n<li>Okulary przeciws\u0142oneczne<\/li>\n<li>Krem przeciws\u0142oneczny<\/li>\n<li>R\u0119cznik<\/li>\n<li>str\u00f3j k\u0105pielowy<\/li>\n<\/ul>\n<h3><strong>Czas trwania<\/strong><\/h3>\n<p>Pierwsza podr\u00f3\u017c:<\/p>\n<p>Odbi\u00f3r: Oko\u0142o godziny 8:00 rano (w zale\u017cno\u015bci od lokalizacji hotelu w Hurghadzie).<\/p>\n<p>Druga podr\u00f3\u017c:<\/p>\n<p>Odbi\u00f3r: Oko\u0142o 10:00 rano (w zale\u017cno\u015bci od lokalizacji hotelu w Hurghadzie)<\/p>\n<p>Trzecia podr\u00f3\u017c:<\/p>\n<p>Odbi\u00f3r: Oko\u0142o 12:00 (w zale\u017cno\u015bci od lokalizacji hotelu w Hurghadzie).<\/p>\n<p>Czwarta podr\u00f3\u017c:<\/p>\n<p>Odbi\u00f3r: Oko\u0142o 14:00 (w zale\u017cno\u015bci od lokalizacji hotelu w Hurghadzie)<\/p>\n<ul>\n<li>Prosimy o wybranie godziny odbioru i podanie jej w uwagach do rezerwacji.<\/li>\n<\/ul>\n<h5><\/h5>\n<\/div>\n<\/div>\n<\/div>\n","protected":false},"excerpt":{"rendered":"<p>Przegl\u0105d P\u00f3\u0142okr\u0119t podwodny Seascope Rozpocznij swoj\u0105 przygod\u0119 od odbioru z hotelu klimatyzowanym pojazdem do Hurghada Marina. Ciesz si\u0119 malownicz\u0105 przeja\u017cd\u017ck\u0105 p\u00f3\u0142-\u0142odzi\u0105 podwodn\u0105, \u200b\u200boferuj\u0105c\u0105 panoramiczne widoki podwodne na t\u0119tni\u0105ce \u017cyciem rafy koralowe i fascynuj\u0105ce \u017cycie morskie. Po przeja\u017cd\u017cce \u0142odzi\u0105 podwodn\u0105 kontynuuj podr\u00f3\u017c z przewodnikiem po najbardziej kultowych zabytkach religijnych Hurghady. Odwied\u017a pi\u0119kny Ko\u015bci\u00f3\u0142 Koptyjski, gdzie mo\u017cesz podziwia\u0107 jego architektur\u0119 i dowiedzie\u0107 si\u0119 wi\u0119cej o spo\u0142eczno\u015bci chrze\u015bcija\u0144skiej w Egipcie. Nast\u0119pnie odwied\u017a wspania\u0142y Meczet Al Mina, osza\u0142amiaj\u0105cy przyk\u0142ad architektury islamskiej, i rozkoszuj si\u0119 spokojn\u0105 atmosfer\u0105. Po zako\u0144czeniu wycieczki zostaniesz wygodnie przewieziony z powrotem do hotelu, maj\u0105c mo\u017cliwo\u015b\u0107 lepszego zrozumienia r\u00f3\u017cnorodno\u015bci kulturowej i religijnej Hurghady. Przegl\u0105d najwa\u017cniejszych wydarze\u0144: Odbi\u00f3r i dow\u00f3z do hotelu klimatyzowanym pojazdem Widokowa przeja\u017cd\u017cka \u0142odzi\u0105 podwodn\u0105 z panoramicznymi widokami na podwodne krajobrazy Odkryj \u017cywe rafy koralowe i \u017cycie morskie Odwied\u017a pi\u0119kny ko\u015bci\u00f3\u0142 koptyjski w Hurghadzie Odkryj osza\u0142amiaj\u0105cy Meczet Al Mina i jego islamsk\u0105 architektur\u0119 Poznaj r\u00f3\u017cnorodno\u015b\u0107 kulturow\u0105 i religijn\u0105 Hurghady Co zabra\u0107 ze sob\u0105? Sprz\u0119t fotograficzny i wideo Nakrycie g\u0142owy (czapka lub szalik) Okulary przeciws\u0142oneczne Krem przeciws\u0142oneczny R\u0119cznik str\u00f3j k\u0105pielowy Czas trwania Pierwsza podr\u00f3\u017c: Odbi\u00f3r: Oko\u0142o godziny 8:00 rano (w zale\u017cno\u015bci od lokalizacji hotelu w Hurghadzie). Druga podr\u00f3\u017c: Odbi\u00f3r: Oko\u0142o 10:00 rano (w zale\u017cno\u015bci od lokalizacji hotelu w Hurghadzie) Trzecia podr\u00f3\u017c: Odbi\u00f3r: Oko\u0142o 12:00 (w zale\u017cno\u015bci od lokalizacji hotelu w Hurghadzie). Czwarta podr\u00f3\u017c: Odbi\u00f3r: Oko\u0142o 14:00 (w zale\u017cno\u015bci od lokalizacji hotelu w Hurghadzie) Prosimy o wybranie godziny odbioru i podanie jej w uwagach do rezerwacji.<\/p>\n","protected":false},"featured_media":13286,"comment_status":"open","ping_status":"closed","template":"","meta":{"_monsterinsights_skip_tracking":false,"_monsterinsights_sitenote_active":false,"_monsterinsights_sitenote_note":"","_monsterinsights_sitenote_category":0},"product_brand":[],"product_cat":[95,98],"product_tag":[],"class_list":{"0":"post-13285","1":"product","2":"type-product","3":"status-publish","4":"has-post-thumbnail","6":"product_cat-rejsy-morskie","7":"product_cat-wycieczki-rodzinne","9":"first","10":"instock","11":"shipping-taxable","12":"purchasable","13":"product-type-ovabrw_car_rental"},"_links":{"self":[{"href":"http:\/\/trips-adam.com\/pl\/wp-json\/wp\/v2\/product\/13285","targetHints":{"allow":["GET"]}}],"collection":[{"href":"http:\/\/trips-adam.com\/pl\/wp-json\/wp\/v2\/product"}],"about":[{"href":"http:\/\/trips-adam.com\/pl\/wp-json\/wp\/v2\/types\/product"}],"replies":[{"embeddable":true,"href":"http:\/\/trips-adam.com\/pl\/wp-json\/wp\/v2\/comments?post=13285"}],"wp:featuredmedia":[{"embeddable":true,"href":"http:\/\/trips-adam.com\/pl\/wp-json\/wp\/v2\/media\/13286"}],"wp:attachment":[{"href":"http:\/\/trips-adam.com\/pl\/wp-json\/wp\/v2\/media?parent=13285"}],"wp:term":[{"taxonomy":"product_brand","embeddable":true,"href":"http:\/\/trips-adam.com\/pl\/wp-json\/wp\/v2\/product_brand?post=13285"},{"taxonomy":"product_cat","embeddable":true,"href":"http:\/\/trips-adam.com\/pl\/wp-json\/wp\/v2\/product_cat?post=13285"},{"taxonomy":"product_tag","embeddable":true,"href":"http:\/\/trips-adam.com\/pl\/wp-json\/wp\/v2\/product_tag?post=13285"}],"curies":[{"name":"wp","href":"https:\/\/api.w.org\/{rel}","templated":true}]}}