{"id":13311,"date":"2025-05-29T16:53:21","date_gmt":"2025-05-29T16:53:21","guid":{"rendered":"http:\/\/trips-adam.com\/?post_type=product&#038;p=13311"},"modified":"2026-04-02T05:57:11","modified_gmt":"2026-04-02T05:57:11","slug":"orange-bay-z-hurghady","status":"publish","type":"product","link":"http:\/\/trips-adam.com\/pl\/produkt\/orange-bay-z-hurghady\/","title":{"rendered":"Orange Bay z Hurghady"},"content":{"rendered":"<h2>Przegl\u0105d<\/h2>\n<h2>Orange Bay z Hurghady wycieczka morska<\/h2>\n<p>Zacznij od odbioru z hotelu i transferu do portu. \u017begluj przez 45 minut, a nast\u0119pnie ciesz si\u0119 godzinnym postojem na nurkowanie w czystych wodach Morza Czerwonego. Kontynuuj do Orange Bay, aby zrelaksowa\u0107 si\u0119 na pla\u017cy ze z\u0142otym piaskiem i udogodnieniami. Nast\u0119pnie pop\u0142y\u0144 do innego miejsca do nurkowania, aby odkry\u0107 t\u0119tni\u0105ce \u017cyciem rafy koralowe. Wycieczka obejmuje lunch, napoje bezalkoholowe i mo\u017cliwo\u015b\u0107 przeja\u017cd\u017cki bananowcem. Wr\u00f3\u0107 do portu i transfer z powrotem do hotelu.<\/p>\n<p>&nbsp;<\/p>\n<div class=\"vc_row wpb_row vc_row-fluid\">\n<div class=\"wpb_column vc_column_container vc_col-sm-12\">\n<div class=\"vc_column-inner\">\n<div class=\"wpb_wrapper\">\n<div class=\"heading left\">\n<h3><strong>Przegl\u0105d najwa\u017cniejszych wydarze\u0144:<\/strong><\/h3>\n<\/div>\n<\/div>\n<\/div>\n<\/div>\n<\/div>\n<div class=\"vc_row wpb_row vc_row-fluid\">\n<div class=\"wpb_column vc_column_container vc_col-sm-12\">\n<div class=\"vc_column-inner\">\n<div class=\"wpb_wrapper\">\n<div class=\"wpb_text_column wpb_content_element \">\n<div class=\"wpb_wrapper\">\n<ul>\n<li>Zanurkuj w krystalicznie czystych wodach zatoki Orange Bay<\/li>\n<li>Delektuj si\u0119 pysznym lunchem w formie bufetu na pok\u0142adzie<\/li>\n<li>Zrelaksuj si\u0119 korzystaj\u0105c z us\u0142ugi transferu w obie strony z drzwi do drzwi<\/li>\n<li>Bezproblemowa jednodniowa wycieczka na wysp\u0119 Orange Bay z Hurghady<\/li>\n<li>Ciesz si\u0119 rejsem powrotnym \u0142odzi\u0105, przystankami na nurkowanie z rurk\u0105, pla\u017c\u0105, rafami i udogodnieniami<\/li>\n<\/ul>\n<p>&nbsp;<\/p>\n<div class=\"heading left\">\n<h3><strong>Co zabra\u0107 ze sob\u0105:<\/strong><\/h3>\n<\/div>\n<div class=\"wpb_text_column wpb_content_element \">\n<div class=\"wpb_wrapper\">\n<ul>\n<li>R\u0119cznik k\u0105pielowy<\/li>\n<li>Okulary przeciws\u0142oneczne<\/li>\n<li>Krem z filtrem przeciws\u0142onecznym<\/li>\n<li>Str\u00f3j k\u0105pielowy<\/li>\n<li>Sprz\u0119t fotograficzny\/wideo<\/li>\n<\/ul>\n<h3><strong>Czas trwania<\/strong><\/h3>\n<p>Odbi\u00f3r: Oko\u0142o godziny 8:00 rano (w zale\u017cno\u015bci od lokalizacji hotelu w Hurghadzie).<\/p>\n<h5><\/h5>\n<\/div>\n<\/div>\n<\/div>\n<\/div>\n<\/div>\n<\/div>\n<\/div>\n<\/div>\n<div class=\"highlights\">\n<div class=\"wpb_text_column wpb_content_element \">\n<div class=\"wpb_wrapper\"><\/div>\n<\/div>\n<\/div>\n","protected":false},"excerpt":{"rendered":"<p>Przegl\u0105d Orange Bay z Hurghady wycieczka morska Zacznij od odbioru z hotelu i transferu do portu. \u017begluj przez 45 minut, a nast\u0119pnie ciesz si\u0119 godzinnym postojem na nurkowanie w czystych wodach Morza Czerwonego. Kontynuuj do Orange Bay, aby zrelaksowa\u0107 si\u0119 na pla\u017cy ze z\u0142otym piaskiem i udogodnieniami. Nast\u0119pnie pop\u0142y\u0144 do innego miejsca do nurkowania, aby odkry\u0107 t\u0119tni\u0105ce \u017cyciem rafy koralowe. Wycieczka obejmuje lunch, napoje bezalkoholowe i mo\u017cliwo\u015b\u0107 przeja\u017cd\u017cki bananowcem. Wr\u00f3\u0107 do portu i transfer z powrotem do hotelu. &nbsp; Przegl\u0105d najwa\u017cniejszych wydarze\u0144: Zanurkuj w krystalicznie czystych wodach zatoki Orange Bay Delektuj si\u0119 pysznym lunchem w formie bufetu na pok\u0142adzie Zrelaksuj si\u0119 korzystaj\u0105c z us\u0142ugi transferu w obie strony z drzwi do drzwi Bezproblemowa jednodniowa wycieczka na wysp\u0119 Orange Bay z Hurghady Ciesz si\u0119 rejsem powrotnym \u0142odzi\u0105, przystankami na nurkowanie z rurk\u0105, pla\u017c\u0105, rafami i udogodnieniami &nbsp; Co zabra\u0107 ze sob\u0105: R\u0119cznik k\u0105pielowy Okulary przeciws\u0142oneczne Krem z filtrem przeciws\u0142onecznym Str\u00f3j k\u0105pielowy Sprz\u0119t fotograficzny\/wideo Czas trwania Odbi\u00f3r: Oko\u0142o godziny 8:00 rano (w zale\u017cno\u015bci od lokalizacji hotelu w Hurghadzie).<\/p>\n","protected":false},"featured_media":13312,"comment_status":"open","ping_status":"closed","template":"","meta":{"_monsterinsights_skip_tracking":false,"_monsterinsights_sitenote_active":false,"_monsterinsights_sitenote_note":"","_monsterinsights_sitenote_category":0},"product_brand":[],"product_cat":[95],"product_tag":[],"class_list":{"0":"post-13311","1":"product","2":"type-product","3":"status-publish","4":"has-post-thumbnail","6":"product_cat-rejsy-morskie","8":"first","9":"instock","10":"shipping-taxable","11":"purchasable","12":"product-type-ovabrw_car_rental"},"_links":{"self":[{"href":"http:\/\/trips-adam.com\/pl\/wp-json\/wp\/v2\/product\/13311","targetHints":{"allow":["GET"]}}],"collection":[{"href":"http:\/\/trips-adam.com\/pl\/wp-json\/wp\/v2\/product"}],"about":[{"href":"http:\/\/trips-adam.com\/pl\/wp-json\/wp\/v2\/types\/product"}],"replies":[{"embeddable":true,"href":"http:\/\/trips-adam.com\/pl\/wp-json\/wp\/v2\/comments?post=13311"}],"wp:featuredmedia":[{"embeddable":true,"href":"http:\/\/trips-adam.com\/pl\/wp-json\/wp\/v2\/media\/13312"}],"wp:attachment":[{"href":"http:\/\/trips-adam.com\/pl\/wp-json\/wp\/v2\/media?parent=13311"}],"wp:term":[{"taxonomy":"product_brand","embeddable":true,"href":"http:\/\/trips-adam.com\/pl\/wp-json\/wp\/v2\/product_brand?post=13311"},{"taxonomy":"product_cat","embeddable":true,"href":"http:\/\/trips-adam.com\/pl\/wp-json\/wp\/v2\/product_cat?post=13311"},{"taxonomy":"product_tag","embeddable":true,"href":"http:\/\/trips-adam.com\/pl\/wp-json\/wp\/v2\/product_tag?post=13311"}],"curies":[{"name":"wp","href":"https:\/\/api.w.org\/{rel}","templated":true}]}}