{"id":13345,"date":"2025-05-29T16:58:20","date_gmt":"2025-05-29T16:58:20","guid":{"rendered":"http:\/\/trips-adam.com\/?post_type=product&#038;p=13345"},"modified":"2026-04-02T05:57:20","modified_gmt":"2026-04-02T05:57:20","slug":"dzien-nurkowania","status":"publish","type":"product","link":"http:\/\/trips-adam.com\/pl\/produkt\/dzien-nurkowania\/","title":{"rendered":"Dzie\u0144 nurkowania"},"content":{"rendered":"<h2>Jednodniowa wycieczka nurkowa<\/h2>\n<ul>\n<li class=\"nonelist\">Gotowy na podwodn\u0105 przygod\u0119 z nami? Zanurkujmy razem w osza\u0142amiaj\u0105cych wodach, gdzie czeka na Ciebie magiczny \u015bwiat kolorowych ryb i zapieraj\u0105cych dech w piersiach raf koralowych!<\/li>\n<li class=\"nonelist\">Prze\u017cyj niezapomnian\u0105 wypraw\u0119 nurkow\u0105 w Hurghadzie, odkryj osza\u0142amiaj\u0105ce rafy koralowe Morza Czerwonego, t\u0119tni\u0105ce \u017cyciem morskie stworzenia i miejsca do nurkowania odpowiednie dla os\u00f3b o ka\u017cdym poziomie umiej\u0119tno\u015bci.<\/li>\n<li class=\"nonelist\"><strong>Wprowadzenie do nurkowania w Hurghadzie dla pocz\u0105tkuj\u0105cych\u00a0<\/strong>\u00a0<strong>25 \u20ac<\/strong>\u00a0: 2 nurkowania (oko\u0142o 15 minut ka\u017cde) Maksymalna g\u0142\u0119boko\u015b\u0107 6 m + snurkowanie + lunch + napoje przez ca\u0142y dzie\u0144.<\/li>\n<li class=\"nonelist\"><strong>Codzienne nurkowanie profesjonalne w Hurghadzie dla certyfikowanych nurk\u00f3w\u00a0<\/strong>\u00a0<strong>50 \u20ac<\/strong>\u00a0: 2 nurkowania (ka\u017cde 35-40 minut) \u2013 g\u0142\u0119boko\u015b\u0107 zale\u017cy od certyfikatu + snurkowanie + lunch + napoje przez ca\u0142y dzie\u0144.<\/li>\n<li class=\"nonelist\"><strong>Tylko dla os\u00f3b towarzysz\u0105cych\u00a0<\/strong>\u00a0<strong>25 \u20ac<\/strong>\u00a0: W przypadku nurkowania bez butli, b\u0119dziesz m\u00f3g\u0142 nurkowa\u0107 ca\u0142y dzie\u0144, korzystaj\u0105c z udost\u0119pnionego sprz\u0119tu.<\/li>\n<\/ul>\n<h3><em class=\"fa-green fa-regular fa-calendar-days\">\u00a0<\/em><strong>Dni tygodnia i czas trwania:<\/strong><\/h3>\n<ul>\n<li class=\"nonelist\">Codziennie.<\/li>\n<li class=\"nonelist\">Od 8:00 do 16:00 (godziny wyjazdu i powrotu zale\u017c\u0105 od lokalizacji hotelu w Hurghadzie i zostan\u0105 potwierdzone po dokonaniu rezerwacji).<\/li>\n<li class=\"nonelist\">Wycieczka ca\u0142odniowa (oko\u0142o 7-8 godzin, wliczaj\u0105c transfery).<\/li>\n<\/ul>\n<h3><em class=\"fa-green fa-solid fa-rectangle-list\">\u00a0<\/em><strong>Program:<\/strong><\/h3>\n<ul>\n<li class=\"nonelist\"><strong>Odbi\u00f3r z hotelu:<\/strong>\u00a0\u00a0Mi\u0119dzy 7:30 a 8:30 (w zale\u017cno\u015bci od lokalizacji hotelu).<\/li>\n<li class=\"nonelist\"><strong>Odp\u0142yni\u0119cie z mariny:<\/strong>\u00a0\u00a0\u0141\u00f3d\u017a odp\u0142ywa oko\u0142o godziny 10:00 rano.<\/li>\n<li class=\"nonelist\"><strong>Instrukta\u017c:<\/strong>\u00a0\u00a0Nasz przewodnik po nurkowaniu i snurkowaniu zapewnia instrukcje dotycz\u0105ce bezpiecze\u0144stwa i \u015brodk\u00f3w ostro\u017cno\u015bci.<\/li>\n<li class=\"nonelist\"><strong>Pocz\u0105tkuj\u0105cy (nurkowanie wprowadzaj\u0105ce):<\/strong>\u00a0\u00a02 nurkowania (ka\u017cde trwaj\u0105ce od 15 do 20 minut) Maksymalna g\u0142\u0119boko\u015b\u0107 6 m.<\/li>\n<li class=\"nonelist\"><strong>Certified Professional (nurkowanie codzienne):<\/strong>\u00a0\u00a02 nurkowania (ka\u017cde trwaj\u0105ce 35\u201340 minut) \u2013 g\u0142\u0119boko\u015b\u0107 zale\u017cy od certyfikatu.<\/li>\n<li class=\"nonelist\"><strong>Snorkeling:<\/strong>\u00a0\u00a0Odkryj \u017cyw\u0105 raf\u0119 koralow\u0105 pe\u0142n\u0105 kolorowych ryb, koralowc\u00f3w i innych stworze\u0144 morskich.<\/li>\n<li class=\"nonelist\"><strong>Lunch w formie bufetu i napoje:<\/strong>\u00a0\u00a0Skorzystaj z otwartego bufetu podczas rejsu do kolejnego miejsca do nurkowania.<\/li>\n<li class=\"nonelist\"><strong>Powr\u00f3t do mariny:<\/strong>\u00a0\u00a0Oko\u0142o godziny 15:00 \u0142\u00f3d\u017a wraca do mariny, gdzie kierowcy odwioz\u0105 Ci\u0119 do hotelu.<\/li>\n<\/ul>\n<h3><strong>Co zabra\u0107:<\/strong><\/h3>\n<ul>\n<li class=\"nonelist\">R\u0119cznik.<\/li>\n<li class=\"nonelist\">Krem przeciws\u0142oneczny.<\/li>\n<li class=\"nonelist\">Okulary przeciws\u0142oneczne i kapelusz.<\/li>\n<li class=\"nonelist\">Kamera lub GoPro.<\/li>\n<li class=\"nonelist\">Zdj\u0119cie paszportu w telefonie.<\/li>\n<li class=\"nonelist\">Je\u015bli jeste\u015b certyfikowanym nurkiem: Zdj\u0119cie swojego certyfikatu nurkowego na telefonie.<\/li>\n<\/ul>\n<h3><strong>Czas trwania<\/strong><\/h3>\n<p>Odbi\u00f3r: Oko\u0142o godziny 8:00 rano (w zale\u017cno\u015bci od lokalizacji hotelu w Hurghadzie).<\/p>\n<div class=\"desc-p havezic-single-content\">\n<div class=\"elementor-element elementor-element-6d80088b ba-content__one elementor-widget elementor-widget-gva_ba_item_content\" data-id=\"6d80088b\" data-element_type=\"widget\" data-widget_type=\"gva_ba_item_content.default\">\n<div class=\"elementor-widget-container\">\n<div class=\"gowilds-gva_ba_item_content gowilds-element\">\n<div class=\"gowilds-single-content\">\n<h5><\/h5>\n<\/div>\n<\/div>\n<\/div>\n<\/div>\n<\/div>\n","protected":false},"excerpt":{"rendered":"<p>Jednodniowa wycieczka nurkowa Gotowy na podwodn\u0105 przygod\u0119 z nami? Zanurkujmy razem w osza\u0142amiaj\u0105cych wodach, gdzie czeka na Ciebie magiczny \u015bwiat kolorowych ryb i zapieraj\u0105cych dech w piersiach raf koralowych! Prze\u017cyj niezapomnian\u0105 wypraw\u0119 nurkow\u0105 w Hurghadzie, odkryj osza\u0142amiaj\u0105ce rafy koralowe Morza Czerwonego, t\u0119tni\u0105ce \u017cyciem morskie stworzenia i miejsca do nurkowania odpowiednie dla os\u00f3b o ka\u017cdym poziomie umiej\u0119tno\u015bci. Wprowadzenie do nurkowania w Hurghadzie dla pocz\u0105tkuj\u0105cych\u00a0\u00a025 \u20ac\u00a0: 2 nurkowania (oko\u0142o 15 minut ka\u017cde) Maksymalna g\u0142\u0119boko\u015b\u0107 6 m + snurkowanie + lunch + napoje przez ca\u0142y dzie\u0144. Codzienne nurkowanie profesjonalne w Hurghadzie dla certyfikowanych nurk\u00f3w\u00a0\u00a050 \u20ac\u00a0: 2 nurkowania (ka\u017cde 35-40 minut) \u2013 g\u0142\u0119boko\u015b\u0107 zale\u017cy od certyfikatu + snurkowanie + lunch + napoje przez ca\u0142y dzie\u0144. Tylko dla os\u00f3b towarzysz\u0105cych\u00a0\u00a025 \u20ac\u00a0: W przypadku nurkowania bez butli, b\u0119dziesz m\u00f3g\u0142 nurkowa\u0107 ca\u0142y dzie\u0144, korzystaj\u0105c z udost\u0119pnionego sprz\u0119tu. \u00a0Dni tygodnia i czas trwania: Codziennie. Od 8:00 do 16:00 (godziny wyjazdu i powrotu zale\u017c\u0105 od lokalizacji hotelu w Hurghadzie i zostan\u0105 potwierdzone po dokonaniu rezerwacji). Wycieczka ca\u0142odniowa (oko\u0142o 7-8 godzin, wliczaj\u0105c transfery). \u00a0Program: Odbi\u00f3r z hotelu:\u00a0\u00a0Mi\u0119dzy 7:30 a 8:30 (w zale\u017cno\u015bci od lokalizacji hotelu). Odp\u0142yni\u0119cie z mariny:\u00a0\u00a0\u0141\u00f3d\u017a odp\u0142ywa oko\u0142o godziny 10:00 rano. Instrukta\u017c:\u00a0\u00a0Nasz przewodnik po nurkowaniu i snurkowaniu zapewnia instrukcje dotycz\u0105ce bezpiecze\u0144stwa i \u015brodk\u00f3w ostro\u017cno\u015bci. Pocz\u0105tkuj\u0105cy (nurkowanie wprowadzaj\u0105ce):\u00a0\u00a02 nurkowania (ka\u017cde trwaj\u0105ce od 15 do 20 minut) Maksymalna g\u0142\u0119boko\u015b\u0107 6 m. Certified Professional (nurkowanie codzienne):\u00a0\u00a02 nurkowania (ka\u017cde trwaj\u0105ce 35\u201340 minut) \u2013 g\u0142\u0119boko\u015b\u0107 zale\u017cy od certyfikatu. Snorkeling:\u00a0\u00a0Odkryj \u017cyw\u0105 raf\u0119 koralow\u0105 pe\u0142n\u0105 kolorowych ryb, koralowc\u00f3w i innych stworze\u0144 morskich. Lunch w formie bufetu i napoje:\u00a0\u00a0Skorzystaj z otwartego bufetu podczas rejsu do kolejnego miejsca do nurkowania. Powr\u00f3t do mariny:\u00a0\u00a0Oko\u0142o godziny 15:00 \u0142\u00f3d\u017a wraca do mariny, gdzie kierowcy odwioz\u0105 Ci\u0119 do hotelu. Co zabra\u0107: R\u0119cznik. Krem przeciws\u0142oneczny. Okulary przeciws\u0142oneczne i kapelusz. Kamera lub GoPro. Zdj\u0119cie paszportu w telefonie. Je\u015bli jeste\u015b certyfikowanym nurkiem: Zdj\u0119cie swojego certyfikatu nurkowego na telefonie. Czas trwania Odbi\u00f3r: Oko\u0142o godziny 8:00 rano (w zale\u017cno\u015bci od lokalizacji hotelu w Hurghadzie).<\/p>\n","protected":false},"featured_media":13346,"comment_status":"open","ping_status":"closed","template":"","meta":{"_monsterinsights_skip_tracking":false,"_monsterinsights_sitenote_active":false,"_monsterinsights_sitenote_note":"","_monsterinsights_sitenote_category":0},"product_brand":[],"product_cat":[95],"product_tag":[],"class_list":{"0":"post-13345","1":"product","2":"type-product","3":"status-publish","4":"has-post-thumbnail","6":"product_cat-rejsy-morskie","8":"first","9":"instock","10":"shipping-taxable","11":"purchasable","12":"product-type-ovabrw_car_rental"},"_links":{"self":[{"href":"http:\/\/trips-adam.com\/pl\/wp-json\/wp\/v2\/product\/13345","targetHints":{"allow":["GET"]}}],"collection":[{"href":"http:\/\/trips-adam.com\/pl\/wp-json\/wp\/v2\/product"}],"about":[{"href":"http:\/\/trips-adam.com\/pl\/wp-json\/wp\/v2\/types\/product"}],"replies":[{"embeddable":true,"href":"http:\/\/trips-adam.com\/pl\/wp-json\/wp\/v2\/comments?post=13345"}],"wp:featuredmedia":[{"embeddable":true,"href":"http:\/\/trips-adam.com\/pl\/wp-json\/wp\/v2\/media\/13346"}],"wp:attachment":[{"href":"http:\/\/trips-adam.com\/pl\/wp-json\/wp\/v2\/media?parent=13345"}],"wp:term":[{"taxonomy":"product_brand","embeddable":true,"href":"http:\/\/trips-adam.com\/pl\/wp-json\/wp\/v2\/product_brand?post=13345"},{"taxonomy":"product_cat","embeddable":true,"href":"http:\/\/trips-adam.com\/pl\/wp-json\/wp\/v2\/product_cat?post=13345"},{"taxonomy":"product_tag","embeddable":true,"href":"http:\/\/trips-adam.com\/pl\/wp-json\/wp\/v2\/product_tag?post=13345"}],"curies":[{"name":"wp","href":"https:\/\/api.w.org\/{rel}","templated":true}]}}