{"id":13465,"date":"2025-05-29T17:12:46","date_gmt":"2025-05-29T17:12:46","guid":{"rendered":"http:\/\/trips-adam.com\/?post_type=product&#038;p=13465"},"modified":"2026-04-02T05:57:47","modified_gmt":"2026-04-02T05:57:47","slug":"wyspa-paradis","status":"publish","type":"product","link":"http:\/\/trips-adam.com\/pl\/produkt\/wyspa-paradis\/","title":{"rendered":"Wyspa Paradis"},"content":{"rendered":"<ul>\n<li class=\"nonelist\">\n<div class=\"vc_row wpb_row vc_row-fluid\">\n<div class=\"wpb_column vc_column_container vc_col-sm-12\">\n<div class=\"vc_column-inner\">\n<div class=\"wpb_wrapper\">\n<div class=\"wpb_text_column wpb_content_element \">\n<div class=\"wpb_wrapper\">\n<div class=\"heading left\">\n<div class=\"heading left\">\n<h3><strong>Co zabra\u0107 ze sob\u0105?<\/strong><\/h3>\n<\/div>\n<div class=\"wpb_text_column wpb_content_element \">\n<div class=\"wpb_wrapper\">\n<ul>\n<li>R\u0119cznik k\u0105pielowy<\/li>\n<li>Okulary przeciws\u0142oneczne<\/li>\n<li>Krem z filtrem przeciws\u0142onecznym<\/li>\n<li>Str\u00f3j k\u0105pielowy<\/li>\n<li>Sprz\u0119t fotograficzny\/wideo<\/li>\n<\/ul>\n<\/div>\n<\/div>\n<\/div>\n<div class=\"wpb_text_column wpb_content_element \">\n<div class=\"wpb_wrapper\">\n<h3><strong>Czas trwania<\/strong><\/h3>\n<p>Pierwsza podr\u00f3\u017c:<\/p>\n<p>Odbi\u00f3r: Oko\u0142o godziny 8:00 rano (w zale\u017cno\u015bci od lokalizacji hotelu w Hurghadzie).<\/p>\n<p>Druga podr\u00f3\u017c:<\/p>\n<p>Odbi\u00f3r: Oko\u0142o 10:00 rano (w zale\u017cno\u015bci od lokalizacji hotelu w Hurghadzie)<\/p>\n<ul>\n<li>Prosimy o wybranie godziny odbioru i podanie jej w uwagach do rezerwacji.<br \/>\n<h2>Przegl\u0105d<\/h2>\n<h2>Rajska wyspa<\/h2>\n<p>Rozpocznij dzie\u0144 od porannego odbioru z hotelu i udaj si\u0119 do mariny na wycieczk\u0119 \u0142odzi\u0105 na Paradise Island w pobli\u017cu Hurghady. Ciesz si\u0119 45-minutowym rejsem z przystankiem na nurkowanie w czystych wodach Morza Czerwonego, gdzie mo\u017cesz dostrzec b\u0142azenkowate, manty, delfiny i kolorowe koralowce. Zrelaksuj si\u0119 na pla\u017cy Paradise Island z drewnianymi cabanami i parasolami, idealnymi do p\u0142ywania i robienia pi\u0119knych zdj\u0119\u0107. Nast\u0119pnie nurkuj w pobli\u017cu rafy koralowej i zjedz pyszny lunch na pok\u0142adzie, z napojami bezalkoholowymi i atrakcjami wodnymi, takimi jak przeja\u017cd\u017cki na bananie i sofie. Na pla\u017cy dost\u0119pna jest r\u00f3wnie\u017c rozrywka dla dzieci.<\/p>\n<p>&nbsp;<\/p>\n<div class=\"vc_row wpb_row vc_row-fluid\">\n<div class=\"wpb_column vc_column_container vc_col-sm-12\">\n<div class=\"vc_column-inner\">\n<div class=\"wpb_wrapper\">\n<div class=\"heading left\">\n<div class=\"vc_row wpb_row vc_row-fluid\">\n<div class=\"wpb_column vc_column_container vc_col-sm-12\">\n<div class=\"vc_column-inner\">\n<div class=\"wpb_wrapper\">\n<div class=\"heading left\">\n<h3><strong>Przegl\u0105d najwa\u017cniejszych wydarze\u0144:<\/strong><\/h3>\n<\/div>\n<\/div>\n<\/div>\n<\/div>\n<\/div>\n<div class=\"vc_row wpb_row vc_row-fluid\">\n<div class=\"wpb_column vc_column_container vc_col-sm-12\">\n<div class=\"vc_column-inner\">\n<div class=\"wpb_wrapper\">\n<div class=\"wpb_text_column wpb_content_element \">\n<div class=\"wpb_wrapper\">\n<ul>\n<li>Ciesz si\u0119 p\u0142ywaniem i nurkowaniem w\u015br\u00f3d unikalnej r\u00f3\u017cnorodno\u015bci ryb wzd\u0142u\u017c wybrze\u017ca<\/li>\n<li>Odkryj fantastyczny podwodny \u015bwiat Paradise Island<\/li>\n<li>Ciesz si\u0119 przystankami na nurkowanie w r\u00f3\u017cnych lokalizacjach<\/li>\n<li>Zrelaksuj si\u0119 na pla\u017cy na rajskiej wyspie<\/li>\n<li>Delektuj si\u0119 lunchem na wyspie.<\/li>\n<li>Ciesz si\u0119 szalon\u0105 \u0142\u00f3dk\u0105 w kszta\u0142cie banana<\/li>\n<\/ul>\n<p>&nbsp;<\/p>\n<\/div>\n<\/div>\n<\/div>\n<\/div>\n<\/div>\n<\/div>\n<\/div>\n<\/div>\n<\/div>\n<\/div>\n<\/div>\n<\/li>\n<\/ul>\n<\/div>\n<\/div>\n<\/div>\n<\/div>\n<\/div>\n<\/div>\n<\/div>\n<\/div>\n<div class=\"vc_row wpb_row vc_row-fluid\">\n<div class=\"wpb_column vc_column_container vc_col-sm-12\">\n<div class=\"vc_column-inner\">\n<div class=\"wpb_wrapper\">\n<div class=\"wpb_text_column wpb_content_element \">\n<div class=\"wpb_wrapper\">\n<div class=\"wpb_wrapper\"><\/div>\n<\/div>\n<\/div>\n<\/div>\n<\/div>\n<\/div>\n<\/div>\n<\/li>\n<\/ul>\n","protected":false},"excerpt":{"rendered":"<p>Co zabra\u0107 ze sob\u0105? R\u0119cznik k\u0105pielowy Okulary przeciws\u0142oneczne Krem z filtrem przeciws\u0142onecznym Str\u00f3j k\u0105pielowy Sprz\u0119t fotograficzny\/wideo Czas trwania Pierwsza podr\u00f3\u017c: Odbi\u00f3r: Oko\u0142o godziny 8:00 rano (w zale\u017cno\u015bci od lokalizacji hotelu w Hurghadzie). Druga podr\u00f3\u017c: Odbi\u00f3r: Oko\u0142o 10:00 rano (w zale\u017cno\u015bci od lokalizacji hotelu w Hurghadzie) Prosimy o wybranie godziny odbioru i podanie jej w uwagach do rezerwacji. Przegl\u0105d Rajska wyspa Rozpocznij dzie\u0144 od porannego odbioru z hotelu i udaj si\u0119 do mariny na wycieczk\u0119 \u0142odzi\u0105 na Paradise Island w pobli\u017cu Hurghady. Ciesz si\u0119 45-minutowym rejsem z przystankiem na nurkowanie w czystych wodach Morza Czerwonego, gdzie mo\u017cesz dostrzec b\u0142azenkowate, manty, delfiny i kolorowe koralowce. Zrelaksuj si\u0119 na pla\u017cy Paradise Island z drewnianymi cabanami i parasolami, idealnymi do p\u0142ywania i robienia pi\u0119knych zdj\u0119\u0107. Nast\u0119pnie nurkuj w pobli\u017cu rafy koralowej i zjedz pyszny lunch na pok\u0142adzie, z napojami bezalkoholowymi i atrakcjami wodnymi, takimi jak przeja\u017cd\u017cki na bananie i sofie. Na pla\u017cy dost\u0119pna jest r\u00f3wnie\u017c rozrywka dla dzieci. &nbsp; Przegl\u0105d najwa\u017cniejszych wydarze\u0144: Ciesz si\u0119 p\u0142ywaniem i nurkowaniem w\u015br\u00f3d unikalnej r\u00f3\u017cnorodno\u015bci ryb wzd\u0142u\u017c wybrze\u017ca Odkryj fantastyczny podwodny \u015bwiat Paradise Island Ciesz si\u0119 przystankami na nurkowanie w r\u00f3\u017cnych lokalizacjach Zrelaksuj si\u0119 na pla\u017cy na rajskiej wyspie Delektuj si\u0119 lunchem na wyspie. Ciesz si\u0119 szalon\u0105 \u0142\u00f3dk\u0105 w kszta\u0142cie banana &nbsp;<\/p>\n","protected":false},"featured_media":13466,"comment_status":"open","ping_status":"closed","template":"","meta":{"_monsterinsights_skip_tracking":false,"_monsterinsights_sitenote_active":false,"_monsterinsights_sitenote_note":"","_monsterinsights_sitenote_category":0},"product_brand":[],"product_cat":[95],"product_tag":[],"class_list":{"0":"post-13465","1":"product","2":"type-product","3":"status-publish","4":"has-post-thumbnail","6":"product_cat-rejsy-morskie","8":"first","9":"instock","10":"shipping-taxable","11":"purchasable","12":"product-type-ovabrw_car_rental"},"_links":{"self":[{"href":"http:\/\/trips-adam.com\/pl\/wp-json\/wp\/v2\/product\/13465","targetHints":{"allow":["GET"]}}],"collection":[{"href":"http:\/\/trips-adam.com\/pl\/wp-json\/wp\/v2\/product"}],"about":[{"href":"http:\/\/trips-adam.com\/pl\/wp-json\/wp\/v2\/types\/product"}],"replies":[{"embeddable":true,"href":"http:\/\/trips-adam.com\/pl\/wp-json\/wp\/v2\/comments?post=13465"}],"wp:featuredmedia":[{"embeddable":true,"href":"http:\/\/trips-adam.com\/pl\/wp-json\/wp\/v2\/media\/13466"}],"wp:attachment":[{"href":"http:\/\/trips-adam.com\/pl\/wp-json\/wp\/v2\/media?parent=13465"}],"wp:term":[{"taxonomy":"product_brand","embeddable":true,"href":"http:\/\/trips-adam.com\/pl\/wp-json\/wp\/v2\/product_brand?post=13465"},{"taxonomy":"product_cat","embeddable":true,"href":"http:\/\/trips-adam.com\/pl\/wp-json\/wp\/v2\/product_cat?post=13465"},{"taxonomy":"product_tag","embeddable":true,"href":"http:\/\/trips-adam.com\/pl\/wp-json\/wp\/v2\/product_tag?post=13465"}],"curies":[{"name":"wp","href":"https:\/\/api.w.org\/{rel}","templated":true}]}}