{"id":13535,"date":"2025-05-29T17:46:13","date_gmt":"2025-05-29T17:46:13","guid":{"rendered":"http:\/\/trips-adam.com\/?post_type=product&#038;p=13535"},"modified":"2026-04-02T05:58:18","modified_gmt":"2026-04-02T05:58:18","slug":"3-godzinny-quad-rano-lub-zachod-slonca","status":"publish","type":"product","link":"http:\/\/trips-adam.com\/pl\/produkt\/3-godzinny-quad-rano-lub-zachod-slonca\/","title":{"rendered":"3-godzinny Quad (rano) lub (zach\u00f3d s\u0142o\u0144ca)"},"content":{"rendered":"<ul>\n<li class=\"nonelist\">\n<h3>Przegl\u0105d najwa\u017cniejszych wydarze\u0144<\/h3>\n<ul class=\"hightlights-list\">\n<li>Ekscytuj\u0105ce trzy godziny niesamowitej jazdy quadem po pustyni<\/li>\n<li>Rozkoszuj si\u0119 zapieraj\u0105cymi dech w piersiach widokami podczas ekscytuj\u0105cej przeja\u017cd\u017cki quadem po ja\u0142owej pustyni<\/li>\n<li>Szkolenie podstawowe ma na celu wyja\u015bnienie, jak sterowa\u0107 quadem<\/li>\n<li>Nie jest wymagane \u017cadne do\u015bwiadczenie<\/li>\n<li>Odwied\u017a wiosk\u0119 Beduin\u00f3w, aby spotka\u0107 si\u0119 z plemieniem<\/li>\n<li>Istnieje mo\u017cliwo\u015b\u0107 przeja\u017cd\u017cki na wielb\u0142\u0105dzie<\/li>\n<\/ul>\n<hr \/>\n<h3>Opis<\/h3>\n<p>Aby prze\u017cy\u0107 wyj\u0105tkowe do\u015bwiadczenie i safari wyj\u0105tkowego rodzaju, wsi\u0105d\u017a na quada, aby odkry\u0107 dzikie pi\u0119kno egipskiej pustyni. Zostaniesz odebrany wcze\u015bnie rano z hotelu. W towarzystwie angloj\u0119zycznego przewodnika zostaniesz zabrany na stacj\u0119 quad\u00f3w.<\/p>\n<p>Nie jest wymagane \u017cadne do\u015bwiadczenie, poniewa\u017c nasi do\u015bwiadczeni instruktorzy wyja\u015bni\u0105 sterowanie quadem. Otrzymasz podstawowe szkolenie i mo\u017cesz rusza\u0107 w drog\u0119! Po sesji treningowej, aby przyzwyczai\u0107 si\u0119 do motocykla, b\u0119dziesz mie\u0107 oko\u0142o godziny, aby cieszy\u0107 si\u0119 ekscytuj\u0105cym do\u015bwiadczeniem jazdy quadem.<\/p>\n<p>Ciesz si\u0119 ekstremaln\u0105 jazd\u0105 przez pustyni\u0119 do wioski Beduin\u00f3w, po\u0142o\u017conej 45 kilometr\u00f3w dalej. Tutaj ciesz si\u0119 wycieczk\u0105 po tradycyjnym \u017cyciu miejscowych ludzi mieszkaj\u0105cych w tym rejonie. B\u0119dziesz mie\u0107 okazj\u0119 przejecha\u0107 si\u0119 na wielb\u0142\u0105dzie.<\/p>\n<p>Po niezapomnianej przygodzie zwi\u0105zanej z eksploracj\u0105 pustyni zostaniesz odwieziony z powrotem do hotelu.<\/p>\n<p>&nbsp;<\/p>\n<div class=\"wpb_text_column wpb_content_element \">\n<div class=\"wpb_wrapper\">\n<h3><strong>Czas trwania<\/strong><\/h3>\n<p><strong>Pierwsza podr\u00f3\u017c:<\/strong><\/p>\n<ul>\n<li>Odbi\u00f3r: Oko\u0142o godziny 8:00 rano (w zale\u017cno\u015bci od lokalizacji hotelu w Hurghadzie).<\/li>\n<\/ul>\n<p><strong>Druga podr\u00f3\u017c:<\/strong><\/p>\n<ul>\n<li>Odbi\u00f3r: Oko\u0142o 14:00 (w zale\u017cno\u015bci od lokalizacji hotelu w Hurghadzie)<\/li>\n<\/ul>\n<\/div>\n<\/div>\n<h5>Prosimy o wybranie godziny odbioru i podanie jej w uwagach do rezerwacji.<\/h5>\n<h5><\/h5>\n<\/li>\n<\/ul>\n","protected":false},"excerpt":{"rendered":"<p>Przegl\u0105d najwa\u017cniejszych wydarze\u0144 Ekscytuj\u0105ce trzy godziny niesamowitej jazdy quadem po pustyni Rozkoszuj si\u0119 zapieraj\u0105cymi dech w piersiach widokami podczas ekscytuj\u0105cej przeja\u017cd\u017cki quadem po ja\u0142owej pustyni Szkolenie podstawowe ma na celu wyja\u015bnienie, jak sterowa\u0107 quadem Nie jest wymagane \u017cadne do\u015bwiadczenie Odwied\u017a wiosk\u0119 Beduin\u00f3w, aby spotka\u0107 si\u0119 z plemieniem Istnieje mo\u017cliwo\u015b\u0107 przeja\u017cd\u017cki na wielb\u0142\u0105dzie Opis Aby prze\u017cy\u0107 wyj\u0105tkowe do\u015bwiadczenie i safari wyj\u0105tkowego rodzaju, wsi\u0105d\u017a na quada, aby odkry\u0107 dzikie pi\u0119kno egipskiej pustyni. Zostaniesz odebrany wcze\u015bnie rano z hotelu. W towarzystwie angloj\u0119zycznego przewodnika zostaniesz zabrany na stacj\u0119 quad\u00f3w. Nie jest wymagane \u017cadne do\u015bwiadczenie, poniewa\u017c nasi do\u015bwiadczeni instruktorzy wyja\u015bni\u0105 sterowanie quadem. Otrzymasz podstawowe szkolenie i mo\u017cesz rusza\u0107 w drog\u0119! Po sesji treningowej, aby przyzwyczai\u0107 si\u0119 do motocykla, b\u0119dziesz mie\u0107 oko\u0142o godziny, aby cieszy\u0107 si\u0119 ekscytuj\u0105cym do\u015bwiadczeniem jazdy quadem. Ciesz si\u0119 ekstremaln\u0105 jazd\u0105 przez pustyni\u0119 do wioski Beduin\u00f3w, po\u0142o\u017conej 45 kilometr\u00f3w dalej. Tutaj ciesz si\u0119 wycieczk\u0105 po tradycyjnym \u017cyciu miejscowych ludzi mieszkaj\u0105cych w tym rejonie. B\u0119dziesz mie\u0107 okazj\u0119 przejecha\u0107 si\u0119 na wielb\u0142\u0105dzie. Po niezapomnianej przygodzie zwi\u0105zanej z eksploracj\u0105 pustyni zostaniesz odwieziony z powrotem do hotelu. &nbsp; Czas trwania Pierwsza podr\u00f3\u017c: Odbi\u00f3r: Oko\u0142o godziny 8:00 rano (w zale\u017cno\u015bci od lokalizacji hotelu w Hurghadzie). Druga podr\u00f3\u017c: Odbi\u00f3r: Oko\u0142o 14:00 (w zale\u017cno\u015bci od lokalizacji hotelu w Hurghadzie) Prosimy o wybranie godziny odbioru i podanie jej w uwagach do rezerwacji.<\/p>\n","protected":false},"featured_media":13536,"comment_status":"open","ping_status":"closed","template":"","meta":{"_monsterinsights_skip_tracking":false,"_monsterinsights_sitenote_active":false,"_monsterinsights_sitenote_note":"","_monsterinsights_sitenote_category":0},"product_brand":[],"product_cat":[96],"product_tag":[],"class_list":{"0":"post-13535","1":"product","2":"type-product","3":"status-publish","4":"has-post-thumbnail","6":"product_cat-wycieczki-safari","8":"first","9":"instock","10":"shipping-taxable","11":"purchasable","12":"product-type-ovabrw_car_rental"},"_links":{"self":[{"href":"http:\/\/trips-adam.com\/pl\/wp-json\/wp\/v2\/product\/13535","targetHints":{"allow":["GET"]}}],"collection":[{"href":"http:\/\/trips-adam.com\/pl\/wp-json\/wp\/v2\/product"}],"about":[{"href":"http:\/\/trips-adam.com\/pl\/wp-json\/wp\/v2\/types\/product"}],"replies":[{"embeddable":true,"href":"http:\/\/trips-adam.com\/pl\/wp-json\/wp\/v2\/comments?post=13535"}],"wp:featuredmedia":[{"embeddable":true,"href":"http:\/\/trips-adam.com\/pl\/wp-json\/wp\/v2\/media\/13536"}],"wp:attachment":[{"href":"http:\/\/trips-adam.com\/pl\/wp-json\/wp\/v2\/media?parent=13535"}],"wp:term":[{"taxonomy":"product_brand","embeddable":true,"href":"http:\/\/trips-adam.com\/pl\/wp-json\/wp\/v2\/product_brand?post=13535"},{"taxonomy":"product_cat","embeddable":true,"href":"http:\/\/trips-adam.com\/pl\/wp-json\/wp\/v2\/product_cat?post=13535"},{"taxonomy":"product_tag","embeddable":true,"href":"http:\/\/trips-adam.com\/pl\/wp-json\/wp\/v2\/product_tag?post=13535"}],"curies":[{"name":"wp","href":"https:\/\/api.w.org\/{rel}","templated":true}]}}