{"id":13691,"date":"2025-05-29T18:09:39","date_gmt":"2025-05-29T18:09:39","guid":{"rendered":"http:\/\/trips-adam.com\/?post_type=product&#038;p=13691"},"modified":"2026-04-02T05:58:46","modified_gmt":"2026-04-02T05:58:46","slug":"kair-1-dzien-autobusem","status":"publish","type":"product","link":"http:\/\/trips-adam.com\/pl\/produkt\/kair-1-dzien-autobusem\/","title":{"rendered":"Kair 1 dzie\u0144 autobusem"},"content":{"rendered":"<ul>\n<li class=\"nonelist\">\n<div class=\"elementor-element elementor-element-f85dd7f elementor-widget elementor-widget-heading\" data-id=\"f85dd7f\" data-element_type=\"widget\" data-widget_type=\"heading.default\">\n<div class=\"elementor-widget-container\">\n<div class=\"elementor-element elementor-element-f85dd7f elementor-widget elementor-widget-heading\" data-id=\"f85dd7f\" data-element_type=\"widget\" data-widget_type=\"heading.default\">\n<div class=\"elementor-widget-container\">\n<div class=\"elementor-element elementor-element-f85dd7f elementor-widget elementor-widget-heading\" data-id=\"f85dd7f\" data-element_type=\"widget\" data-widget_type=\"heading.default\">\n<div class=\"elementor-widget-container\">\n<div class=\"elementor-element elementor-element-f85dd7f elementor-widget elementor-widget-heading\" data-id=\"f85dd7f\" data-element_type=\"widget\" data-widget_type=\"heading.default\">\n<div class=\"elementor-widget-container\">\n<div class=\"ovabrw_product_title\">\n<div class=\"heading left\">\n<div class=\"heading left\">\n<div class=\"heading left\">\n<p><strong>Kair na jednodniow\u0105 wycieczk\u0119 z Hurghady autobusem<\/strong><\/p>\n<p><strong>Odbieramy<\/strong>\u00a0\u00a0Ci\u0119 z hotelu p\u00f3\u017anym wieczorem i jedziemy do Kairu wygodnym autobusem z toalet\u0105. Czas odbioru to oko\u0142o 1:30 do 2:30 w nocy, w zale\u017cno\u015bci od obszaru Twojego hotelu.<\/p>\n<p>Po przybyciu do Kairu przewodnik zabierze Ci\u0119 do\u00a0<strong>\u00a0Egyptien Museum<\/strong>\u00a0, gdzie mo\u017cesz zobaczy\u0107 rzadk\u0105 kolekcj\u0119\u00a0\u00a0<strong>5000 lat<\/strong>\u00a0\u00a0sztuki, kt\u00f3ra jest uwa\u017cana za najwi\u0119ksz\u0105 i najcenniejsz\u0105 kolekcj\u0119 sztuki egipskiej na \u015bwiecie. Zaprezentowano ponad 250 000 oryginalnych artefakt\u00f3w, w tym wystaw\u0119 po\u015bwi\u0119con\u0105\u00a0\u00a0<strong>kolekcji skarb\u00f3w<\/strong>\u00a0, z\u0142ota i bi\u017cuterii Tutanchamona, kt\u00f3ra zosta\u0142a zamkni\u0119ta w jego grobowcu i jego\u00a0<strong>\u00a0masce 11 kg<\/strong>\u00a0\u00a0z jego\u00a0<strong>\u00a0trumn\u0105 110 kg czystego z\u0142ota.<\/strong><\/p>\n<p>Zjedz egipski\u00a0\u00a0<strong>obiad<\/strong>\u00a0\u00a0w tradycyjnej restauracji.<\/p>\n<p>Przewodnik\u00a0\u00a0\u00a0b\u0119dzie Ci towarzyszy\u0142 w Twojej przygodzie odkrywania wspania\u0142ych\u00a0\u00a0<strong>piramid Cheopsa, Chefrena i Mykeriny, Sfinksa<\/strong>\u00a0\u00a0z g\u0142ow\u0105 faraona i cia\u0142em lwa, kt\u00f3ry pochodzi z czas\u00f3w panowania kr\u00f3la Chefrena.\u00a0\u00a0<strong>\u015awi\u0105tynia Doliny<\/strong>\u00a0\u00a0Piramidy Chefrena jest r\u00f3wnie\u017c wspania\u0142ym dzie\u0142em staro\u017cytnej architektury, dlatego mo\u017cemy podziwia\u0107 precyzj\u0119 jej budowniczych\u00a0<strong>.<\/strong><\/p>\n<p>W ramach wycieczki odwiedzimy r\u00f3wnie\u017c\u00a0<strong>\u00a0\u015awi\u0105tyni\u0119 Doliny<\/strong>\u00a0, kt\u00f3ra nale\u017cy do Piramid Chefrena.<\/p>\n<p>&nbsp;<\/p>\n<h3><strong>Dni i czas trwania:<\/strong><\/h3>\n<p>Wtorek i czwartek<\/p>\n<p>Od p\u00f3\u0142nocy do 23:00 (godzina potwierdzona po dokonaniu rezerwacji).<\/p>\n<p>Wycieczka ca\u0142odniowa (oko\u0142o 23 godzin, wliczaj\u0105c transfery).<\/p>\n<p>&nbsp;<\/p>\n<h3><strong>Program:<\/strong><\/h3>\n<p>Odbi\u00f3r z hotelu pomi\u0119dzy p\u00f3\u0142noc\u0105 a 2 w nocy.<\/p>\n<p>Podr\u00f3\u017c do Kairu klimatyzowanym autobusem.<\/p>\n<p>Odwied\u017a piramidy w Gizie i Sfinksa z angloj\u0119zycznym przewodnikiem.<\/p>\n<p>Odkryj Muzeum Egipskie.<\/p>\n<p>Lunch w formie bufetu, z kt\u00f3rego mo\u017cna korzysta\u0107 do woli w lokalnej restauracji.<\/p>\n<p>Odwied\u017a pracowni\u0119 perfum i papirus\u00f3w.<\/p>\n<p>Opcjonalny rejs po Nilu (10 \u20ac za osob\u0119).<\/p>\n<p>Powr\u00f3t do Hurghady, przybycie oko\u0142o godziny 23.00.<\/p>\n<\/div>\n<\/div>\n<\/div>\n<\/div>\n<div class=\"wpb_wrapper\">\n<div class=\"elementor-element elementor-element-46b7719 elementor-widget elementor-widget-babe-item-steps\" data-id=\"46b7719\" data-element_type=\"widget\" data-widget_type=\"babe-item-steps.default\">\n<div class=\"elementor-widget-container\">\n<div class=\"block_step\">\n<div class=\"block_step_content collapse-body block_active\">\n<div class=\"content\">\n<p>&nbsp;<\/p>\n<\/div>\n<\/div>\n<\/div>\n<\/div>\n<\/div>\n<div class=\"elementor-element elementor-element-4bfce25 elementor-widget-divider--view-line elementor-widget elementor-widget-divider\" data-id=\"4bfce25\" data-element_type=\"widget\" data-widget_type=\"divider.default\">\n<div class=\"elementor-widget-container\">\n<div class=\"elementor-divider\">\n<h2>\u00a0Czas trwania<\/h2>\n<p><strong>Odbi\u00f3r: Oko\u0142o 2:00 rano<\/strong><\/p>\n<\/div>\n<h5><\/h5>\n<\/div>\n<\/div>\n<\/div>\n<\/div>\n<\/div>\n<\/div>\n<\/div>\n<\/div>\n<\/div>\n<\/div>\n<\/div>\n<\/li>\n<\/ul>\n","protected":false},"excerpt":{"rendered":"<p>Kair na jednodniow\u0105 wycieczk\u0119 z Hurghady autobusem Odbieramy\u00a0\u00a0Ci\u0119 z hotelu p\u00f3\u017anym wieczorem i jedziemy do Kairu wygodnym autobusem z toalet\u0105. Czas odbioru to oko\u0142o 1:30 do 2:30 w nocy, w zale\u017cno\u015bci od obszaru Twojego hotelu. Po przybyciu do Kairu przewodnik zabierze Ci\u0119 do\u00a0\u00a0Egyptien Museum\u00a0, gdzie mo\u017cesz zobaczy\u0107 rzadk\u0105 kolekcj\u0119\u00a0\u00a05000 lat\u00a0\u00a0sztuki, kt\u00f3ra jest uwa\u017cana za najwi\u0119ksz\u0105 i najcenniejsz\u0105 kolekcj\u0119 sztuki egipskiej na \u015bwiecie. Zaprezentowano ponad 250 000 oryginalnych artefakt\u00f3w, w tym wystaw\u0119 po\u015bwi\u0119con\u0105\u00a0\u00a0kolekcji skarb\u00f3w\u00a0, z\u0142ota i bi\u017cuterii Tutanchamona, kt\u00f3ra zosta\u0142a zamkni\u0119ta w jego grobowcu i jego\u00a0\u00a0masce 11 kg\u00a0\u00a0z jego\u00a0\u00a0trumn\u0105 110 kg czystego z\u0142ota. Zjedz egipski\u00a0\u00a0obiad\u00a0\u00a0w tradycyjnej restauracji. Przewodnik\u00a0\u00a0\u00a0b\u0119dzie Ci towarzyszy\u0142 w Twojej przygodzie odkrywania wspania\u0142ych\u00a0\u00a0piramid Cheopsa, Chefrena i Mykeriny, Sfinksa\u00a0\u00a0z g\u0142ow\u0105 faraona i cia\u0142em lwa, kt\u00f3ry pochodzi z czas\u00f3w panowania kr\u00f3la Chefrena.\u00a0\u00a0\u015awi\u0105tynia Doliny\u00a0\u00a0Piramidy Chefrena jest r\u00f3wnie\u017c wspania\u0142ym dzie\u0142em staro\u017cytnej architektury, dlatego mo\u017cemy podziwia\u0107 precyzj\u0119 jej budowniczych\u00a0. W ramach wycieczki odwiedzimy r\u00f3wnie\u017c\u00a0\u00a0\u015awi\u0105tyni\u0119 Doliny\u00a0, kt\u00f3ra nale\u017cy do Piramid Chefrena. &nbsp; Dni i czas trwania: Wtorek i czwartek Od p\u00f3\u0142nocy do 23:00 (godzina potwierdzona po dokonaniu rezerwacji). Wycieczka ca\u0142odniowa (oko\u0142o 23 godzin, wliczaj\u0105c transfery). &nbsp; Program: Odbi\u00f3r z hotelu pomi\u0119dzy p\u00f3\u0142noc\u0105 a 2 w nocy. Podr\u00f3\u017c do Kairu klimatyzowanym autobusem. Odwied\u017a piramidy w Gizie i Sfinksa z angloj\u0119zycznym przewodnikiem. Odkryj Muzeum Egipskie. Lunch w formie bufetu, z kt\u00f3rego mo\u017cna korzysta\u0107 do woli w lokalnej restauracji. Odwied\u017a pracowni\u0119 perfum i papirus\u00f3w. Opcjonalny rejs po Nilu (10 \u20ac za osob\u0119). Powr\u00f3t do Hurghady, przybycie oko\u0142o godziny 23.00. &nbsp; \u00a0Czas trwania Odbi\u00f3r: Oko\u0142o 2:00 rano<\/p>\n","protected":false},"featured_media":13692,"comment_status":"open","ping_status":"closed","template":"","meta":{"_monsterinsights_skip_tracking":false,"_monsterinsights_sitenote_active":false,"_monsterinsights_sitenote_note":"","_monsterinsights_sitenote_category":0},"product_brand":[],"product_cat":[97],"product_tag":[],"class_list":{"0":"post-13691","1":"product","2":"type-product","3":"status-publish","4":"has-post-thumbnail","6":"product_cat-podroze-historyczne","8":"first","9":"instock","10":"shipping-taxable","11":"purchasable","12":"product-type-ovabrw_car_rental"},"_links":{"self":[{"href":"http:\/\/trips-adam.com\/pl\/wp-json\/wp\/v2\/product\/13691","targetHints":{"allow":["GET"]}}],"collection":[{"href":"http:\/\/trips-adam.com\/pl\/wp-json\/wp\/v2\/product"}],"about":[{"href":"http:\/\/trips-adam.com\/pl\/wp-json\/wp\/v2\/types\/product"}],"replies":[{"embeddable":true,"href":"http:\/\/trips-adam.com\/pl\/wp-json\/wp\/v2\/comments?post=13691"}],"wp:featuredmedia":[{"embeddable":true,"href":"http:\/\/trips-adam.com\/pl\/wp-json\/wp\/v2\/media\/13692"}],"wp:attachment":[{"href":"http:\/\/trips-adam.com\/pl\/wp-json\/wp\/v2\/media?parent=13691"}],"wp:term":[{"taxonomy":"product_brand","embeddable":true,"href":"http:\/\/trips-adam.com\/pl\/wp-json\/wp\/v2\/product_brand?post=13691"},{"taxonomy":"product_cat","embeddable":true,"href":"http:\/\/trips-adam.com\/pl\/wp-json\/wp\/v2\/product_cat?post=13691"},{"taxonomy":"product_tag","embeddable":true,"href":"http:\/\/trips-adam.com\/pl\/wp-json\/wp\/v2\/product_tag?post=13691"}],"curies":[{"name":"wp","href":"https:\/\/api.w.org\/{rel}","templated":true}]}}