{"id":13733,"date":"2025-05-29T18:16:22","date_gmt":"2025-05-29T18:16:22","guid":{"rendered":"http:\/\/trips-adam.com\/?post_type=product&#038;p=13733"},"modified":"2026-04-02T06:04:57","modified_gmt":"2026-04-02T06:04:57","slug":"kair-w-ciagu-jednodniowej-wycieczki-z-hurghady-samolotem","status":"publish","type":"product","link":"http:\/\/trips-adam.com\/pl\/produkt\/kair-w-ciagu-jednodniowej-wycieczki-z-hurghady-samolotem\/","title":{"rendered":"Kair w ci\u0105gu jednodniowej wycieczki z Hurghady samolotem"},"content":{"rendered":"<ul>\n<li class=\"nonelist\">\n<div class=\"elementor-element elementor-element-f85dd7f elementor-widget elementor-widget-heading\" data-id=\"f85dd7f\" data-element_type=\"widget\" data-widget_type=\"heading.default\">\n<div class=\"elementor-widget-container\">\n<div class=\"elementor-element elementor-element-f85dd7f elementor-widget elementor-widget-heading\" data-id=\"f85dd7f\" data-element_type=\"widget\" data-widget_type=\"heading.default\">\n<div class=\"elementor-widget-container\">\n<div class=\"elementor-element elementor-element-f85dd7f elementor-widget elementor-widget-heading\" data-id=\"f85dd7f\" data-element_type=\"widget\" data-widget_type=\"heading.default\">\n<div class=\"elementor-widget-container\">\n<div class=\"elementor-element elementor-element-f85dd7f elementor-widget elementor-widget-heading\" data-id=\"f85dd7f\" data-element_type=\"widget\" data-widget_type=\"heading.default\">\n<div class=\"elementor-widget-container\">\n<div class=\"ovabrw_product_title\">\n<div class=\"heading left\">\n<div class=\"heading left\">\n<div class=\"heading left\">\n<div class=\"heading left\">\n<div class=\"heading left\">\n<div class=\"heading left\">\n<div class=\"heading left\">\n<h2>Przegl\u0105d<\/h2>\n<h3>Hurghada: Ca\u0142odniowa wycieczka do Kairu samolotem<\/h3>\n<p>Le\u0107 z Hurghady do Kairu w zaledwie godzin\u0119 i zanurz si\u0119 w bogatej historii i kulturze Egiptu podczas tej ca\u0142odniowej wycieczki. Odkryj kultowe piramidy w Gizie, podziwiaj Sfinksa i odkryj skarby Muzeum Egipskiego. Po po\u0142udniu ciesz si\u0119 zakupami na t\u0119tni\u0105cym \u017cyciem bazarze Khan el-Khalili.<\/p>\n<h3><strong>Przegl\u0105d najwa\u017cniejszych wydarze\u0144:<\/strong><\/h3>\n<div class=\"wpb_text_column wpb_content_element \">\n<div class=\"wpb_wrapper\">\n<ul>\n<li>Muzeum Egipskie<\/li>\n<li>Rzadka kolekcja sztuki egipskiej<\/li>\n<li>Pok\u00f3j Tutanchamona ze skarbem<\/li>\n<li>Zapoznaj si\u0119 ze zbiorami muzeum, kt\u00f3re licz\u0105 ponad 120 000 obiekt\u00f3w<\/li>\n<li>Podziwiaj eksponaty, kt\u00f3re maj\u0105 ponad 5000 lat<\/li>\n<li>Wielkie Piramidy, jeden z Siedmiu Cud\u00f3w Staro\u017cytnego \u015awiata<\/li>\n<li>Piramidy Cheopsa, Chefrena i Mykerinosa<\/li>\n<li>Wielki Sfinks<\/li>\n<li>\u015awi\u0105tynia Doliny<\/li>\n<li>Wiele wspania\u0142ych przystank\u00f3w na zdj\u0119cia<\/li>\n<li>Zjedz pyszny lunch w lokalnej restauracji w Cair<\/li>\n<\/ul>\n<p>&nbsp;<\/p>\n<div class=\"activity-accordion-item-header\">\n<h3 class=\"activity-accordion-item__title\"><strong>Wa\u017cne informacje:<\/strong><\/h3>\n<div class=\"activity-important-information__content\" data-v-2a08770a=\"\">\n<p class=\"activity-important-information__title\" data-v-2a08770a=\"\"><strong>Co zabra\u0107<\/strong><\/p>\n<section class=\"toggle-content\" data-v-2a08770a=\"\" data-v-59485d64=\"\">\n<div class=\"toggle-content__content\" data-v-59485d64=\"\">\n<ul class=\"activity-important-information__list to-bring\" data-v-2a08770a=\"\">\n<li class=\"activity-important-information__item\" data-v-2a08770a=\"\">Paszport lub dow\u00f3d osobisty<\/li>\n<li class=\"activity-important-information__item\" data-v-2a08770a=\"\">Wygodne ubrania<\/li>\n<\/ul>\n<h2>\u00a0Czas trwania<\/h2>\n<p><strong>Odbi\u00f3r: Oko\u0142o 5:00 rano<\/strong><\/p>\n<\/div>\n<\/section>\n<\/div>\n<div class=\"activity-important-information__content\" data-v-2a08770a=\"\">\n<h5><\/h5>\n<\/div>\n<\/div>\n<\/div>\n<\/div>\n<\/div>\n<\/div>\n<\/div>\n<\/div>\n<\/div>\n<\/div>\n<\/div>\n<\/div>\n<\/div>\n<\/div>\n<\/div>\n<\/div>\n<\/div>\n<\/div>\n<\/div>\n<\/div>\n<\/li>\n<\/ul>\n","protected":false},"excerpt":{"rendered":"<p>Przegl\u0105d Hurghada: Ca\u0142odniowa wycieczka do Kairu samolotem Le\u0107 z Hurghady do Kairu w zaledwie godzin\u0119 i zanurz si\u0119 w bogatej historii i kulturze Egiptu podczas tej ca\u0142odniowej wycieczki. Odkryj kultowe piramidy w Gizie, podziwiaj Sfinksa i odkryj skarby Muzeum Egipskiego. Po po\u0142udniu ciesz si\u0119 zakupami na t\u0119tni\u0105cym \u017cyciem bazarze Khan el-Khalili. Przegl\u0105d najwa\u017cniejszych wydarze\u0144: Muzeum Egipskie Rzadka kolekcja sztuki egipskiej Pok\u00f3j Tutanchamona ze skarbem Zapoznaj si\u0119 ze zbiorami muzeum, kt\u00f3re licz\u0105 ponad 120 000 obiekt\u00f3w Podziwiaj eksponaty, kt\u00f3re maj\u0105 ponad 5000 lat Wielkie Piramidy, jeden z Siedmiu Cud\u00f3w Staro\u017cytnego \u015awiata Piramidy Cheopsa, Chefrena i Mykerinosa Wielki Sfinks \u015awi\u0105tynia Doliny Wiele wspania\u0142ych przystank\u00f3w na zdj\u0119cia Zjedz pyszny lunch w lokalnej restauracji w Cair &nbsp; Wa\u017cne informacje: Co zabra\u0107 Paszport lub dow\u00f3d osobisty Wygodne ubrania \u00a0Czas trwania Odbi\u00f3r: Oko\u0142o 5:00 rano<\/p>\n","protected":false},"featured_media":13696,"comment_status":"open","ping_status":"closed","template":"","meta":{"_monsterinsights_skip_tracking":false,"_monsterinsights_sitenote_active":false,"_monsterinsights_sitenote_note":"","_monsterinsights_sitenote_category":0},"product_brand":[],"product_cat":[97],"product_tag":[],"class_list":{"0":"post-13733","1":"product","2":"type-product","3":"status-publish","4":"has-post-thumbnail","6":"product_cat-podroze-historyczne","8":"first","9":"instock","10":"shipping-taxable","11":"purchasable","12":"product-type-ovabrw_car_rental"},"_links":{"self":[{"href":"http:\/\/trips-adam.com\/pl\/wp-json\/wp\/v2\/product\/13733","targetHints":{"allow":["GET"]}}],"collection":[{"href":"http:\/\/trips-adam.com\/pl\/wp-json\/wp\/v2\/product"}],"about":[{"href":"http:\/\/trips-adam.com\/pl\/wp-json\/wp\/v2\/types\/product"}],"replies":[{"embeddable":true,"href":"http:\/\/trips-adam.com\/pl\/wp-json\/wp\/v2\/comments?post=13733"}],"wp:featuredmedia":[{"embeddable":true,"href":"http:\/\/trips-adam.com\/pl\/wp-json\/wp\/v2\/media\/13696"}],"wp:attachment":[{"href":"http:\/\/trips-adam.com\/pl\/wp-json\/wp\/v2\/media?parent=13733"}],"wp:term":[{"taxonomy":"product_brand","embeddable":true,"href":"http:\/\/trips-adam.com\/pl\/wp-json\/wp\/v2\/product_brand?post=13733"},{"taxonomy":"product_cat","embeddable":true,"href":"http:\/\/trips-adam.com\/pl\/wp-json\/wp\/v2\/product_cat?post=13733"},{"taxonomy":"product_tag","embeddable":true,"href":"http:\/\/trips-adam.com\/pl\/wp-json\/wp\/v2\/product_tag?post=13733"}],"curies":[{"name":"wp","href":"https:\/\/api.w.org\/{rel}","templated":true}]}}