{"id":13785,"date":"2025-05-29T18:46:34","date_gmt":"2025-05-29T18:46:34","guid":{"rendered":"http:\/\/trips-adam.com\/?post_type=product&#038;p=13785"},"modified":"2026-04-02T06:06:10","modified_gmt":"2026-04-02T06:06:10","slug":"pokaz-delfinow","status":"publish","type":"product","link":"http:\/\/trips-adam.com\/pl\/produkt\/pokaz-delfinow\/","title":{"rendered":"Pokaz delfin\u00f3w"},"content":{"rendered":"<ul>\n<li class=\"nonelist\">\n<div class=\"elementor-element elementor-element-f85dd7f elementor-widget elementor-widget-heading\" data-id=\"f85dd7f\" data-element_type=\"widget\" data-widget_type=\"heading.default\">\n<div class=\"elementor-widget-container\">\n<div class=\"elementor-element elementor-element-f85dd7f elementor-widget elementor-widget-heading\" data-id=\"f85dd7f\" data-element_type=\"widget\" data-widget_type=\"heading.default\">\n<div class=\"elementor-widget-container\">\n<div class=\"elementor-element elementor-element-f85dd7f elementor-widget elementor-widget-heading\" data-id=\"f85dd7f\" data-element_type=\"widget\" data-widget_type=\"heading.default\">\n<div class=\"elementor-widget-container\">\n<div class=\"elementor-element elementor-element-f85dd7f elementor-widget elementor-widget-heading\" data-id=\"f85dd7f\" data-element_type=\"widget\" data-widget_type=\"heading.default\">\n<div class=\"elementor-widget-container\">\n<div class=\"ovabrw_product_title\">\n<div class=\"heading left\">\n<div class=\"heading left\">\n<div class=\"heading left\">\n<div class=\"heading left\">\n<div class=\"heading left\">\n<div class=\"heading left\">\n<div class=\"heading left\">\n<h2>Przegl\u0105d<\/h2>\n<h2>Pokaz delfin\u00f3w z Hurghady<\/h2>\n<p>Ciesz si\u0119 pe\u0142nym zabawy porankiem z odbiorem z hotelu i transferem na ekscytuj\u0105cy 1-godzinny pokaz delfin\u00f3w w Hurghadzie. Pokaz obejmuje cztery urzekaj\u0105ce wyst\u0119py, zaczynaj\u0105c od ta\u0144cz\u0105cych kot\u00f3w morskich (foki), a nast\u0119pnie muzycznego morsa, energicznego lwa morskiego i ol\u015bniewaj\u0105cego fina\u0142u z trzema zabawnymi delfinami wykonuj\u0105cymi sztuczki, a nawet maluj\u0105cymi. Po pokazie zostaniesz odwieziony z powrotem do hotelu.<\/p>\n<p>&nbsp;<\/p>\n<div class=\"vc_row wpb_row vc_row-fluid\">\n<div class=\"wpb_column vc_column_container vc_col-sm-12\">\n<div class=\"vc_column-inner\">\n<div class=\"wpb_wrapper\">\n<div class=\"heading left\">\n<div class=\"vc_row wpb_row vc_row-fluid\">\n<div class=\"wpb_column vc_column_container vc_col-sm-12\">\n<div class=\"vc_column-inner\">\n<div class=\"wpb_wrapper\">\n<div class=\"heading left\">\n<h3><strong>Przegl\u0105d najwa\u017cniejszych wydarze\u0144:<\/strong><\/h3>\n<\/div>\n<\/div>\n<\/div>\n<\/div>\n<\/div>\n<div class=\"vc_row wpb_row vc_row-fluid\">\n<div class=\"wpb_column vc_column_container vc_col-sm-12\">\n<div class=\"vc_column-inner\">\n<div class=\"wpb_wrapper\">\n<div class=\"wpb_text_column wpb_content_element \">\n<div class=\"wpb_wrapper\">\n<ul>\n<li>Poznaj delfiny z bliska<\/li>\n<li>Przekonaj si\u0119 sam o ich niezwyk\u0142ej inteligencji i uroku<\/li>\n<li>Ciesz si\u0119 podziwianym pokazem z udzia\u0142em delfina i przyjaznego lwa morskiego<\/li>\n<\/ul>\n<\/div>\n<h3><strong>Czas trwania<\/strong><\/h3>\n<p>Pierwsza podr\u00f3\u017c:<\/p>\n<p>Odbi\u00f3r: Oko\u0142o 09:30 rano (w zale\u017cno\u015bci od lokalizacji hotelu w Hurghadzie) Ekspedycja w sobot\u0119<\/p>\n<p>Druga podr\u00f3\u017c:<\/p>\n<p>Odbi\u00f3r: Oko\u0142o 15:30 (w zale\u017cno\u015bci od lokalizacji hotelu w Hurghadzie) Codziennie<\/p>\n<\/div>\n<\/div>\n<\/div>\n<\/div>\n<\/div>\n<\/div>\n<\/div>\n<\/div>\n<\/div>\n<\/div>\n<div class=\"vc_row wpb_row vc_row-fluid\">\n<div class=\"wpb_column vc_column_container vc_col-sm-12\">\n<div class=\"vc_column-inner\">\n<div class=\"wpb_wrapper\">\n<div class=\"wpb_text_column wpb_content_element \">\n<div class=\"wpb_wrapper\">\n<div class=\"heading left\">\n<div class=\"heading left\">\n<h5><\/h5>\n<\/div>\n<\/div>\n<\/div>\n<\/div>\n<\/div>\n<\/div>\n<\/div>\n<\/div>\n<div class=\"vc_row wpb_row vc_row-fluid\">\n<div class=\"wpb_column vc_column_container vc_col-sm-12\">\n<div class=\"vc_column-inner\">\n<div class=\"wpb_wrapper\">\n<div class=\"wpb_text_column wpb_content_element \">\n<div class=\"wpb_wrapper\">\n<div class=\"heading left\">\n<div class=\"wpb_text_column wpb_content_element \">\n<div class=\"wpb_wrapper\"><\/div>\n<\/div>\n<\/div>\n<\/div>\n<\/div>\n<\/div>\n<\/div>\n<\/div>\n<\/div>\n<\/div>\n<\/div>\n<\/div>\n<\/div>\n<\/div>\n<\/div>\n<\/div>\n<\/div>\n<\/div>\n<\/div>\n<\/div>\n<\/div>\n<\/div>\n<\/div>\n<\/div>\n<\/div>\n<\/li>\n<\/ul>\n","protected":false},"excerpt":{"rendered":"<p>Przegl\u0105d Pokaz delfin\u00f3w z Hurghady Ciesz si\u0119 pe\u0142nym zabawy porankiem z odbiorem z hotelu i transferem na ekscytuj\u0105cy 1-godzinny pokaz delfin\u00f3w w Hurghadzie. Pokaz obejmuje cztery urzekaj\u0105ce wyst\u0119py, zaczynaj\u0105c od ta\u0144cz\u0105cych kot\u00f3w morskich (foki), a nast\u0119pnie muzycznego morsa, energicznego lwa morskiego i ol\u015bniewaj\u0105cego fina\u0142u z trzema zabawnymi delfinami wykonuj\u0105cymi sztuczki, a nawet maluj\u0105cymi. Po pokazie zostaniesz odwieziony z powrotem do hotelu. &nbsp; Przegl\u0105d najwa\u017cniejszych wydarze\u0144: Poznaj delfiny z bliska Przekonaj si\u0119 sam o ich niezwyk\u0142ej inteligencji i uroku Ciesz si\u0119 podziwianym pokazem z udzia\u0142em delfina i przyjaznego lwa morskiego Czas trwania Pierwsza podr\u00f3\u017c: Odbi\u00f3r: Oko\u0142o 09:30 rano (w zale\u017cno\u015bci od lokalizacji hotelu w Hurghadzie) Ekspedycja w sobot\u0119 Druga podr\u00f3\u017c: Odbi\u00f3r: Oko\u0142o 15:30 (w zale\u017cno\u015bci od lokalizacji hotelu w Hurghadzie) Codziennie<\/p>\n","protected":false},"featured_media":13786,"comment_status":"open","ping_status":"closed","template":"","meta":{"_monsterinsights_skip_tracking":false,"_monsterinsights_sitenote_active":false,"_monsterinsights_sitenote_note":"","_monsterinsights_sitenote_category":0},"product_brand":[],"product_cat":[98],"product_tag":[],"class_list":{"0":"post-13785","1":"product","2":"type-product","3":"status-publish","4":"has-post-thumbnail","6":"product_cat-wycieczki-rodzinne","8":"first","9":"instock","10":"shipping-taxable","11":"purchasable","12":"product-type-ovabrw_car_rental"},"_links":{"self":[{"href":"http:\/\/trips-adam.com\/pl\/wp-json\/wp\/v2\/product\/13785","targetHints":{"allow":["GET"]}}],"collection":[{"href":"http:\/\/trips-adam.com\/pl\/wp-json\/wp\/v2\/product"}],"about":[{"href":"http:\/\/trips-adam.com\/pl\/wp-json\/wp\/v2\/types\/product"}],"replies":[{"embeddable":true,"href":"http:\/\/trips-adam.com\/pl\/wp-json\/wp\/v2\/comments?post=13785"}],"wp:featuredmedia":[{"embeddable":true,"href":"http:\/\/trips-adam.com\/pl\/wp-json\/wp\/v2\/media\/13786"}],"wp:attachment":[{"href":"http:\/\/trips-adam.com\/pl\/wp-json\/wp\/v2\/media?parent=13785"}],"wp:term":[{"taxonomy":"product_brand","embeddable":true,"href":"http:\/\/trips-adam.com\/pl\/wp-json\/wp\/v2\/product_brand?post=13785"},{"taxonomy":"product_cat","embeddable":true,"href":"http:\/\/trips-adam.com\/pl\/wp-json\/wp\/v2\/product_cat?post=13785"},{"taxonomy":"product_tag","embeddable":true,"href":"http:\/\/trips-adam.com\/pl\/wp-json\/wp\/v2\/product_tag?post=13785"}],"curies":[{"name":"wp","href":"https:\/\/api.w.org\/{rel}","templated":true}]}}